{"id":1182,"date":"2021-08-25T12:54:56","date_gmt":"2021-08-25T10:54:56","guid":{"rendered":"https:\/\/dev.presta-service.fr\/?page_id=1182"},"modified":"2022-05-05T13:00:02","modified_gmt":"2022-05-05T11:00:02","slug":"nos-agences","status":"publish","type":"page","link":"https:\/\/www.presta-service.fr\/en\/nos-agences\/","title":{"rendered":"Our offices"},"content":{"rendered":"<h2 class=\"has-text-align-center\"><span class=\"has-inline-color has-black-color\"><i class=\"fas fa-level-down-alt mediasm\" style=\"transform: scale(-1 , 1); color:#c8140f;\"><\/i> Presta International <i class=\"fas fa-level-down-alt mediasm\" style=\"color: #c8140f;\"><\/i><\/span><\/h2>\n\n\n<style type=\"text\/css\" id=\"gmpMapStyles_1_71783\">\r\n\t#google_map_easy_1_71783 {\r\n        width: 100%;\r\n        height: 400px;\r\n\t\t\t\t\t\t    }\r\n\t#gmapControlsNum_1_71783 {\r\n\t\twidth:100%\t}\r\n\t.gmpMapDetailsContainer#gmpMapDetailsContainer_1_71783 {\r\n\t\theight:400px;\r\n\t}\r\n\t.gmp_MapPreview#google_map_easy_1_71783 {\r\n\t\t\/*position:absolute;*\/\r\n\t\twidth: 100%;\r\n\t}\r\n\t#mapConElem_1_71783{\r\n\t\twidth: 100%\t}\r\n    .gm-style .gm-style-iw-c{\r\n        padding: 12px!important;\r\n    }\r\n\t    <\/style>\r\n <div class=\"gmp_map_opts\" id=\"mapConElem_1_71783\" data-id=\"1\" data-view-id=\"1_71783\" > <div class=\"gmpMapDetailsContainer\" id=\"gmpMapDetailsContainer_1_71783\"> <i class=\"gmpKMLLayersPreloader fa fa-spinner fa-spin\" aria-hidden=\"true\" style=\"display: none;\"><\/i> <div class=\"gmp_MapPreview\" id=\"google_map_easy_1_71783\"><\/div> <\/div> <div class=\"gmpMapMarkerFilters\" id=\"gmpMapMarkerFilters_1_71783\"> <\/div> <div class=\"gmpMapProControlsCon\" id=\"gmpMapProControlsCon_1_71783\"> <a title=\"WordPress Map Plugin\" style=\"display:none;\" href=\"https:\/\/supsystic.com\/plugins\/google-maps-plugin\/?utm_medium=love_link_hide\" target=\"_blank\">WordPress Map Plugin<\/a><div style=\"clear: both;\"><\/div> <\/div> <div class=\"gmpMapProDirectionsCon\" id=\"gmpMapProDirectionsCon_1_71783\" > <\/div> <div class=\"gmpMapProKmlFilterCon\" id=\"gmpMapProKmlFilterCon_1_71783\" > <\/div> <div class=\"gmpSocialSharingShell gmpSocialSharingShell_1_71783\"> <\/div> <div style=\"clear: both;\"><\/div> <\/div> \n\n\n\n<div style=\"height:70px\" aria-hidden=\"true\" class=\"wp-block-spacer\"><\/div>\n\n\n\n<div class=\"is-layout-flex wp-container-3 wp-block-columns\" id=\"alignFR\">\n<div class=\"is-layout-flow wp-block-column\" style=\"flex-basis:33.33%\">\n<h2>France<\/h2>\n<\/div>\n\n\n\n<div class=\"is-layout-flow wp-block-column\" style=\"flex-basis:66.66%\">\n<p><\/p>\n<\/div>\n<\/div>\n\n\n\n<hr class=\"wp-block-separator has-text-color has-background is-style-wide\" style=\"background-color:#c8140f;color:#c8140f\"\/>\n\n\n\n<div class=\"is-layout-flex wp-container-9 wp-block-columns\">\n<div class=\"is-layout-flow wp-block-column\" style=\"flex-basis:66.66%\">\n<p><mark style=\"background-color:rgba(0, 0, 0, 0)\" class=\"has-inline-color has-black-color\">We have 2 offices in France : <\/mark><mark style=\"background-color:rgba(0, 0, 0, 0);color:#c8140f\" class=\"has-inline-color\">Presta Service<\/mark><mark style=\"background-color:rgba(0, 0, 0, 0)\" class=\"has-inline-color has-black-color\"> and <\/mark><mark style=\"background-color:rgba(0, 0, 0, 0);color:#c8140f\" class=\"has-inline-color\">Presta Maintenance<\/mark><mark style=\"background-color:rgba(0, 0, 0, 0)\" class=\"has-inline-color has-black-color\">.<\/mark><\/p>\n\n\n\n<div class=\"is-layout-flex wp-container-6 wp-block-columns\">\n<div class=\"is-layout-flow wp-block-column\" id=\"colflex\"><div class=\"card-ct\">\r\n    <div class=\"box\">\r\n      <div class=\"content\">\r\n        <h3>\r\n\t\t\t\t\tPresta Service\r\n\t\t\t\t<\/h3>\r\n\t\t\t<hr class=\"unique\">\r\n\t\t\t\t<div id=\"contactbtn\">\r\n\t\t\t\t\t<! -- NUMERO TELEPHONE -->\r\n\t\t\t\t\t<a href=\"tel: 33586300816\" class=\"others\"><i class=\"fas fa-phone-alt\"><\/i><span class=\"item-label\">05 86 30 08 16<\/span><\/a>\r\n\t\t\t\t\t\r\n\t\t\t\t\t<! -- MAIL -->\r\n\t\t\t\t\t<a href=\"mailto:contact@presta-service.fr\" class=\"others\"><i class=\"fas fa-envelope\"><\/i><\/a>\r\n\t\t\t\t\t\r\n\t\t\t\t\t<! -- LIEN LINKEDIN (si changement) -->\r\n\t\t\t\t\t<a href=\"https:\/\/www.linkedin.com\/company\/presta-service\/\" id=\"LinkedInbtn\"><i class=\"fab fa-linkedin-in\"><\/i><\/a>\r\n  \t\t\t<\/div>\r\n      <\/div>\r\n    <\/div>\r\n<\/div>\n<\/div>\n\n\n\n<div class=\"is-layout-flow wp-block-column\" id=\"colflex\">\n<\/div>\n<\/div>\n\n\n\n<p><mark style=\"background-color:rgba(0, 0, 0, 0)\" class=\"has-inline-color has-black-color\"><strong>Our team :<\/strong><\/mark><\/p>\n\n\n<div id=\"profilecard\">\r\n\t<button class=\"accordion\">\u00c9quipe PRESTA SERVICE<\/button>\r\n<div class=\"panel\">\r\n  <div class=\"row\">\r\n    <div class=\"col-12 col-sm-6 col-md-6 col-lg-4\">\r\n      <div class=\"our-team\">\r\n        <div class=\"team-content\">\r\n          <h3 class=\"name\">Patrice Prioux<\/h3>\r\n          <h4 class=\"title\">Chairman<\/h4>\r\n        <\/div>\r\n      <\/div>\r\n    <\/div>\r\n\t\t<div class=\"col-12 col-sm-6 col-md-6 col-lg-4\">\r\n      <div class=\"our-team\">\r\n        <div class=\"team-content\">\r\n          <h3 class=\"name\">Karine Prioux<\/h3>\r\n          <h4 class=\"title\">Agency Manager<\/h4>\r\n        <\/div>\r\n      <\/div>\r\n    <\/div>\r\n\t\t<div class=\"col-12 col-sm-6 col-md-6 col-lg-4\">\r\n      <div class=\"our-team\">\r\n        <div class=\"team-content\">\r\n          <h3 class=\"name\">Delphine Servouze<\/h3>\r\n          <h4 class=\"title\">Business Manager<\/h4>\r\n        <\/div>\r\n      <\/div>\r\n    <\/div>\r\n\t\t<div class=\"col-12 col-sm-6 col-md-6 col-lg-4\">\r\n      <div class=\"our-team\">\r\n        <div class=\"team-content\">\r\n          <h3 class=\"name\">Emmanuel Julien<\/h3>\r\n          <h4 class=\"title\">Business Manager<\/h4>\r\n        <\/div>\r\n      <\/div>\r\n    <\/div>\r\n\t\t<div class=\"col-12 col-sm-6 col-md-6 col-lg-4\">\r\n      <div class=\"our-team\">\r\n        <div class=\"team-content\">\r\n          <h3 class=\"name\">Camille Breton<\/h3>\r\n          <h4 class=\"title\">Charg\u00e9e de Client\u00e8le Junior<\/h4>\r\n        <\/div>\r\n      <\/div>\r\n    <\/div>\r\n\t\t<div class=\"col-12 col-sm-6 col-md-6 col-lg-4\">\r\n      <div class=\"our-team\">\r\n        <div class=\"team-content\">\r\n          <h3 class=\"name\">Cindy Clerget<\/h3>\r\n          <h4 class=\"title\">Responsable Comptable<\/h4>\r\n        <\/div>\r\n      <\/div>\r\n    <\/div>\r\n\t\t<div class=\"col-12 col-sm-6 col-md-6 col-lg-4\">\r\n      <div class=\"our-team\">\r\n        <div class=\"team-content\">\r\n          <h3 class=\"name\">Brigitte Prioux<\/h3>\r\n          <h4 class=\"title\">Business Manager<\/h4>\r\n        <\/div>\r\n      <\/div>\r\n    <\/div>\r\n\t\t<div class=\"col-12 col-sm-6 col-md-6 col-lg-4\">\r\n      <div class=\"our-team\">\r\n        <div class=\"team-content\">\r\n          <h3 class=\"name\">M\u00e9line Granger<\/h3>\r\n          <h4 class=\"title\">Charg\u00e9e de Client\u00e8le Junior<\/h4>\r\n        <\/div>\r\n      <\/div>\r\n    <\/div>\r\n\t\t<div class=\"col-12 col-sm-6 col-md-6 col-lg-4\">\r\n      <div class=\"our-team\">\r\n        <div class=\"team-content\">\r\n          <h3 class=\"name\">Arthur Prioux<\/h3>\r\n          <h4 class=\"title\">Business Development Manager<\/h4>\r\n        <\/div>\r\n      <\/div>\r\n    <\/div>\r\n\t\t<div class=\"col-12 col-sm-6 col-md-6 col-lg-4\">\r\n      <div class=\"our-team\">\r\n        <div class=\"team-content\">\r\n          <h3 class=\"name\">Alicia Fayet<\/h3>\r\n          <h4 class=\"title\">Junior Client Manager<\/h4>\r\n        <\/div>\r\n      <\/div>\r\n    <\/div>\r\n\t\t<div class=\"col-12 col-sm-6 col-md-6 col-lg-4\">\r\n      <div class=\"our-team\">\r\n        <div class=\"team-content\">\r\n          <h3 class=\"name\">Ina\u00f6 Paris<\/h3>\r\n          <h4 class=\"title\">Charg\u00e9 de Client\u00e8le junior<\/h4>\r\n        <\/div>\r\n      <\/div>\r\n    <\/div>\r\n  <\/div>\r\n<\/div>\r\n\t\r\n\t<!-- EQUIPE PRESTA MAINTENANCE -->\r\n\t<button class=\"accordion\">\u00c9quipe PRESTA MAINTENANCE<\/button>\r\n\t<div class=\"panel\">\r\n\t\t<div class=\"row\">\r\n\t\t<div class=\"col-12 col-sm-6 col-md-6 col-lg-4\">\r\n      <div class=\"our-team\">\r\n        <div class=\"team-content\">\r\n          <h3 class=\"name\">Jean-Fran\u00e7ois Piard<\/h3>\r\n          <h4 class=\"title\">G\u00e9rant (Associ\u00e9)<\/h4>\r\n        <\/div>\r\n      <\/div>\r\n    <\/div>\r\n\t\t<div class=\"col-12 col-sm-6 col-md-6 col-lg-4\">\r\n      <div class=\"our-team\">\r\n        <div class=\"team-content\">\r\n          <h3 class=\"name\">V\u00e9ronique Barb\u00e9<\/h3>\r\n          <h4 class=\"title\">Responsable op\u00e9rationnel<\/h4>\r\n        <\/div>\r\n      <\/div>\r\n    <\/div>\r\n\t\t<div class=\"col-12 col-sm-6 col-md-6 col-lg-4\">\r\n      <div class=\"our-team\">\r\n        <div class=\"team-content\">\r\n          <h3 class=\"name\">Nad\u00e8ge Goud<\/h3>\r\n          <h4 class=\"title\">Executive Assistant<\/h4>\r\n        <\/div>\r\n      <\/div>\r\n    <\/div>\r\n\t\t\t<div class=\"col-12 col-sm-6 col-md-6 col-lg-4\">\r\n      <div class=\"our-team\">\r\n        <div class=\"team-content\">\r\n          <h3 class=\"name\">Charline Giovanelli<\/h3>\r\n          <h4 class=\"title\">Client Manager<\/h4>\r\n        <\/div>\r\n      <\/div>\r\n    <\/div>\r\n\t\t<div class=\"col-12 col-sm-6 col-md-6 col-lg-4\">\r\n      <div class=\"our-team\">\r\n        <div class=\"team-content\">\r\n          <h3 class=\"name\">Fanny Gautheron<\/h3>\r\n          <h4 class=\"title\">Business Manager<\/h4>\r\n        <\/div>\r\n      <\/div>\r\n    <\/div>\r\n\t\t<div class=\"col-12 col-sm-6 col-md-6 col-lg-4\">\r\n      <div class=\"our-team\">\r\n        <div class=\"team-content\">\r\n          <h3 class=\"name\">Laurie Jacon<\/h3>\r\n          <h4 class=\"title\">Business Manager<\/h4>\r\n        <\/div>\r\n      <\/div>\r\n    <\/div>\r\n\t\t\t<div class=\"col-12 col-sm-6 col-md-6 col-lg-4\">\r\n      <div class=\"our-team\">\r\n        <div class=\"team-content\">\r\n          <h3 class=\"name\">Manon Genin<\/h3>\r\n          <h4 class=\"title\">Client Manager<\/h4>\r\n        <\/div>\r\n      <\/div>\r\n    <\/div>\r\n\t\t\t<div class=\"col-12 col-sm-6 col-md-6 col-lg-4\">\r\n      <div class=\"our-team\">\r\n        <div class=\"team-content\">\r\n          <h3 class=\"name\">Meriem Nejjar<\/h3>\r\n          <h4 class=\"title\">Client Manager<\/h4>\r\n        <\/div>\r\n      <\/div>\r\n    <\/div>\r\n\t\t\t<div class=\"col-12 col-sm-6 col-md-6 col-lg-4\">\r\n      <div class=\"our-team\">\r\n        <div class=\"team-content\">\r\n          <h3 class=\"name\">Noemie Adamski<\/h3>\r\n          <h4 class=\"title\">Business Manager<\/h4>\r\n        <\/div>\r\n      <\/div>\r\n    <\/div>\r\n\t\t\t<div class=\"col-12 col-sm-6 col-md-6 col-lg-4\">\r\n      <div class=\"our-team\">\r\n        <div class=\"team-content\">\r\n          <h3 class=\"name\">Samia Ropiot<\/h3>\r\n          <h4 class=\"title\">Business Manager<\/h4>\r\n        <\/div>\r\n      <\/div>\r\n    <\/div>\r\n\t<\/div>\r\n\t<\/div>\r\n<\/div>\n\n\n\n<p><\/p>\n<\/div>\n\n\n\n<div class=\"is-layout-flow wp-block-column\" style=\"flex-basis:33.33%\" id=\"stats-fr\"><div class=\"card-fr\">\r\n    <div class=\"box\">\r\n      <div class=\"content\">\r\n        <h3>\r\n\t\t\t\t\tFrench agency statistics\r\n\t\t\t\t<\/h3>\r\n\t\t\t<hr>\r\n        <h4 style=\"color: #C8140F;\">Number of sites<\/h4>\r\n\t\t\t\t<p style=\"color: #000;\">3710<\/p>\r\n\t\t\t\t<h4 style=\"color: #C8140F;\">Interventions <br>\/ month<\/h4>\r\n\t\t\t\t<p style=\"color: #000;\">1495<\/p>\r\n      <\/div>\r\n    <\/div>\r\n<\/div>\n\n\n\n<p><\/p>\n<\/div>\n<\/div>\n\n\n\n<div style=\"height:70px\" aria-hidden=\"true\" class=\"wp-block-spacer\"><\/div>\n\n\n\n<div class=\"is-layout-flex wp-container-12 wp-block-columns\" id=\"alignES\">\n<div class=\"is-layout-flow wp-block-column\" style=\"flex-basis:33.33%\">\n<h2>Spain<\/h2>\n<\/div>\n\n\n\n<div class=\"is-layout-flow wp-block-column\" style=\"flex-basis:66.66%\">\n<\/div>\n<\/div>\n\n\n\n<hr class=\"wp-block-separator has-text-color has-background is-style-wide\" style=\"background-color:#c8140f;color:#c8140f\"\/>\n\n\n\n<div class=\"is-layout-flex wp-container-15 wp-block-columns\">\n<div class=\"is-layout-flow wp-block-column\" style=\"flex-basis:66.66%\">\n<p><mark style=\"background-color:rgba(0, 0, 0, 0)\" class=\"has-inline-color has-black-color\">We have 1 office in Spain : <\/mark><mark style=\"background-color:rgba(0, 0, 0, 0);color:#c8140f\" class=\"has-inline-color\">Presta <\/mark><mark style=\"background-color:rgba(0, 0, 0, 0);color:#c81444\" class=\"has-inline-color\">Espa\u00f1a<\/mark><\/p>\n\n\n\n<p><mark style=\"background-color:rgba(0, 0, 0, 0)\" class=\"has-inline-color has-black-color\"><strong> <mark style=\"background-color:rgba(0, 0, 0, 0)\" class=\"has-inline-color has-black-color\"><strong>Our team :<\/strong><\/mark> <\/strong><\/mark><\/p>\n\n\n\n<\/div>\n\n\n\n<div class=\"is-layout-flow wp-block-column\" style=\"flex-basis:33.33%\">\n<\/div>\n<\/div>\n\n\n\n<div style=\"height:70px\" aria-hidden=\"true\" class=\"wp-block-spacer\"><\/div>\n\n\n\n<div class=\"is-layout-flex wp-container-18 wp-block-columns\" id=\"alignBEN\">\n<div class=\"is-layout-flow wp-block-column\" style=\"flex-basis:66.66%\">\n<h2>Benelux<\/h2>\n<\/div>\n\n\n\n<div class=\"is-layout-flow wp-block-column\" style=\"flex-basis:33.33%\">\n<\/div>\n<\/div>\n\n\n\n<hr class=\"wp-block-separator has-text-color has-background is-style-wide\" style=\"background-color:#c8140f;color:#c8140f\"\/>\n\n\n\n<div class=\"is-layout-flex wp-container-21 wp-block-columns\">\n<div class=\"is-layout-flow wp-block-column\" style=\"flex-basis:66.66%\">\n<p><mark style=\"background-color:rgba(0, 0, 0, 0)\" class=\"has-inline-color has-black-color\">We have 1 agency covering Belgium, Luxembourg and the Netherlands<\/mark> : <mark style=\"background-color:rgba(0, 0, 0, 0);color:#c8140f\" class=\"has-inline-color\">Presta Benelux<\/mark><\/p>\n\n\n\n<p><mark style=\"background-color:rgba(0, 0, 0, 0)\" class=\"has-inline-color has-black-color\"><strong>Our team :<\/strong><\/mark><\/p>\n\n\n\n<\/div>\n\n\n\n<div class=\"is-layout-flow wp-block-column\" style=\"flex-basis:33.33%\">\n<\/div>\n<\/div>\n\n\n\n<p><\/p>","protected":false},"excerpt":{"rendered":"<p>Presta International France Nous disposons de 2 agences en France : Presta Service ainsi que Presta Maintenance. Notre \u00e9quipe sur place : Espagne Nous disposons de 1 agence en Espagne : Presta Espa\u00f1a Notre \u00e9quipe sur place : Benelux Nous disposons de 1 agence couvrant la Belgique, le Luxembourg et les Pays-bas : Presta Benelux&hellip; <br \/> <a class=\"read-more\" href=\"https:\/\/www.presta-service.fr\/en\/nos-agences\/\">Read more<\/a><\/p>","protected":false},"author":1,"featured_media":0,"parent":0,"menu_order":0,"comment_status":"closed","ping_status":"closed","template":"","meta":[],"yoast_head":"<!-- This site is optimized with the Yoast SEO plugin v20.0 - https:\/\/yoast.com\/wordpress\/plugins\/seo\/ -->\n<title>Nos agences - Presta-Service<\/title>\n<meta name=\"robots\" content=\"index, follow, max-snippet:-1, max-image-preview:large, max-video-preview:-1\" \/>\n<link rel=\"canonical\" href=\"https:\/\/www.presta-service.fr\/en\/nos-agences\/\" \/>\n<meta property=\"og:locale\" content=\"en_GB\" \/>\n<meta property=\"og:type\" content=\"article\" \/>\n<meta property=\"og:title\" content=\"Nos agences - Presta-Service\" \/>\n<meta property=\"og:description\" content=\"Presta International France Nous disposons de 2 agences en France : Presta Service ainsi que Presta Maintenance. Notre \u00e9quipe sur place : Espagne Nous disposons de 1 agence en Espagne : Presta Espa\u00f1a Notre \u00e9quipe sur place : Benelux Nous disposons de 1 agence couvrant la Belgique, le Luxembourg et les Pays-bas : Presta Benelux&hellip; Read more\" \/>\n<meta property=\"og:url\" content=\"https:\/\/www.presta-service.fr\/en\/nos-agences\/\" \/>\n<meta property=\"og:site_name\" content=\"Presta-Service\" \/>\n<meta property=\"article:modified_time\" content=\"2022-05-05T11:00:02+02:00\" \/>\n<meta name=\"twitter:card\" content=\"summary_large_image\" \/>\n<meta name=\"twitter:label1\" content=\"Estimated reading time\" \/>\n\t<meta name=\"twitter:data1\" content=\"1 minute\" \/>\n<script type=\"application\/ld+json\" class=\"yoast-schema-graph\">{\"@context\":\"https:\/\/schema.org\",\"@graph\":[{\"@type\":\"WebPage\",\"@id\":\"https:\/\/www.presta-service.fr\/nos-agences\/\",\"url\":\"https:\/\/www.presta-service.fr\/nos-agences\/\",\"name\":\"Nos agences - Presta-Service\",\"isPartOf\":{\"@id\":\"https:\/\/www.presta-service.fr\/#website\"},\"datePublished\":\"2021-08-25T10:54:56+02:00\",\"dateModified\":\"2022-05-05T11:00:02+02:00\",\"breadcrumb\":{\"@id\":\"https:\/\/www.presta-service.fr\/nos-agences\/#breadcrumb\"},\"inLanguage\":\"en-GB\",\"potentialAction\":[{\"@type\":\"ReadAction\",\"target\":[\"https:\/\/www.presta-service.fr\/nos-agences\/\"]}]},{\"@type\":\"BreadcrumbList\",\"@id\":\"https:\/\/www.presta-service.fr\/nos-agences\/#breadcrumb\",\"itemListElement\":[{\"@type\":\"ListItem\",\"position\":1,\"name\":\"Accueil\",\"item\":\"https:\/\/www.presta-service.fr\/\"},{\"@type\":\"ListItem\",\"position\":2,\"name\":\"Nos agences\"}]},{\"@type\":\"WebSite\",\"@id\":\"https:\/\/www.presta-service.fr\/#website\",\"url\":\"https:\/\/www.presta-service.fr\/\",\"name\":\"Presta-Service\",\"description\":\"\",\"publisher\":{\"@id\":\"https:\/\/www.presta-service.fr\/#organization\"},\"potentialAction\":[{\"@type\":\"SearchAction\",\"target\":{\"@type\":\"EntryPoint\",\"urlTemplate\":\"https:\/\/www.presta-service.fr\/?s={search_term_string}\"},\"query-input\":\"required name=search_term_string\"}],\"inLanguage\":\"en-GB\"},{\"@type\":\"Organization\",\"@id\":\"https:\/\/www.presta-service.fr\/#organization\",\"name\":\"Presta-Service\",\"url\":\"https:\/\/www.presta-service.fr\/\",\"logo\":{\"@type\":\"ImageObject\",\"inLanguage\":\"en-GB\",\"@id\":\"https:\/\/www.presta-service.fr\/#\/schema\/logo\/image\/\",\"url\":\"https:\/\/www.presta-service.fr\/wp-content\/uploads\/2021\/07\/cropped-Logo-prestaservice.png\",\"contentUrl\":\"https:\/\/www.presta-service.fr\/wp-content\/uploads\/2021\/07\/cropped-Logo-prestaservice.png\",\"width\":204,\"height\":80,\"caption\":\"Presta-Service\"},\"image\":{\"@id\":\"https:\/\/www.presta-service.fr\/#\/schema\/logo\/image\/\"}}]}<\/script>\n<!-- \/ Yoast SEO plugin. -->","yoast_head_json":{"title":"Nos agences - Presta-Service","robots":{"index":"index","follow":"follow","max-snippet":"max-snippet:-1","max-image-preview":"max-image-preview:large","max-video-preview":"max-video-preview:-1"},"canonical":"https:\/\/www.presta-service.fr\/en\/nos-agences\/","og_locale":"en_GB","og_type":"article","og_title":"Nos agences - Presta-Service","og_description":"Presta International France Nous disposons de 2 agences en France : Presta Service ainsi que Presta Maintenance. Notre \u00e9quipe sur place : Espagne Nous disposons de 1 agence en Espagne : Presta Espa\u00f1a Notre \u00e9quipe sur place : Benelux Nous disposons de 1 agence couvrant la Belgique, le Luxembourg et les Pays-bas : Presta Benelux&hellip; Read more","og_url":"https:\/\/www.presta-service.fr\/en\/nos-agences\/","og_site_name":"Presta-Service","article_modified_time":"2022-05-05T11:00:02+02:00","twitter_card":"summary_large_image","twitter_misc":{"Estimated reading time":"1 minute"},"schema":{"@context":"https:\/\/schema.org","@graph":[{"@type":"WebPage","@id":"https:\/\/www.presta-service.fr\/nos-agences\/","url":"https:\/\/www.presta-service.fr\/nos-agences\/","name":"Nos agences - Presta-Service","isPartOf":{"@id":"https:\/\/www.presta-service.fr\/#website"},"datePublished":"2021-08-25T10:54:56+02:00","dateModified":"2022-05-05T11:00:02+02:00","breadcrumb":{"@id":"https:\/\/www.presta-service.fr\/nos-agences\/#breadcrumb"},"inLanguage":"en-GB","potentialAction":[{"@type":"ReadAction","target":["https:\/\/www.presta-service.fr\/nos-agences\/"]}]},{"@type":"BreadcrumbList","@id":"https:\/\/www.presta-service.fr\/nos-agences\/#breadcrumb","itemListElement":[{"@type":"ListItem","position":1,"name":"Accueil","item":"https:\/\/www.presta-service.fr\/"},{"@type":"ListItem","position":2,"name":"Nos agences"}]},{"@type":"WebSite","@id":"https:\/\/www.presta-service.fr\/#website","url":"https:\/\/www.presta-service.fr\/","name":"Presta-Service","description":"","publisher":{"@id":"https:\/\/www.presta-service.fr\/#organization"},"potentialAction":[{"@type":"SearchAction","target":{"@type":"EntryPoint","urlTemplate":"https:\/\/www.presta-service.fr\/?s={search_term_string}"},"query-input":"required name=search_term_string"}],"inLanguage":"en-GB"},{"@type":"Organization","@id":"https:\/\/www.presta-service.fr\/#organization","name":"Presta-Service","url":"https:\/\/www.presta-service.fr\/","logo":{"@type":"ImageObject","inLanguage":"en-GB","@id":"https:\/\/www.presta-service.fr\/#\/schema\/logo\/image\/","url":"https:\/\/www.presta-service.fr\/wp-content\/uploads\/2021\/07\/cropped-Logo-prestaservice.png","contentUrl":"https:\/\/www.presta-service.fr\/wp-content\/uploads\/2021\/07\/cropped-Logo-prestaservice.png","width":204,"height":80,"caption":"Presta-Service"},"image":{"@id":"https:\/\/www.presta-service.fr\/#\/schema\/logo\/image\/"}}]}},"_links":{"self":[{"href":"https:\/\/www.presta-service.fr\/en\/wp-json\/wp\/v2\/pages\/1182"}],"collection":[{"href":"https:\/\/www.presta-service.fr\/en\/wp-json\/wp\/v2\/pages"}],"about":[{"href":"https:\/\/www.presta-service.fr\/en\/wp-json\/wp\/v2\/types\/page"}],"author":[{"embeddable":true,"href":"https:\/\/www.presta-service.fr\/en\/wp-json\/wp\/v2\/users\/1"}],"replies":[{"embeddable":true,"href":"https:\/\/www.presta-service.fr\/en\/wp-json\/wp\/v2\/comments?post=1182"}],"version-history":[{"count":6,"href":"https:\/\/www.presta-service.fr\/en\/wp-json\/wp\/v2\/pages\/1182\/revisions"}],"predecessor-version":[{"id":1836,"href":"https:\/\/www.presta-service.fr\/en\/wp-json\/wp\/v2\/pages\/1182\/revisions\/1836"}],"wp:attachment":[{"href":"https:\/\/www.presta-service.fr\/en\/wp-json\/wp\/v2\/media?parent=1182"}],"curies":[{"name":"wp","href":"https:\/\/api.w.org\/{rel}","templated":true}]}}