{"id":1668,"date":"2021-10-04T14:03:58","date_gmt":"2021-10-04T12:03:58","guid":{"rendered":"https:\/\/www.presta-service.fr\/?page_id=1668"},"modified":"2021-10-04T14:17:13","modified_gmt":"2021-10-04T12:17:13","slug":"mentions-legales","status":"publish","type":"page","link":"https:\/\/www.presta-service.fr\/en\/mentions-legales\/","title":{"rendered":"Legal notices"},"content":{"rendered":"<h2>Propri\u00e9taire du site : Presta Service<\/h2>\n\n\n\n<p><span class=\"has-inline-color has-black-color\">Adresse : 44, avenue Joliot Curie \u2013 17180 P\u00c9RIGNY, Charente-Maritime<br>T\u00e9l\u00e9phone : 05 86 30 08 16<br>Email : contact@presta-service.fr<br>Num\u00e9ro SIRET : 479 494 106 000 38<\/span><\/p>\n\n\n\n<h2>Concepteur du site :<\/h2>\n\n\n\n<p><span class=\"has-inline-color has-black-color\">Site web d\u00e9velopp\u00e9 par <a href=\"https:\/\/www.lucas-didier.com\/\" target=\"_blank\" rel=\"noreferrer noopener\">MR LUCAS DIDIER (EI)<\/a><\/span><\/p>\n\n\n\n<h2>H\u00e9bergeur du site :<\/h2>\n\n\n\n<p><span class=\"has-inline-color has-black-color\">SS2I<br>Adresse : 16, rue Henry le Ch\u00e2telier \u2013 17180 P\u00c9RIGNY, Charente-Maritime<br>T\u00e9l. : 05 49 26 26 26<\/span><\/p>","protected":false},"excerpt":{"rendered":"<p>Propri\u00e9taire du site : Presta Service Adresse : 44, avenue Joliot Curie \u2013 17180 P\u00c9RIGNY, Charente-MaritimeT\u00e9l\u00e9phone : 05 86 30 08 16Email : contact@presta-service.frNum\u00e9ro SIRET : 479 494 106 000 38 Concepteur du site : Site web d\u00e9velopp\u00e9 par MR LUCAS DIDIER (EI) H\u00e9bergeur du site : SS2IAdresse : 16, rue Henry le Ch\u00e2telier \u2013&hellip; <br \/> <a class=\"read-more\" href=\"https:\/\/www.presta-service.fr\/en\/mentions-legales\/\">Read more<\/a><\/p>","protected":false},"author":1,"featured_media":0,"parent":0,"menu_order":0,"comment_status":"closed","ping_status":"closed","template":"","meta":[],"yoast_head":"<!-- This site is optimized with the Yoast SEO plugin v20.0 - https:\/\/yoast.com\/wordpress\/plugins\/seo\/ -->\n<title>Mentions l\u00e9gales - Presta-Service<\/title>\n<meta name=\"robots\" content=\"noindex, follow\" \/>\n<meta property=\"og:locale\" content=\"en_GB\" \/>\n<meta property=\"og:type\" content=\"article\" \/>\n<meta property=\"og:title\" content=\"Mentions l\u00e9gales - Presta-Service\" \/>\n<meta property=\"og:description\" content=\"Propri\u00e9taire du site : Presta Service Adresse : 44, avenue Joliot Curie \u2013 17180 P\u00c9RIGNY, Charente-MaritimeT\u00e9l\u00e9phone : 05 86 30 08 16Email : contact@presta-service.frNum\u00e9ro SIRET : 479 494 106 000 38 Concepteur du site : Site web d\u00e9velopp\u00e9 par MR LUCAS DIDIER (EI) H\u00e9bergeur du site : SS2IAdresse : 16, rue Henry le Ch\u00e2telier \u2013&hellip; Read more\" \/>\n<meta property=\"og:url\" content=\"https:\/\/www.presta-service.fr\/en\/mentions-legales\/\" \/>\n<meta property=\"og:site_name\" content=\"Presta-Service\" \/>\n<meta property=\"article:modified_time\" content=\"2021-10-04T12:17:13+02:00\" \/>\n<meta name=\"twitter:card\" content=\"summary_large_image\" \/>\n<meta name=\"twitter:label1\" content=\"Estimated reading time\" \/>\n\t<meta name=\"twitter:data1\" content=\"1 minute\" \/>\n<script type=\"application\/ld+json\" class=\"yoast-schema-graph\">{\"@context\":\"https:\/\/schema.org\",\"@graph\":[{\"@type\":\"WebPage\",\"@id\":\"https:\/\/www.presta-service.fr\/mentions-legales\/\",\"url\":\"https:\/\/www.presta-service.fr\/mentions-legales\/\",\"name\":\"Mentions l\u00e9gales - Presta-Service\",\"isPartOf\":{\"@id\":\"https:\/\/www.presta-service.fr\/#website\"},\"datePublished\":\"2021-10-04T12:03:58+02:00\",\"dateModified\":\"2021-10-04T12:17:13+02:00\",\"breadcrumb\":{\"@id\":\"https:\/\/www.presta-service.fr\/mentions-legales\/#breadcrumb\"},\"inLanguage\":\"en-GB\",\"potentialAction\":[{\"@type\":\"ReadAction\",\"target\":[\"https:\/\/www.presta-service.fr\/mentions-legales\/\"]}]},{\"@type\":\"BreadcrumbList\",\"@id\":\"https:\/\/www.presta-service.fr\/mentions-legales\/#breadcrumb\",\"itemListElement\":[{\"@type\":\"ListItem\",\"position\":1,\"name\":\"Accueil\",\"item\":\"https:\/\/www.presta-service.fr\/\"},{\"@type\":\"ListItem\",\"position\":2,\"name\":\"Mentions l\u00e9gales\"}]},{\"@type\":\"WebSite\",\"@id\":\"https:\/\/www.presta-service.fr\/#website\",\"url\":\"https:\/\/www.presta-service.fr\/\",\"name\":\"Presta-Service\",\"description\":\"\",\"publisher\":{\"@id\":\"https:\/\/www.presta-service.fr\/#organization\"},\"potentialAction\":[{\"@type\":\"SearchAction\",\"target\":{\"@type\":\"EntryPoint\",\"urlTemplate\":\"https:\/\/www.presta-service.fr\/?s={search_term_string}\"},\"query-input\":\"required name=search_term_string\"}],\"inLanguage\":\"en-GB\"},{\"@type\":\"Organization\",\"@id\":\"https:\/\/www.presta-service.fr\/#organization\",\"name\":\"Presta-Service\",\"url\":\"https:\/\/www.presta-service.fr\/\",\"logo\":{\"@type\":\"ImageObject\",\"inLanguage\":\"en-GB\",\"@id\":\"https:\/\/www.presta-service.fr\/#\/schema\/logo\/image\/\",\"url\":\"https:\/\/www.presta-service.fr\/wp-content\/uploads\/2021\/07\/cropped-Logo-prestaservice.png\",\"contentUrl\":\"https:\/\/www.presta-service.fr\/wp-content\/uploads\/2021\/07\/cropped-Logo-prestaservice.png\",\"width\":204,\"height\":80,\"caption\":\"Presta-Service\"},\"image\":{\"@id\":\"https:\/\/www.presta-service.fr\/#\/schema\/logo\/image\/\"}}]}<\/script>\n<!-- \/ Yoast SEO plugin. -->","yoast_head_json":{"title":"Mentions l\u00e9gales - Presta-Service","robots":{"index":"noindex","follow":"follow"},"og_locale":"en_GB","og_type":"article","og_title":"Mentions l\u00e9gales - Presta-Service","og_description":"Propri\u00e9taire du site : Presta Service Adresse : 44, avenue Joliot Curie \u2013 17180 P\u00c9RIGNY, Charente-MaritimeT\u00e9l\u00e9phone : 05 86 30 08 16Email : contact@presta-service.frNum\u00e9ro SIRET : 479 494 106 000 38 Concepteur du site : Site web d\u00e9velopp\u00e9 par MR LUCAS DIDIER (EI) H\u00e9bergeur du site : SS2IAdresse : 16, rue Henry le Ch\u00e2telier \u2013&hellip; Read more","og_url":"https:\/\/www.presta-service.fr\/en\/mentions-legales\/","og_site_name":"Presta-Service","article_modified_time":"2021-10-04T12:17:13+02:00","twitter_card":"summary_large_image","twitter_misc":{"Estimated reading time":"1 minute"},"schema":{"@context":"https:\/\/schema.org","@graph":[{"@type":"WebPage","@id":"https:\/\/www.presta-service.fr\/mentions-legales\/","url":"https:\/\/www.presta-service.fr\/mentions-legales\/","name":"Mentions l\u00e9gales - Presta-Service","isPartOf":{"@id":"https:\/\/www.presta-service.fr\/#website"},"datePublished":"2021-10-04T12:03:58+02:00","dateModified":"2021-10-04T12:17:13+02:00","breadcrumb":{"@id":"https:\/\/www.presta-service.fr\/mentions-legales\/#breadcrumb"},"inLanguage":"en-GB","potentialAction":[{"@type":"ReadAction","target":["https:\/\/www.presta-service.fr\/mentions-legales\/"]}]},{"@type":"BreadcrumbList","@id":"https:\/\/www.presta-service.fr\/mentions-legales\/#breadcrumb","itemListElement":[{"@type":"ListItem","position":1,"name":"Accueil","item":"https:\/\/www.presta-service.fr\/"},{"@type":"ListItem","position":2,"name":"Mentions l\u00e9gales"}]},{"@type":"WebSite","@id":"https:\/\/www.presta-service.fr\/#website","url":"https:\/\/www.presta-service.fr\/","name":"Presta-Service","description":"","publisher":{"@id":"https:\/\/www.presta-service.fr\/#organization"},"potentialAction":[{"@type":"SearchAction","target":{"@type":"EntryPoint","urlTemplate":"https:\/\/www.presta-service.fr\/?s={search_term_string}"},"query-input":"required name=search_term_string"}],"inLanguage":"en-GB"},{"@type":"Organization","@id":"https:\/\/www.presta-service.fr\/#organization","name":"Presta-Service","url":"https:\/\/www.presta-service.fr\/","logo":{"@type":"ImageObject","inLanguage":"en-GB","@id":"https:\/\/www.presta-service.fr\/#\/schema\/logo\/image\/","url":"https:\/\/www.presta-service.fr\/wp-content\/uploads\/2021\/07\/cropped-Logo-prestaservice.png","contentUrl":"https:\/\/www.presta-service.fr\/wp-content\/uploads\/2021\/07\/cropped-Logo-prestaservice.png","width":204,"height":80,"caption":"Presta-Service"},"image":{"@id":"https:\/\/www.presta-service.fr\/#\/schema\/logo\/image\/"}}]}},"_links":{"self":[{"href":"https:\/\/www.presta-service.fr\/en\/wp-json\/wp\/v2\/pages\/1668"}],"collection":[{"href":"https:\/\/www.presta-service.fr\/en\/wp-json\/wp\/v2\/pages"}],"about":[{"href":"https:\/\/www.presta-service.fr\/en\/wp-json\/wp\/v2\/types\/page"}],"author":[{"embeddable":true,"href":"https:\/\/www.presta-service.fr\/en\/wp-json\/wp\/v2\/users\/1"}],"replies":[{"embeddable":true,"href":"https:\/\/www.presta-service.fr\/en\/wp-json\/wp\/v2\/comments?post=1668"}],"version-history":[{"count":2,"href":"https:\/\/www.presta-service.fr\/en\/wp-json\/wp\/v2\/pages\/1668\/revisions"}],"predecessor-version":[{"id":1673,"href":"https:\/\/www.presta-service.fr\/en\/wp-json\/wp\/v2\/pages\/1668\/revisions\/1673"}],"wp:attachment":[{"href":"https:\/\/www.presta-service.fr\/en\/wp-json\/wp\/v2\/media?parent=1668"}],"curies":[{"name":"wp","href":"https:\/\/api.w.org\/{rel}","templated":true}]}}