{"id":172,"date":"2021-07-10T22:39:44","date_gmt":"2021-07-10T20:39:44","guid":{"rendered":"https:\/\/dev.presta-service.fr\/?page_id=172"},"modified":"2024-10-17T08:33:19","modified_gmt":"2024-10-17T06:33:19","slug":"nos-partenaires","status":"publish","type":"page","link":"https:\/\/www.presta-service.fr\/en\/nos-partenaires\/","title":{"rendered":"Our partners"},"content":{"rendered":"<div class=\"yoast-breadcrumbs\"><span><span><a href=\"https:\/\/www.presta-service.fr\/en\/\">Home<\/a><\/span> \u00bb <span class=\"breadcrumb_last\" aria-current=\"page\">Our partners<\/span><\/span><\/div>\n\n\n<hr class=\"wp-block-separator has-css-opacity is-style-wide\"\/>\n\n\n\n<p><mark style=\"background-color:rgba(0, 0, 0, 0)\" class=\"has-inline-color has-black-color\">How do we find the right partners to carry out your work? Presta-Service chooses its partners for their reactivity, professionalism and skills in the field.<\/mark><\/p>\n\n\n\n<h2><mark style=\"background-color:rgba(0, 0, 0, 0);color:#c8140f\" class=\"has-inline-color\">Partner information in our <a href=\"https:\/\/www.presta-service.fr\/en\/gmao-harmony\/\">CMMS<\/a><\/mark><\/h2>\n\n\n\n<p><mark style=\"background-color:rgba(0, 0, 0, 0)\" class=\"has-inline-color has-black-color\">Example of a partner file in our Harmony database :<\/mark><\/p>\n\n\n\n<ul>\n<li><mark style=\"background-color:rgba(0, 0, 0, 0)\" class=\"has-inline-color has-black-color\">Company name<\/mark><\/li>\n\n\n\n<li><mark style=\"background-color:rgba(0, 0, 0, 0)\" class=\"has-inline-color has-black-color\">Company e-mail address<\/mark><\/li>\n\n\n\n<li><mark style=\"background-color:rgba(0, 0, 0, 0)\" class=\"has-inline-color has-black-color\">SIREN or SIRET of the company<\/mark><\/li>\n\n\n\n<li><mark style=\"background-color:rgba(0, 0, 0, 0)\" class=\"has-inline-color has-black-color\">Company address<\/mark><\/li>\n\n\n\n<li><mark style=\"background-color:rgba(0, 0, 0, 0)\" class=\"has-inline-color has-black-color\">Postal code of the company<\/mark><\/li>\n\n\n\n<li><mark style=\"background-color:rgba(0, 0, 0, 0)\" class=\"has-inline-color has-black-color\">Company city<\/mark><\/li>\n\n\n\n<li><mark style=\"background-color:rgba(0, 0, 0, 0)\" class=\"has-inline-color has-black-color\">Company's country<\/mark><\/li>\n\n\n\n<li><mark style=\"background-color:rgba(0, 0, 0, 0)\" class=\"has-inline-color has-black-color\">Company's phone number<\/mark><\/li>\n\n\n\n<li><mark style=\"background-color:rgba(0, 0, 0, 0)\" class=\"has-inline-color has-black-color\">Company's trade<\/mark><\/li>\n<\/ul>\n\n\n\n<h2><mark style=\"background-color:rgba(0, 0, 0, 0);color:#c8140f\" class=\"has-inline-color\">Service providers<\/mark><\/h2>\n\n\n\n<p><mark style=\"background-color:rgba(0, 0, 0, 0)\" class=\"has-inline-color has-black-color\">De nombreux responsables maintenance se retrouvent\u00a0confront\u00e9s \u00e0\u00a0la difficult\u00e9 de g\u00e9rer\u00a0ces prestataires de service et de leurs activit\u00e9s.\u00a0En cause, le nombre important de soci\u00e9t\u00e9s de services avec lesquelles ils peuvent \u00eatre amen\u00e9s \u00e0 travailler. Le suivi des interventions des prestataires, leur notation, le stockage des documents d\u2019interventions et la comparaison entre prestataires de service avec d\u2019autres responsables maintenance sont souvent des \u00e9l\u00e9ments difficiles \u00e0 mettre en place.<\/mark><\/p>\n\n\n\n<p><mark style=\"background-color:rgba(0, 0, 0, 0)\" class=\"has-inline-color has-black-color\">This is why Presta-Service works with <strong>local service providers,<\/strong>who are checked after each intervention and referenced in the HARMONY database. The usefulness of local service providers lies in the zero carbon emission and thus favour the local economy. Our teams work every day to find service providers close to the intervention sites, to enrich the CMMS. You then have qualified technicians everywhere in France for your shops.<\/mark><\/p>\n\n\n\n<p><mark style=\"background-color:rgba(0, 0, 0, 0)\" class=\"has-inline-color has-black-color\">Before entering them into the CMMS, we carry out a complete analysis of the supplier, with their pricing (travel costs, hourly rate, etc.) as well as their availability and their area of action (limited to one department or can travel to several).<\/mark><\/p>\n\n\n\n<h2><mark style=\"background-color:rgba(0, 0, 0, 0);color:#c8140f\" class=\"has-inline-color\">Suppliers<\/mark><\/h2>\n\n\n\n<p><mark style=\"background-color:rgba(0, 0, 0, 0)\" class=\"has-inline-color has-black-color\">As with the service providers, our suppliers are chosen for their responsiveness and their geographical location. Thanks to the referencing of these companies in the CMMS, it is easier to control costs and thus offer you the best equipment at the right price.<\/mark><\/p>\n\n\n\n<p><mark style=\"background-color:rgba(0, 0, 0, 0)\" class=\"has-inline-color has-black-color\">Here are the different companies we work with :<\/mark><\/p>\n\n\n\n\t\t<style>\n\t\t\t#wpls-logo-showcase-slider-1 .wpls-fix-box,\n\t\t\t#wpls-logo-showcase-slider-1 .wpls-fix-box img.wp-post-image{max-height:250px; }\n\t\t<\/style>\n\n\t\t<div class=\"wpls-wrap wpls-logo-showcase-slider-wrp wpls-logo-clearfix wpls-design-1\" data-conf=\"{&quot;slides_column&quot;:&quot;3&quot;,&quot;slides_scroll&quot;:1,&quot;dots&quot;:&quot;true&quot;,&quot;arrows&quot;:&quot;true&quot;,&quot;autoplay&quot;:&quot;true&quot;,&quot;autoplay_interval&quot;:3000,&quot;loop&quot;:&quot;true&quot;,&quot;rtl&quot;:&quot;false&quot;,&quot;speed&quot;:800,&quot;center_mode&quot;:&quot;true&quot;,&quot;lazyload&quot;:&quot;&quot;}\">\n\t\t\t<div class=\"wpls-logo-showcase logo_showcase wpls-logo-slider wpls-center sliderimage_hide_border\" id=\"wpls-logo-showcase-slider-1\" >\n\t\t\t\t<div class=\"wpls-logo-cnt\">\n\t<div class=\"wpls-fix-box\">\n\t\t\t\t<img class=\"wp-post-image\"  src=\"https:\/\/www.presta-service.fr\/wp-content\/uploads\/2021\/07\/GEZE_Logo.png\" alt=\"\" loading=\"lazy\" \/>\n\t\t\t<\/div>\n\t<\/div><div class=\"wpls-logo-cnt\">\n\t<div class=\"wpls-fix-box\">\n\t\t\t\t<img class=\"wp-post-image\"  src=\"https:\/\/www.presta-service.fr\/wp-content\/uploads\/2021\/07\/logo_cedeo.png\" alt=\"\" loading=\"lazy\" \/>\n\t\t\t<\/div>\n\t<\/div><div class=\"wpls-logo-cnt\">\n\t<div class=\"wpls-fix-box\">\n\t\t\t\t<img class=\"wp-post-image\"  src=\"https:\/\/www.presta-service.fr\/wp-content\/uploads\/2021\/07\/logo_decoceram.png\" alt=\"\" loading=\"lazy\" \/>\n\t\t\t<\/div>\n\t<\/div><div class=\"wpls-logo-cnt\">\n\t<div class=\"wpls-fix-box\">\n\t\t\t\t<img class=\"wp-post-image\"  src=\"https:\/\/www.presta-service.fr\/wp-content\/uploads\/2021\/07\/logo_francelampes.png\" alt=\"\" loading=\"lazy\" \/>\n\t\t\t<\/div>\n\t<\/div><div class=\"wpls-logo-cnt\">\n\t<div class=\"wpls-fix-box\">\n\t\t\t\t<img class=\"wp-post-image\"  src=\"https:\/\/www.presta-service.fr\/wp-content\/uploads\/2021\/07\/LOGO-mieko.png\" alt=\"\" loading=\"lazy\" \/>\n\t\t\t<\/div>\n\t<\/div><div class=\"wpls-logo-cnt\">\n\t<div class=\"wpls-fix-box\">\n\t\t\t\t<img class=\"wp-post-image\"  src=\"https:\/\/www.presta-service.fr\/wp-content\/uploads\/2021\/07\/logo-rexel.png\" alt=\"\" loading=\"lazy\" \/>\n\t\t\t<\/div>\n\t<\/div><div class=\"wpls-logo-cnt\">\n\t<div class=\"wpls-fix-box\">\n\t\t\t\t<img class=\"wp-post-image\"  src=\"https:\/\/www.presta-service.fr\/wp-content\/uploads\/2021\/07\/point-p.png\" alt=\"\" loading=\"lazy\" \/>\n\t\t\t<\/div>\n\t<\/div><div class=\"wpls-logo-cnt\">\n\t<div class=\"wpls-fix-box\">\n\t\t\t\t<a href=\"https:\/\/www.dispano.fr\/\" target=\"_self\">\n\t\t\t<img class=\"wp-post-image\"  src=\"https:\/\/www.presta-service.fr\/wp-content\/uploads\/2021\/09\/dispano-logo.png\" alt=\"Dispano logo\" loading=\"lazy\" \/>\n\t\t<\/a>\n\t\t\t<\/div>\n\t<\/div><div class=\"wpls-logo-cnt\">\n\t<div class=\"wpls-fix-box\">\n\t\t\t\t<a href=\"https:\/\/votrecentresecurite.com\/\" target=\"_self\">\n\t\t\t<img class=\"wp-post-image\"  src=\"https:\/\/www.presta-service.fr\/wp-content\/uploads\/2022\/05\/Servix.jpg\" alt=\"\" loading=\"lazy\" \/>\n\t\t<\/a>\n\t\t\t<\/div>\n\t<\/div>\t\t\t<\/div>\n\t\t<\/div>","protected":false},"excerpt":{"rendered":"<p>Comment trouvons nous les partenaires id\u00e9aux pour mener \u00e0 bien vos travaux ? Presta-Service choisit ses partenaires pour leur r\u00e9activit\u00e9, leur professionnalisme et leurs comp\u00e9tences sur le terrain. Renseignement des partenaires dans notre GMAO Exemple type d&rsquo;une fiche partenaire dans notre base de donn\u00e9es Harmony : Prestataires De nombreux responsables maintenance se retrouvent\u00a0confront\u00e9s \u00e0\u00a0la difficult\u00e9&hellip; <br \/> <a class=\"read-more\" href=\"https:\/\/www.presta-service.fr\/en\/logoshowcase\/servix\/\">Read more<\/a><\/p>","protected":false},"author":1,"featured_media":0,"parent":0,"menu_order":2,"comment_status":"closed","ping_status":"closed","template":"","meta":[],"yoast_head":"<!-- This site is optimized with the Yoast SEO plugin v20.0 - https:\/\/yoast.com\/wordpress\/plugins\/seo\/ -->\n<title>Nos partenaires - Presta-Service<\/title>\n<meta name=\"description\" content=\"Presta-Service travaille main dans la main avec des partenaires de confiance pour tous vos travaux de maintenance sur vos parcs immobiliers.\" \/>\n<meta name=\"robots\" content=\"index, follow, max-snippet:-1, max-image-preview:large, max-video-preview:-1\" \/>\n<link rel=\"canonical\" href=\"https:\/\/www.presta-service.fr\/en\/nos-partenaires\/\" \/>\n<meta property=\"og:locale\" content=\"en_GB\" \/>\n<meta property=\"og:type\" content=\"article\" \/>\n<meta property=\"og:title\" content=\"Nos partenaires - Presta-Service\" \/>\n<meta property=\"og:description\" content=\"Presta-Service travaille main dans la main avec des partenaires de confiance pour tous vos travaux de maintenance sur vos parcs immobiliers.\" \/>\n<meta property=\"og:url\" content=\"https:\/\/www.presta-service.fr\/en\/nos-partenaires\/\" \/>\n<meta property=\"og:site_name\" content=\"Presta-Service\" \/>\n<meta property=\"article:modified_time\" content=\"2024-10-17T06:33:19+02:00\" \/>\n<meta name=\"twitter:card\" content=\"summary_large_image\" \/>\n<meta name=\"twitter:label1\" content=\"Estimated reading time\" \/>\n\t<meta name=\"twitter:data1\" content=\"2 minutes\" \/>\n<script type=\"application\/ld+json\" class=\"yoast-schema-graph\">{\"@context\":\"https:\/\/schema.org\",\"@graph\":[{\"@type\":\"WebPage\",\"@id\":\"https:\/\/www.presta-service.fr\/nos-partenaires\/\",\"url\":\"https:\/\/www.presta-service.fr\/nos-partenaires\/\",\"name\":\"Nos partenaires - Presta-Service\",\"isPartOf\":{\"@id\":\"https:\/\/www.presta-service.fr\/#website\"},\"datePublished\":\"2021-07-10T20:39:44+02:00\",\"dateModified\":\"2024-10-17T06:33:19+02:00\",\"description\":\"Presta-Service travaille main dans la main avec des partenaires de confiance pour tous vos travaux de maintenance sur vos parcs immobiliers.\",\"breadcrumb\":{\"@id\":\"https:\/\/www.presta-service.fr\/nos-partenaires\/#breadcrumb\"},\"inLanguage\":\"en-GB\",\"potentialAction\":[{\"@type\":\"ReadAction\",\"target\":[\"https:\/\/www.presta-service.fr\/nos-partenaires\/\"]}]},{\"@type\":\"BreadcrumbList\",\"@id\":\"https:\/\/www.presta-service.fr\/nos-partenaires\/#breadcrumb\",\"itemListElement\":[{\"@type\":\"ListItem\",\"position\":1,\"name\":\"Accueil\",\"item\":\"https:\/\/www.presta-service.fr\/\"},{\"@type\":\"ListItem\",\"position\":2,\"name\":\"Nos partenaires\"}]},{\"@type\":\"WebSite\",\"@id\":\"https:\/\/www.presta-service.fr\/#website\",\"url\":\"https:\/\/www.presta-service.fr\/\",\"name\":\"Presta-Service\",\"description\":\"\",\"publisher\":{\"@id\":\"https:\/\/www.presta-service.fr\/#organization\"},\"potentialAction\":[{\"@type\":\"SearchAction\",\"target\":{\"@type\":\"EntryPoint\",\"urlTemplate\":\"https:\/\/www.presta-service.fr\/?s={search_term_string}\"},\"query-input\":\"required name=search_term_string\"}],\"inLanguage\":\"en-GB\"},{\"@type\":\"Organization\",\"@id\":\"https:\/\/www.presta-service.fr\/#organization\",\"name\":\"Presta-Service\",\"url\":\"https:\/\/www.presta-service.fr\/\",\"logo\":{\"@type\":\"ImageObject\",\"inLanguage\":\"en-GB\",\"@id\":\"https:\/\/www.presta-service.fr\/#\/schema\/logo\/image\/\",\"url\":\"https:\/\/www.presta-service.fr\/wp-content\/uploads\/2021\/07\/cropped-Logo-prestaservice.png\",\"contentUrl\":\"https:\/\/www.presta-service.fr\/wp-content\/uploads\/2021\/07\/cropped-Logo-prestaservice.png\",\"width\":204,\"height\":80,\"caption\":\"Presta-Service\"},\"image\":{\"@id\":\"https:\/\/www.presta-service.fr\/#\/schema\/logo\/image\/\"}}]}<\/script>\n<!-- \/ Yoast SEO plugin. -->","yoast_head_json":{"title":"Nos partenaires - Presta-Service","description":"Presta-Service travaille main dans la main avec des partenaires de confiance pour tous vos travaux de maintenance sur vos parcs immobiliers.","robots":{"index":"index","follow":"follow","max-snippet":"max-snippet:-1","max-image-preview":"max-image-preview:large","max-video-preview":"max-video-preview:-1"},"canonical":"https:\/\/www.presta-service.fr\/en\/nos-partenaires\/","og_locale":"en_GB","og_type":"article","og_title":"Nos partenaires - Presta-Service","og_description":"Presta-Service travaille main dans la main avec des partenaires de confiance pour tous vos travaux de maintenance sur vos parcs immobiliers.","og_url":"https:\/\/www.presta-service.fr\/en\/nos-partenaires\/","og_site_name":"Presta-Service","article_modified_time":"2024-10-17T06:33:19+02:00","twitter_card":"summary_large_image","twitter_misc":{"Estimated reading time":"2 minutes"},"schema":{"@context":"https:\/\/schema.org","@graph":[{"@type":"WebPage","@id":"https:\/\/www.presta-service.fr\/nos-partenaires\/","url":"https:\/\/www.presta-service.fr\/nos-partenaires\/","name":"Nos partenaires - Presta-Service","isPartOf":{"@id":"https:\/\/www.presta-service.fr\/#website"},"datePublished":"2021-07-10T20:39:44+02:00","dateModified":"2024-10-17T06:33:19+02:00","description":"Presta-Service travaille main dans la main avec des partenaires de confiance pour tous vos travaux de maintenance sur vos parcs immobiliers.","breadcrumb":{"@id":"https:\/\/www.presta-service.fr\/nos-partenaires\/#breadcrumb"},"inLanguage":"en-GB","potentialAction":[{"@type":"ReadAction","target":["https:\/\/www.presta-service.fr\/nos-partenaires\/"]}]},{"@type":"BreadcrumbList","@id":"https:\/\/www.presta-service.fr\/nos-partenaires\/#breadcrumb","itemListElement":[{"@type":"ListItem","position":1,"name":"Accueil","item":"https:\/\/www.presta-service.fr\/"},{"@type":"ListItem","position":2,"name":"Nos partenaires"}]},{"@type":"WebSite","@id":"https:\/\/www.presta-service.fr\/#website","url":"https:\/\/www.presta-service.fr\/","name":"Presta-Service","description":"","publisher":{"@id":"https:\/\/www.presta-service.fr\/#organization"},"potentialAction":[{"@type":"SearchAction","target":{"@type":"EntryPoint","urlTemplate":"https:\/\/www.presta-service.fr\/?s={search_term_string}"},"query-input":"required name=search_term_string"}],"inLanguage":"en-GB"},{"@type":"Organization","@id":"https:\/\/www.presta-service.fr\/#organization","name":"Presta-Service","url":"https:\/\/www.presta-service.fr\/","logo":{"@type":"ImageObject","inLanguage":"en-GB","@id":"https:\/\/www.presta-service.fr\/#\/schema\/logo\/image\/","url":"https:\/\/www.presta-service.fr\/wp-content\/uploads\/2021\/07\/cropped-Logo-prestaservice.png","contentUrl":"https:\/\/www.presta-service.fr\/wp-content\/uploads\/2021\/07\/cropped-Logo-prestaservice.png","width":204,"height":80,"caption":"Presta-Service"},"image":{"@id":"https:\/\/www.presta-service.fr\/#\/schema\/logo\/image\/"}}]}},"_links":{"self":[{"href":"https:\/\/www.presta-service.fr\/en\/wp-json\/wp\/v2\/pages\/172"}],"collection":[{"href":"https:\/\/www.presta-service.fr\/en\/wp-json\/wp\/v2\/pages"}],"about":[{"href":"https:\/\/www.presta-service.fr\/en\/wp-json\/wp\/v2\/types\/page"}],"author":[{"embeddable":true,"href":"https:\/\/www.presta-service.fr\/en\/wp-json\/wp\/v2\/users\/1"}],"replies":[{"embeddable":true,"href":"https:\/\/www.presta-service.fr\/en\/wp-json\/wp\/v2\/comments?post=172"}],"version-history":[{"count":6,"href":"https:\/\/www.presta-service.fr\/en\/wp-json\/wp\/v2\/pages\/172\/revisions"}],"predecessor-version":[{"id":1973,"href":"https:\/\/www.presta-service.fr\/en\/wp-json\/wp\/v2\/pages\/172\/revisions\/1973"}],"wp:attachment":[{"href":"https:\/\/www.presta-service.fr\/en\/wp-json\/wp\/v2\/media?parent=172"}],"curies":[{"name":"wp","href":"https:\/\/api.w.org\/{rel}","templated":true}]}}