{"id":225,"date":"2021-07-11T10:57:40","date_gmt":"2021-07-11T08:57:40","guid":{"rendered":"https:\/\/dev.presta-service.fr\/?page_id=225"},"modified":"2021-09-09T15:12:35","modified_gmt":"2021-09-09T13:12:35","slug":"nos-etapes","status":"publish","type":"page","link":"https:\/\/www.presta-service.fr\/en\/nos-etapes\/","title":{"rendered":"Our steps"},"content":{"rendered":"<div class=\"yoast-breadcrumbs\"><span><span><a href=\"https:\/\/www.presta-service.fr\/en\/\">Home<\/a><\/span> \u00bb <span class=\"breadcrumb_last\" aria-current=\"page\">Our steps<\/span><\/span><\/div>\n\n\n<hr class=\"wp-block-separator is-style-wide\"\/>\n\n\n\n<h2 class=\"has-text-align-center\"><strong><em>Presta-Service takes charge of the management of the multi-technical maintenance of your sites<\/em><\/strong><\/h2>\n\n\n\n<p><span class=\"has-inline-color has-black-color\">This step-by-step approach allows Presta-Service teams to constantly monitor the activity and timing of the various works throughout the country. Each step is detailed <a href=\"https:\/\/www.presta-service.fr\/en\/process-intervention\/\" target=\"_blank\" rel=\"noreferrer noopener\">in this section.<\/a><\/span><\/p>\n\n\n\n<div style=\"height:75px\" aria-hidden=\"true\" class=\"wp-block-spacer\"><\/div>\n\n\n\n<div class=\"is-layout-flex wp-container-3 wp-block-columns\">\n<div class=\"is-layout-flow wp-block-column\">\n<h2><span class=\"has-inline-color has-black-color\">1. <\/span><span style=\"color:#c8140f\" class=\"has-inline-color\">Pre-work stage<\/span><\/h2>\n\n\n\n<ul><li><span class=\"has-inline-color has-black-color\"><strong>LISTEN<\/strong><\/span><\/li><\/ul>\n\n\n\n<p><span class=\"has-inline-color has-black-color\">A team at your disposal 24\/7 with a duty to deal with urgent interventions (in less than 4 hours).<\/span><\/p>\n\n\n\n<ul><li><span class=\"has-inline-color has-black-color\"><strong>DIAGNOSIS<\/strong><\/span><\/li><\/ul>\n\n\n\n<p><span class=\"has-inline-color has-black-color\">Our team then contacts the site manager. This exchange allows us to find qualified technicians, adapted to your needs.<\/span><\/p>\n\n\n\n<ul><li><span class=\"has-inline-color has-black-color\"><strong>COORDINATE<\/strong><\/span><\/li><\/ul>\n\n\n\n<p><span class=\"has-inline-color has-black-color\">To finish the Pre-Work stage, our teams establish and validate the estimate. Scheduling of technicians. We coordinate all the participants to carry out work of optimal quality within the time limits.<\/span><\/p>\n<\/div>\n\n\n\n<div class=\"is-layout-flow wp-block-column\">\n<div class=\"wp-block-image is-style-rounded\"><figure class=\"aligncenter size-large is-resized\"><img decoding=\"async\" src=\"http:\/\/dev.presta-service.fr\/wp-content\/uploads\/2021\/07\/Sans-titre-2.png\" alt=\"\" class=\"wp-image-313\" width=\"320\" height=\"528\" srcset=\"https:\/\/www.presta-service.fr\/wp-content\/uploads\/2021\/07\/Sans-titre-2.png 414w, https:\/\/www.presta-service.fr\/wp-content\/uploads\/2021\/07\/Sans-titre-2-182x300.png 182w\" sizes=\"(max-width: 320px) 100vw, 320px\" loading=\"lazy\" \/><\/figure><\/div>\n<\/div>\n<\/div>\n\n\n\n<div style=\"height:38px\" aria-hidden=\"true\" class=\"wp-block-spacer\"><\/div>\n\n\n\n<hr class=\"wp-block-separator\"\/>\n\n\n\n<div style=\"height:38px\" aria-hidden=\"true\" class=\"wp-block-spacer\"><\/div>\n\n\n\n<div class=\"is-layout-flex wp-container-6 wp-block-columns\">\n<div class=\"is-layout-flow wp-block-column\">\n<div id=\"travaux\" class=\"wp-block-image is-style-rounded\"><figure class=\"aligncenter size-large is-resized\"><img decoding=\"async\" src=\"http:\/\/dev.presta-service.fr\/wp-content\/uploads\/2021\/07\/Sans-titre-3.png\" alt=\"\" class=\"wp-image-318\" width=\"320\" height=\"528\" srcset=\"https:\/\/www.presta-service.fr\/wp-content\/uploads\/2021\/07\/Sans-titre-3.png 414w, https:\/\/www.presta-service.fr\/wp-content\/uploads\/2021\/07\/Sans-titre-3-182x300.png 182w\" sizes=\"(max-width: 320px) 100vw, 320px\" loading=\"lazy\" \/><\/figure><\/div>\n<\/div>\n\n\n\n<div class=\"is-layout-flow wp-block-column\">\n<h2>2. <span style=\"color:#c8140f\" class=\"has-inline-color\">Work stage<\/span><\/h2>\n\n\n\n<ul><li><span class=\"has-inline-color has-black-color\"><strong>PLAN<\/strong><\/span><\/li><\/ul>\n\n\n\n<p><span class=\"has-inline-color has-black-color\">We plan the work according to the availability of the site. We carry out a quick check so that both parties agree on the dates of intervention.<\/span><\/p>\n\n\n\n<ul><li><span class=\"has-inline-color has-black-color\"><strong>FOLLOW UP<\/strong><\/span><\/li><\/ul>\n\n\n\n<p><span class=\"has-inline-color has-black-color\">The technicians carry out the work in accordance with the order form. Our project managers are available to provide any additional information to the technicians.<\/span><\/p>\n<\/div>\n<\/div>\n\n\n\n<div style=\"height:38px\" aria-hidden=\"true\" class=\"wp-block-spacer\"><\/div>\n\n\n\n<hr class=\"wp-block-separator\"\/>\n\n\n\n<div style=\"height:38px\" aria-hidden=\"true\" class=\"wp-block-spacer\"><\/div>\n\n\n\n<div class=\"is-layout-flex wp-container-9 wp-block-columns\">\n<div class=\"is-layout-flow wp-block-column\">\n<h2>3. <span style=\"color:#c8140f\" class=\"has-inline-color\">Post-work stage<\/span><\/h2>\n\n\n\n<ul><li><span class=\"has-inline-color has-black-color\"><strong>MONITOR<\/strong><\/span><\/li><\/ul>\n\n\n\n<p><span class=\"has-inline-color has-black-color\">We check each intervention previously carried out during the Works stage with the technician and the site manager. We provide you with a precise report on the work carried out, with photos and a supporting report.<\/span><\/p>\n\n\n\n<ul><li><span class=\"has-inline-color has-black-color\"><strong>INVOICE<\/strong><\/span><\/li><\/ul>\n\n\n\n<p><span class=\"has-inline-color has-black-color\">Finally, once the work has been checked, Presta Service will invoice you in accordance with the work carried out. You can consult the traceability of all actions on our Harmony database. It is also possible to transfer them automatically (by EDI) to your business database.<\/span><\/p>\n<\/div>\n\n\n\n<div class=\"is-layout-flow wp-block-column\">\n<div class=\"wp-block-image is-style-rounded\"><figure class=\"aligncenter size-large is-resized\"><img decoding=\"async\" src=\"http:\/\/dev.presta-service.fr\/wp-content\/uploads\/2021\/07\/Sans-titre-4.png\" alt=\"\" class=\"wp-image-321\" width=\"320\" height=\"528\" srcset=\"https:\/\/www.presta-service.fr\/wp-content\/uploads\/2021\/07\/Sans-titre-4.png 414w, https:\/\/www.presta-service.fr\/wp-content\/uploads\/2021\/07\/Sans-titre-4-182x300.png 182w\" sizes=\"(max-width: 320px) 100vw, 320px\" loading=\"lazy\" \/><\/figure><\/div>\n<\/div>\n<\/div>\n\n\n\n<hr class=\"wp-block-separator is-style-wide\"\/>\n\n\n\n<p><\/p>","protected":false},"excerpt":{"rendered":"<p>Presta-Service prend en charge le pilotage et la gestion de la maintenance multi technique de vos sites Cette prise en charge sous forme d&rsquo;\u00e9tapes permet aux \u00e9quipes de Presta-Service de suivre constamment l&rsquo;activit\u00e9 et l&rsquo;\u00e9ch\u00e9ance des diff\u00e9rents travaux sur tout le territoire national. Chaque \u00e9tape est d\u00e9taill\u00e9e dans cette section. 1. \u00c9tape Pr\u00e9-Travaux \u00c9COUTER Une&hellip; <br \/> <a class=\"read-more\" href=\"https:\/\/www.presta-service.fr\/en\/nos-etapes\/\">Read more<\/a><\/p>","protected":false},"author":1,"featured_media":0,"parent":0,"menu_order":1,"comment_status":"closed","ping_status":"closed","template":"","meta":[],"yoast_head":"<!-- This site is optimized with the Yoast SEO plugin v20.0 - https:\/\/yoast.com\/wordpress\/plugins\/seo\/ -->\n<title>\u00c9tape par \u00e9tape - Presta-Service<\/title>\n<meta name=\"description\" content=\"Nous vous pr\u00e9sentons chaque \u00e9tape du quotidien Presta-Service pour garantir un suivi et une rigueur pour toutes vos maintenances travaux.\" \/>\n<meta name=\"robots\" content=\"index, follow, max-snippet:-1, max-image-preview:large, max-video-preview:-1\" \/>\n<link rel=\"canonical\" href=\"https:\/\/www.presta-service.fr\/en\/nos-etapes\/\" \/>\n<meta property=\"og:locale\" content=\"en_GB\" \/>\n<meta property=\"og:type\" content=\"article\" \/>\n<meta property=\"og:title\" content=\"\u00c9tape par \u00e9tape - Presta-Service\" \/>\n<meta property=\"og:description\" content=\"Nous vous pr\u00e9sentons chaque \u00e9tape du quotidien Presta-Service pour garantir un suivi et une rigueur pour toutes vos maintenances travaux.\" \/>\n<meta property=\"og:url\" content=\"https:\/\/www.presta-service.fr\/en\/nos-etapes\/\" \/>\n<meta property=\"og:site_name\" content=\"Presta-Service\" \/>\n<meta property=\"article:modified_time\" content=\"2021-09-09T13:12:35+02:00\" \/>\n<meta property=\"og:image\" content=\"http:\/\/dev.presta-service.fr\/wp-content\/uploads\/2021\/07\/Sans-titre-2.png\" \/>\n<meta name=\"twitter:card\" content=\"summary_large_image\" \/>\n<meta name=\"twitter:label1\" content=\"Estimated reading time\" \/>\n\t<meta name=\"twitter:data1\" content=\"2 minutes\" \/>\n<script type=\"application\/ld+json\" class=\"yoast-schema-graph\">{\"@context\":\"https:\/\/schema.org\",\"@graph\":[{\"@type\":\"WebPage\",\"@id\":\"https:\/\/www.presta-service.fr\/en\/nos-etapes\/\",\"url\":\"https:\/\/www.presta-service.fr\/en\/nos-etapes\/\",\"name\":\"\u00c9tape par \u00e9tape - Presta-Service\",\"isPartOf\":{\"@id\":\"https:\/\/www.presta-service.fr\/#website\"},\"datePublished\":\"2021-07-11T08:57:40+02:00\",\"dateModified\":\"2021-09-09T13:12:35+02:00\",\"description\":\"Nous vous pr\u00e9sentons chaque \u00e9tape du quotidien Presta-Service pour garantir un suivi et une rigueur pour toutes vos maintenances travaux.\",\"breadcrumb\":{\"@id\":\"https:\/\/www.presta-service.fr\/en\/nos-etapes\/#breadcrumb\"},\"inLanguage\":\"en-GB\",\"potentialAction\":[{\"@type\":\"ReadAction\",\"target\":[\"https:\/\/www.presta-service.fr\/en\/nos-etapes\/\"]}]},{\"@type\":\"BreadcrumbList\",\"@id\":\"https:\/\/www.presta-service.fr\/en\/nos-etapes\/#breadcrumb\",\"itemListElement\":[{\"@type\":\"ListItem\",\"position\":1,\"name\":\"Accueil\",\"item\":\"https:\/\/www.presta-service.fr\/\"},{\"@type\":\"ListItem\",\"position\":2,\"name\":\"Nos \u00e9tapes\"}]},{\"@type\":\"WebSite\",\"@id\":\"https:\/\/www.presta-service.fr\/#website\",\"url\":\"https:\/\/www.presta-service.fr\/\",\"name\":\"Presta-Service\",\"description\":\"\",\"publisher\":{\"@id\":\"https:\/\/www.presta-service.fr\/#organization\"},\"potentialAction\":[{\"@type\":\"SearchAction\",\"target\":{\"@type\":\"EntryPoint\",\"urlTemplate\":\"https:\/\/www.presta-service.fr\/?s={search_term_string}\"},\"query-input\":\"required name=search_term_string\"}],\"inLanguage\":\"en-GB\"},{\"@type\":\"Organization\",\"@id\":\"https:\/\/www.presta-service.fr\/#organization\",\"name\":\"Presta-Service\",\"url\":\"https:\/\/www.presta-service.fr\/\",\"logo\":{\"@type\":\"ImageObject\",\"inLanguage\":\"en-GB\",\"@id\":\"https:\/\/www.presta-service.fr\/#\/schema\/logo\/image\/\",\"url\":\"https:\/\/www.presta-service.fr\/wp-content\/uploads\/2021\/07\/cropped-Logo-prestaservice.png\",\"contentUrl\":\"https:\/\/www.presta-service.fr\/wp-content\/uploads\/2021\/07\/cropped-Logo-prestaservice.png\",\"width\":204,\"height\":80,\"caption\":\"Presta-Service\"},\"image\":{\"@id\":\"https:\/\/www.presta-service.fr\/#\/schema\/logo\/image\/\"}}]}<\/script>\n<!-- \/ Yoast SEO plugin. -->","yoast_head_json":{"title":"\u00c9tape par \u00e9tape - Presta-Service","description":"Nous vous pr\u00e9sentons chaque \u00e9tape du quotidien Presta-Service pour garantir un suivi et une rigueur pour toutes vos maintenances travaux.","robots":{"index":"index","follow":"follow","max-snippet":"max-snippet:-1","max-image-preview":"max-image-preview:large","max-video-preview":"max-video-preview:-1"},"canonical":"https:\/\/www.presta-service.fr\/en\/nos-etapes\/","og_locale":"en_GB","og_type":"article","og_title":"\u00c9tape par \u00e9tape - Presta-Service","og_description":"Nous vous pr\u00e9sentons chaque \u00e9tape du quotidien Presta-Service pour garantir un suivi et une rigueur pour toutes vos maintenances travaux.","og_url":"https:\/\/www.presta-service.fr\/en\/nos-etapes\/","og_site_name":"Presta-Service","article_modified_time":"2021-09-09T13:12:35+02:00","og_image":[{"url":"http:\/\/dev.presta-service.fr\/wp-content\/uploads\/2021\/07\/Sans-titre-2.png"}],"twitter_card":"summary_large_image","twitter_misc":{"Estimated reading time":"2 minutes"},"schema":{"@context":"https:\/\/schema.org","@graph":[{"@type":"WebPage","@id":"https:\/\/www.presta-service.fr\/en\/nos-etapes\/","url":"https:\/\/www.presta-service.fr\/en\/nos-etapes\/","name":"\u00c9tape par \u00e9tape - Presta-Service","isPartOf":{"@id":"https:\/\/www.presta-service.fr\/#website"},"datePublished":"2021-07-11T08:57:40+02:00","dateModified":"2021-09-09T13:12:35+02:00","description":"Nous vous pr\u00e9sentons chaque \u00e9tape du quotidien Presta-Service pour garantir un suivi et une rigueur pour toutes vos maintenances travaux.","breadcrumb":{"@id":"https:\/\/www.presta-service.fr\/en\/nos-etapes\/#breadcrumb"},"inLanguage":"en-GB","potentialAction":[{"@type":"ReadAction","target":["https:\/\/www.presta-service.fr\/en\/nos-etapes\/"]}]},{"@type":"BreadcrumbList","@id":"https:\/\/www.presta-service.fr\/en\/nos-etapes\/#breadcrumb","itemListElement":[{"@type":"ListItem","position":1,"name":"Accueil","item":"https:\/\/www.presta-service.fr\/"},{"@type":"ListItem","position":2,"name":"Nos \u00e9tapes"}]},{"@type":"WebSite","@id":"https:\/\/www.presta-service.fr\/#website","url":"https:\/\/www.presta-service.fr\/","name":"Presta-Service","description":"","publisher":{"@id":"https:\/\/www.presta-service.fr\/#organization"},"potentialAction":[{"@type":"SearchAction","target":{"@type":"EntryPoint","urlTemplate":"https:\/\/www.presta-service.fr\/?s={search_term_string}"},"query-input":"required name=search_term_string"}],"inLanguage":"en-GB"},{"@type":"Organization","@id":"https:\/\/www.presta-service.fr\/#organization","name":"Presta-Service","url":"https:\/\/www.presta-service.fr\/","logo":{"@type":"ImageObject","inLanguage":"en-GB","@id":"https:\/\/www.presta-service.fr\/#\/schema\/logo\/image\/","url":"https:\/\/www.presta-service.fr\/wp-content\/uploads\/2021\/07\/cropped-Logo-prestaservice.png","contentUrl":"https:\/\/www.presta-service.fr\/wp-content\/uploads\/2021\/07\/cropped-Logo-prestaservice.png","width":204,"height":80,"caption":"Presta-Service"},"image":{"@id":"https:\/\/www.presta-service.fr\/#\/schema\/logo\/image\/"}}]}},"_links":{"self":[{"href":"https:\/\/www.presta-service.fr\/en\/wp-json\/wp\/v2\/pages\/225"}],"collection":[{"href":"https:\/\/www.presta-service.fr\/en\/wp-json\/wp\/v2\/pages"}],"about":[{"href":"https:\/\/www.presta-service.fr\/en\/wp-json\/wp\/v2\/types\/page"}],"author":[{"embeddable":true,"href":"https:\/\/www.presta-service.fr\/en\/wp-json\/wp\/v2\/users\/1"}],"replies":[{"embeddable":true,"href":"https:\/\/www.presta-service.fr\/en\/wp-json\/wp\/v2\/comments?post=225"}],"version-history":[{"count":5,"href":"https:\/\/www.presta-service.fr\/en\/wp-json\/wp\/v2\/pages\/225\/revisions"}],"predecessor-version":[{"id":1352,"href":"https:\/\/www.presta-service.fr\/en\/wp-json\/wp\/v2\/pages\/225\/revisions\/1352"}],"wp:attachment":[{"href":"https:\/\/www.presta-service.fr\/en\/wp-json\/wp\/v2\/media?parent=225"}],"curies":[{"name":"wp","href":"https:\/\/api.w.org\/{rel}","templated":true}]}}