{"id":598,"date":"2021-07-22T16:13:42","date_gmt":"2021-07-22T14:13:42","guid":{"rendered":"https:\/\/dev.presta-service.fr\/?page_id=598"},"modified":"2021-11-22T15:52:19","modified_gmt":"2021-11-22T14:52:19","slug":"gmao-harmony","status":"publish","type":"page","link":"https:\/\/www.presta-service.fr\/en\/gmao-harmony\/","title":{"rendered":"CMMS Harmony"},"content":{"rendered":"<div class=\"yoast-breadcrumbs\"><span><span><a href=\"https:\/\/www.presta-service.fr\/en\/\">Home<\/a><\/span> \u00bb <span class=\"breadcrumb_last\" aria-current=\"page\">CMMS Harmony<\/span><\/span><\/div>\n\n\n<hr class=\"wp-block-separator is-style-wide\"\/>\n\n\n\n<h2><span class=\"has-inline-color has-black-color\">Improve your maintenance management with our CMMS Harmony<\/span><\/h2>\n\n\n\n<p><span class=\"has-inline-color has-black-color\">Harmony is a CMMS <strong>(Computerized Maintenance Management System)<\/strong> software which allows your maintenance team to improve simply and quickly the management of its activity and to develop collaborative work.<\/span><\/p>\n\n\n\n<p><span class=\"has-inline-color has-black-color\">Presta-Service has developed this HARMONY CMMS, a complete maintenance software, to manage all its customers' interventions. It is a<\/span> <a href=\"https:\/\/www.presta-service.fr\/en\/process-intervention\/\" target=\"_blank\" rel=\"noreferrer noopener\"><span style=\"color:#c8140f\" class=\"has-inline-color\">support for planning, organising <\/span><span style=\"color:#c81444\" class=\"has-inline-color\">and monitoring interventions.<\/span><\/a><\/p>\n\n\n\n<div style=\"height:45px\" aria-hidden=\"true\" class=\"wp-block-spacer\"><\/div>\n\n\n\n<h3><span style=\"color:#c8140f\" class=\"has-inline-color\">Digitalise your maintenance management with ease<\/span><\/h3>\n\n\n\n<p><span class=\"has-inline-color has-black-color\">Improve the daily life of your maintenance teams with a mobile, intuitive and ultra-easy-to-use CMMS. <br>Thanks to this tool, you can manage your real estate, enter your activity and follow the progress in real time thanks to our network's news feed.<\/span><\/p>\n\n\n\n<p><span class=\"has-inline-color has-black-color\">More explicitly, we have a <\/span><a href=\"https:\/\/presta-service-extranet.fr\/\" target=\"_blank\" rel=\"noreferrer noopener\"><span style=\"color:#c8140f\" class=\"has-inline-color\">client access<\/span><\/a><span class=\"has-inline-color has-black-color\"> allowing you to follow your current interventions. Our teams enter daily updates to keep you up to date with the latest feedback on your work.<\/span> <span class=\"has-inline-color has-black-color\">You can have a complete report on all sites, on the whole of France or by sector.<\/span><\/p>\n\n\n\n<h3><span style=\"color:#c8140f\" class=\"has-inline-color\">Improve your customer follow-up by connecting your database to our Harmony CMMS<\/span><\/h3>\n\n\n\n<p><span class=\"has-inline-color has-black-color\">To do this, simply connect to our CMMS in order to create work requests from your database and improve your customer follow-up.<\/span><\/p>\n\n\n\n<p><span class=\"has-inline-color has-black-color\">Here is how the HARMONY database works for customers :<\/span><\/p>\n\n\n\n<iframe src=\"https:\/\/docs.google.com\/presentation\/d\/e\/2PACX-1vQ4oNdmI2Ytr7kH4JqmrsAsRSbiVq-mPB8LhnRpwn0ebnx5t7W9fQ-yh2HB-ZHHMg\/embed?start=false&amp;loop=false&amp;delayms=5000\" frameborder=\"0\" width=\"1280\" height=\"749\" allowfullscreen=\"true\" mozallowfullscreen=\"true\" webkitallowfullscreen=\"true\" loading=\"lazy\"><\/iframe>","protected":false},"excerpt":{"rendered":"<p>Am\u00e9liorez&nbsp;la&nbsp;gestion&nbsp;de&nbsp;votre&nbsp;maintenance&nbsp;gr\u00e2ce&nbsp;\u00e0 notre GMAO Harmony Harmony est un logiciel de GMAO (Gestion de la Maintenance Assist\u00e9e par Ordinateur) qui permet \u00e0 votre \u00e9quipe de maintenance d\u2019am\u00e9liorer simplement et rapidement la gestion de son activit\u00e9 et de d\u00e9velopper le travail collaboratif. Presta-Service a d\u00e9velopp\u00e9 cette GMAO HARMONY, logiciel complet de maintenance, pour administrer toutes les interventions de&hellip; <br \/> <a class=\"read-more\" href=\"https:\/\/www.presta-service.fr\/en\/gmao-harmony\/\">Read more<\/a><\/p>","protected":false},"author":1,"featured_media":0,"parent":0,"menu_order":0,"comment_status":"closed","ping_status":"closed","template":"","meta":[],"yoast_head":"<!-- This site is optimized with the Yoast SEO plugin v20.0 - https:\/\/yoast.com\/wordpress\/plugins\/seo\/ -->\n<title>GMAO Harmony - Presta-Service<\/title>\n<meta name=\"description\" content=\"Harmony est un logiciel complet de GMAO cr\u00e9e par Presta-Service pour administrer, suivre et facturer les interventions pour ces clients.\" \/>\n<meta name=\"robots\" content=\"index, follow, max-snippet:-1, max-image-preview:large, max-video-preview:-1\" \/>\n<link rel=\"canonical\" href=\"https:\/\/www.presta-service.fr\/en\/gmao-harmony\/\" \/>\n<meta property=\"og:locale\" content=\"en_GB\" \/>\n<meta property=\"og:type\" content=\"article\" \/>\n<meta property=\"og:title\" content=\"GMAO Harmony - Presta-Service\" \/>\n<meta property=\"og:description\" content=\"Harmony est un logiciel complet de GMAO cr\u00e9e par Presta-Service pour administrer, suivre et facturer les interventions pour ces clients.\" \/>\n<meta property=\"og:url\" content=\"https:\/\/www.presta-service.fr\/en\/gmao-harmony\/\" \/>\n<meta property=\"og:site_name\" content=\"Presta-Service\" \/>\n<meta property=\"article:modified_time\" content=\"2021-11-22T14:52:19+01:00\" \/>\n<meta name=\"twitter:card\" content=\"summary_large_image\" \/>\n<meta name=\"twitter:label1\" content=\"Estimated reading time\" \/>\n\t<meta name=\"twitter:data1\" content=\"1 minute\" \/>\n<script type=\"application\/ld+json\" class=\"yoast-schema-graph\">{\"@context\":\"https:\/\/schema.org\",\"@graph\":[{\"@type\":\"WebPage\",\"@id\":\"https:\/\/www.presta-service.fr\/en\/gmao-harmony\/\",\"url\":\"https:\/\/www.presta-service.fr\/en\/gmao-harmony\/\",\"name\":\"GMAO Harmony - Presta-Service\",\"isPartOf\":{\"@id\":\"https:\/\/www.presta-service.fr\/#website\"},\"datePublished\":\"2021-07-22T14:13:42+02:00\",\"dateModified\":\"2021-11-22T14:52:19+01:00\",\"description\":\"Harmony est un logiciel complet de GMAO cr\u00e9e par Presta-Service pour administrer, suivre et facturer les interventions pour ces clients.\",\"breadcrumb\":{\"@id\":\"https:\/\/www.presta-service.fr\/en\/gmao-harmony\/#breadcrumb\"},\"inLanguage\":\"en-GB\",\"potentialAction\":[{\"@type\":\"ReadAction\",\"target\":[\"https:\/\/www.presta-service.fr\/en\/gmao-harmony\/\"]}]},{\"@type\":\"BreadcrumbList\",\"@id\":\"https:\/\/www.presta-service.fr\/en\/gmao-harmony\/#breadcrumb\",\"itemListElement\":[{\"@type\":\"ListItem\",\"position\":1,\"name\":\"Accueil\",\"item\":\"https:\/\/www.presta-service.fr\/\"},{\"@type\":\"ListItem\",\"position\":2,\"name\":\"GMAO Harmony\"}]},{\"@type\":\"WebSite\",\"@id\":\"https:\/\/www.presta-service.fr\/#website\",\"url\":\"https:\/\/www.presta-service.fr\/\",\"name\":\"Presta-Service\",\"description\":\"\",\"publisher\":{\"@id\":\"https:\/\/www.presta-service.fr\/#organization\"},\"potentialAction\":[{\"@type\":\"SearchAction\",\"target\":{\"@type\":\"EntryPoint\",\"urlTemplate\":\"https:\/\/www.presta-service.fr\/?s={search_term_string}\"},\"query-input\":\"required name=search_term_string\"}],\"inLanguage\":\"en-GB\"},{\"@type\":\"Organization\",\"@id\":\"https:\/\/www.presta-service.fr\/#organization\",\"name\":\"Presta-Service\",\"url\":\"https:\/\/www.presta-service.fr\/\",\"logo\":{\"@type\":\"ImageObject\",\"inLanguage\":\"en-GB\",\"@id\":\"https:\/\/www.presta-service.fr\/#\/schema\/logo\/image\/\",\"url\":\"https:\/\/www.presta-service.fr\/wp-content\/uploads\/2021\/07\/cropped-Logo-prestaservice.png\",\"contentUrl\":\"https:\/\/www.presta-service.fr\/wp-content\/uploads\/2021\/07\/cropped-Logo-prestaservice.png\",\"width\":204,\"height\":80,\"caption\":\"Presta-Service\"},\"image\":{\"@id\":\"https:\/\/www.presta-service.fr\/#\/schema\/logo\/image\/\"}}]}<\/script>\n<!-- \/ Yoast SEO plugin. -->","yoast_head_json":{"title":"GMAO Harmony - Presta-Service","description":"Harmony est un logiciel complet de GMAO cr\u00e9e par Presta-Service pour administrer, suivre et facturer les interventions pour ces clients.","robots":{"index":"index","follow":"follow","max-snippet":"max-snippet:-1","max-image-preview":"max-image-preview:large","max-video-preview":"max-video-preview:-1"},"canonical":"https:\/\/www.presta-service.fr\/en\/gmao-harmony\/","og_locale":"en_GB","og_type":"article","og_title":"GMAO Harmony - Presta-Service","og_description":"Harmony est un logiciel complet de GMAO cr\u00e9e par Presta-Service pour administrer, suivre et facturer les interventions pour ces clients.","og_url":"https:\/\/www.presta-service.fr\/en\/gmao-harmony\/","og_site_name":"Presta-Service","article_modified_time":"2021-11-22T14:52:19+01:00","twitter_card":"summary_large_image","twitter_misc":{"Estimated reading time":"1 minute"},"schema":{"@context":"https:\/\/schema.org","@graph":[{"@type":"WebPage","@id":"https:\/\/www.presta-service.fr\/en\/gmao-harmony\/","url":"https:\/\/www.presta-service.fr\/en\/gmao-harmony\/","name":"GMAO Harmony - Presta-Service","isPartOf":{"@id":"https:\/\/www.presta-service.fr\/#website"},"datePublished":"2021-07-22T14:13:42+02:00","dateModified":"2021-11-22T14:52:19+01:00","description":"Harmony est un logiciel complet de GMAO cr\u00e9e par Presta-Service pour administrer, suivre et facturer les interventions pour ces clients.","breadcrumb":{"@id":"https:\/\/www.presta-service.fr\/en\/gmao-harmony\/#breadcrumb"},"inLanguage":"en-GB","potentialAction":[{"@type":"ReadAction","target":["https:\/\/www.presta-service.fr\/en\/gmao-harmony\/"]}]},{"@type":"BreadcrumbList","@id":"https:\/\/www.presta-service.fr\/en\/gmao-harmony\/#breadcrumb","itemListElement":[{"@type":"ListItem","position":1,"name":"Accueil","item":"https:\/\/www.presta-service.fr\/"},{"@type":"ListItem","position":2,"name":"GMAO Harmony"}]},{"@type":"WebSite","@id":"https:\/\/www.presta-service.fr\/#website","url":"https:\/\/www.presta-service.fr\/","name":"Presta-Service","description":"","publisher":{"@id":"https:\/\/www.presta-service.fr\/#organization"},"potentialAction":[{"@type":"SearchAction","target":{"@type":"EntryPoint","urlTemplate":"https:\/\/www.presta-service.fr\/?s={search_term_string}"},"query-input":"required name=search_term_string"}],"inLanguage":"en-GB"},{"@type":"Organization","@id":"https:\/\/www.presta-service.fr\/#organization","name":"Presta-Service","url":"https:\/\/www.presta-service.fr\/","logo":{"@type":"ImageObject","inLanguage":"en-GB","@id":"https:\/\/www.presta-service.fr\/#\/schema\/logo\/image\/","url":"https:\/\/www.presta-service.fr\/wp-content\/uploads\/2021\/07\/cropped-Logo-prestaservice.png","contentUrl":"https:\/\/www.presta-service.fr\/wp-content\/uploads\/2021\/07\/cropped-Logo-prestaservice.png","width":204,"height":80,"caption":"Presta-Service"},"image":{"@id":"https:\/\/www.presta-service.fr\/#\/schema\/logo\/image\/"}}]}},"_links":{"self":[{"href":"https:\/\/www.presta-service.fr\/en\/wp-json\/wp\/v2\/pages\/598"}],"collection":[{"href":"https:\/\/www.presta-service.fr\/en\/wp-json\/wp\/v2\/pages"}],"about":[{"href":"https:\/\/www.presta-service.fr\/en\/wp-json\/wp\/v2\/types\/page"}],"author":[{"embeddable":true,"href":"https:\/\/www.presta-service.fr\/en\/wp-json\/wp\/v2\/users\/1"}],"replies":[{"embeddable":true,"href":"https:\/\/www.presta-service.fr\/en\/wp-json\/wp\/v2\/comments?post=598"}],"version-history":[{"count":5,"href":"https:\/\/www.presta-service.fr\/en\/wp-json\/wp\/v2\/pages\/598\/revisions"}],"predecessor-version":[{"id":1715,"href":"https:\/\/www.presta-service.fr\/en\/wp-json\/wp\/v2\/pages\/598\/revisions\/1715"}],"wp:attachment":[{"href":"https:\/\/www.presta-service.fr\/en\/wp-json\/wp\/v2\/media?parent=598"}],"curies":[{"name":"wp","href":"https:\/\/api.w.org\/{rel}","templated":true}]}}