{"id":6,"date":"2021-07-06T15:47:52","date_gmt":"2021-07-06T13:47:52","guid":{"rendered":"http:\/\/dev.presta-service.fr\/?page_id=6"},"modified":"2021-10-21T11:50:23","modified_gmt":"2021-10-21T09:50:23","slug":"notre-metier-maintenance","status":"publish","type":"page","link":"https:\/\/www.presta-service.fr\/en\/notre-metier-maintenance\/","title":{"rendered":"Our work"},"content":{"rendered":"<div class=\"yoast-breadcrumbs\"><span><span><a href=\"https:\/\/www.presta-service.fr\/en\/\">Home<\/a><\/span> \u00bb <span class=\"breadcrumb_last\" aria-current=\"page\">Our work<\/span><\/span><\/div>\n\n\n<hr class=\"wp-block-separator\"\/>\n\n\n\n<h2 class=\"has-text-align-center scrollspy\"><span class=\"has-inline-color has-black-color\">Presta Service assists its clients in maintaining their property portfolio(s).<\/span><\/h2>\n\n\n\n<p><span class=\"has-inline-color has-black-color\">Outsourcing maintenance allows our clients to focus their resources on their core business. Entrusting the execution of maintenance work (simple or complex) to Presta Service allows our clients to have a better <\/span><strong><span style=\"color:#c8140f\" class=\"has-inline-color\">control of the costs<\/span><\/strong><span class=\"has-inline-color has-black-color\"> and the quality of the work carried out. By entrusting us with the execution of your work, you can devote yourself fully to the development of your business.<\/span><\/p>\n\n\n\n<p><span class=\"has-inline-color has-black-color\">We ensure the quality of the shop network by setting up maintenance plans that can meet the needs of our customers :<\/span><\/p>\n\n\n\n<ul><li><span class=\"has-inline-color has-black-color\"><strong>Conceptual<\/strong> (paint, windows, false ceilings, etc.)<\/span><\/li><li><span class=\"has-inline-color has-black-color\"><strong>Functional<\/strong> (metal curtains, locks, electricity, etc.)<\/span><\/li><li><span class=\"has-inline-color has-black-color\"><strong>Safety<\/strong> (fire extinguishers, sprinklers, fire alarms, etc.)<\/span><\/li><li><span class=\"has-inline-color has-black-color\"><strong>Accessibility<\/strong> (disabled access, ...)<\/span><\/li><\/ul>\n\n\n\n<hr class=\"wp-block-separator\"\/>\n\n\n\n<h2 class=\"has-text-align-center scrollspy\"><span class=\"has-inline-color has-black-color\">Outsourced maintenance : focus on your business<\/span><\/h2>\n\n\n\n<p><span class=\"has-inline-color has-black-color\">It consists of centralising all the maintenance operations of your property and delegating the management to a qualified service provider.<\/span> <span class=\"has-inline-color has-black-color\">Presta-Service offers trusted services to outsource your maintenance in all trades and optimise the quality of your work.<\/span><\/p>\n\n\n\n<h3>1. <span style=\"color:#c8140f\" class=\"has-inline-color\">Handling of emergencies<\/span><\/h3>\n\n\n\n<p><span class=\"has-inline-color has-black-color\">Presta-Service offers a <a href=\"https:\/\/www.presta-service.fr\/en\/process-intervention\/\" target=\"_blank\" rel=\"noreferrer noopener\">24\/7 emergency service.<\/a> Emergencies are dealt with as quickly as possible by our technical teams so that you can deal with problems on site at any time. We provide a debriefing to the works manager the next day.<\/span><\/p>\n\n\n\n<div style=\"height:30px\" aria-hidden=\"true\" class=\"wp-block-spacer\"><\/div>\n\n\n\n<h3>2. <span style=\"color:#c8140f\" class=\"has-inline-color\">Curative maintenance<\/span><\/h3>\n\n\n\n<p><span class=\"has-inline-color has-black-color\">The&nbsp;<strong>Curative maintenance&nbsp;<\/strong>is necessary when your machine breaks down and is in very poor condition. After unsuccessful&nbsp;<strong>corrective and preventive measures<\/strong>&nbsp;have been implemented, it is time for&nbsp;<strong>Curative maintenance<\/strong>This is the last resort for maintenance.&nbsp;<strong>Curative maintenance<\/strong>&nbsp;requires you to replace broken parts or even the entire system.<\/span><\/p>\n\n\n\n<p><span class=\"has-inline-color has-black-color\">This&nbsp;<strong>Curative maintenance<\/strong>&nbsp;covers a fairly wide area, as it can apply to minor or major work. If a part of your system has a bug or defect that cannot be corrected by other measures, it must be replaced. This may be a small part of the system or a major component.<\/span><\/p>\n\n\n\n<div class=\"wp-block-image\"><figure class=\"alignleft size-large is-resized\"><img decoding=\"async\" src=\"https:\/\/www.presta-service.fr\/wp-content\/uploads\/2021\/09\/WhatsApp-Image-2021-09-01-at-16.02.08-768x1024.jpeg\" alt=\"\" class=\"wp-image-1534\" width=\"272\" height=\"362\" srcset=\"https:\/\/www.presta-service.fr\/wp-content\/uploads\/2021\/09\/WhatsApp-Image-2021-09-01-at-16.02.08-768x1024.jpeg 768w, https:\/\/www.presta-service.fr\/wp-content\/uploads\/2021\/09\/WhatsApp-Image-2021-09-01-at-16.02.08-225x300.jpeg 225w, https:\/\/www.presta-service.fr\/wp-content\/uploads\/2021\/09\/WhatsApp-Image-2021-09-01-at-16.02.08-810x1080.jpeg 810w, https:\/\/www.presta-service.fr\/wp-content\/uploads\/2021\/09\/WhatsApp-Image-2021-09-01-at-16.02.08-18x24.jpeg 18w, https:\/\/www.presta-service.fr\/wp-content\/uploads\/2021\/09\/WhatsApp-Image-2021-09-01-at-16.02.08-27x36.jpeg 27w, https:\/\/www.presta-service.fr\/wp-content\/uploads\/2021\/09\/WhatsApp-Image-2021-09-01-at-16.02.08-36x48.jpeg 36w, https:\/\/www.presta-service.fr\/wp-content\/uploads\/2021\/09\/WhatsApp-Image-2021-09-01-at-16.02.08.jpeg 960w\" sizes=\"(max-width: 272px) 100vw, 272px\" loading=\"lazy\" \/><figcaption><span class=\"has-inline-color has-black-color\">Replacement of a lock cylinder at the metal curtain<\/span><\/figcaption><\/figure><\/div>\n\n\n\n<p><span class=\"has-inline-color has-black-color\">The&nbsp;<strong>The curative method<\/strong>&nbsp;also applies when you cannot repair the broken item with a permanent solution. For example, if you puncture a bicycle tyre, you can repair it, but this is only a short-term quick fix. Eventually, the tyre needs to be replaced. This replacement of the tyre is&nbsp;<strong>The curative method<\/strong>.<\/span><\/p>\n\n\n\n<p><span class=\"has-inline-color has-black-color\">You can find<strong>&nbsp;The curative method<\/strong>&nbsp;in all areas of a system where a total renewal is needed.<\/span><\/p>\n\n\n\n<div style=\"height:30px\" aria-hidden=\"true\" class=\"wp-block-spacer\"><\/div>\n\n\n\n<h3>3. <span style=\"color:#c8140f\" class=\"has-inline-color\">Preventive maintenance<\/span><\/h3>\n\n\n\n<p><span class=\"has-inline-color has-black-color\">While&nbsp;<strong>corrective&nbsp;<\/strong>and<strong>&nbsp;curative maintenances<\/strong>&nbsp;occurs when the system fails, preventive maintenance takes a more proactive approach. Of the&nbsp;<strong>different types of maintenance,<\/strong>preventive maintenance focuses on finding the problem before it occurs or before it becomes a problem.<\/span><\/p>\n\n\n\n<p><span class=\"has-inline-color has-black-color\">The&nbsp;<strong>Preventive maintenance<\/strong>&nbsp;is less about fixing problems and more about finding weaknesses in the system.<\/span><\/p>\n\n\n\n<p><span class=\"has-inline-color has-black-color\">With regular checks and routine tasks, you can ensure that the system is working at its best. The different parts of the system are broken down and observed to ensure that they are in good working order.<\/span><\/p>\n\n\n\n<figure class=\"wp-block-image size-large is-resized\"><img decoding=\"async\" src=\"https:\/\/www.presta-service.fr\/wp-content\/uploads\/2021\/09\/WhatsApp-Image-2021-09-01-at-16.02.09-2-edited.jpeg\" alt=\"\" class=\"wp-image-1536\" width=\"549\" height=\"412\" srcset=\"https:\/\/www.presta-service.fr\/wp-content\/uploads\/2021\/09\/WhatsApp-Image-2021-09-01-at-16.02.09-2-edited.jpeg 1356w, https:\/\/www.presta-service.fr\/wp-content\/uploads\/2021\/09\/WhatsApp-Image-2021-09-01-at-16.02.09-2-edited-300x225.jpeg 300w, https:\/\/www.presta-service.fr\/wp-content\/uploads\/2021\/09\/WhatsApp-Image-2021-09-01-at-16.02.09-2-edited-1024x768.jpeg 1024w, https:\/\/www.presta-service.fr\/wp-content\/uploads\/2021\/09\/WhatsApp-Image-2021-09-01-at-16.02.09-2-edited-768x576.jpeg 768w, https:\/\/www.presta-service.fr\/wp-content\/uploads\/2021\/09\/WhatsApp-Image-2021-09-01-at-16.02.09-2-edited-24x18.jpeg 24w, https:\/\/www.presta-service.fr\/wp-content\/uploads\/2021\/09\/WhatsApp-Image-2021-09-01-at-16.02.09-2-edited-36x27.jpeg 36w, https:\/\/www.presta-service.fr\/wp-content\/uploads\/2021\/09\/WhatsApp-Image-2021-09-01-at-16.02.09-2-edited-48x36.jpeg 48w\" sizes=\"(max-width: 549px) 100vw, 549px\" loading=\"lazy\" \/><figcaption><span class=\"has-inline-color has-black-color\">Implementation of regulatory controls on metal curtains<\/span><\/figcaption><\/figure>\n\n\n\n<p><span class=\"has-inline-color has-black-color\">The&nbsp;<strong>Preventive maintenance<\/strong>&nbsp;of a computer system is usually carried out via various software platforms. These include anti-virus checks, runtime and cleaning programs, and automatic update programs.<\/span><\/p>\n\n\n\n<p><span class=\"has-inline-color has-black-color\">Other forms of&nbsp;<strong>Preventive maintenance<\/strong>&nbsp;may also include backing up your files and cleaning your machine regularly. Basically, anything that takes a precautionary measure to avoid problems before they occur falls into this category. It's about taking certain steps to help the system run at its best.<\/span><\/p>\n\n\n\n<p><span class=\"has-inline-color has-black-color\">In short,&nbsp;<strong>corrective and curative maintenances&nbsp;<\/strong>and<strong>&nbsp;curative maintenances<\/strong>&nbsp;solve problems while&nbsp;<strong>Preventive maintenance<\/strong>&nbsp;avoids them in the first place. This is the major difference between these types of maintenance.<\/span><\/p>\n\n\n\n<div style=\"height:30px\" aria-hidden=\"true\" class=\"wp-block-spacer\"><\/div>\n\n\n\n<h3>4. <span style=\"color:#c8140f\" class=\"has-inline-color\">Regulatory control<\/span><\/h3>\n\n\n\n<div class=\"is-layout-flex wp-container-2 wp-block-columns\">\n<div class=\"is-layout-flow wp-block-column\" style=\"flex-basis:100%\">\n<p><span class=\"has-inline-color has-black-color\">The purpose of <strong>inspections <\/strong>and <strong>periodic checks<\/strong> is also to ensure that equipment and installations are&nbsp;<strong>maintained in conformity&nbsp;<\/strong>and to intervene in the event of a defect. This implies, if necessary, testing the equipment in order to assess its condition. In fact, the periodic inspection is only an observation that must be completed by repairing any anomalies found and, in general, by <strong>ongoing maintenance<\/strong> of all installations.<\/span><\/p>\n<\/div>\n<\/div>\n\n\n\n<div class=\"is-layout-flex wp-container-6 wp-block-columns\">\n<div class=\"is-layout-flow wp-block-column\"><\/div>\n\n\n\n<div class=\"is-layout-flow wp-block-column\"><\/div>\n\n\n\n<div class=\"is-layout-flow wp-block-column\"><\/div>\n<\/div>\n\n\n\n<div style=\"height:30px\" aria-hidden=\"true\" class=\"wp-block-spacer\"><\/div>\n\n\n\n<h3>5. <span style=\"color:#c8140f\" class=\"has-inline-color\">Deployment<\/span><\/h3>\n\n\n\n<p><span class=\"has-inline-color has-black-color\">Manufacture, logistics and installation of specific furniture or equipment to be put in place at all your sites on <strong>planned dates.<\/strong>.<\/span> <span class=\"has-inline-color has-black-color\">For example, all the electrical switches in your shops need to be changed in a given week. Our team is there to find the <strong>best technicians<\/strong> to carry out the work, on time. We track all work in each region to ensure your deployment is successful and running smoothly.<\/span><\/p>\n\n\n\n<div style=\"height:30px\" aria-hidden=\"true\" class=\"wp-block-spacer\"><\/div>\n\n\n\n<h3>6. <span style=\"color:#c8140f\" class=\"has-inline-color\">Makeover<\/span><\/h3>\n\n\n\n<p><span class=\"has-inline-color has-black-color\">Upgrading the <strong>concept <\/strong>of your existing shops.<\/span> <span class=\"has-inline-color has-black-color\">All your shops will follow the identity of your brand, of your concept, down to the last detail. After each intervention, our teams check that the concept has been reproduced in all your shops.<\/span><\/p>\n\n\n\n<figure class=\"wp-block-image size-large\"><img decoding=\"async\" width=\"1024\" height=\"443\" src=\"https:\/\/www.presta-service.fr\/\/wp-content\/uploads\/2021\/09\/WhatsApp-Image-2021-09-01-at-16.02.10-2-1024x443.jpeg\" alt=\"\" class=\"wp-image-1279\" srcset=\"https:\/\/www.presta-service.fr\/wp-content\/uploads\/2021\/09\/WhatsApp-Image-2021-09-01-at-16.02.10-2-1024x443.jpeg 1024w, https:\/\/www.presta-service.fr\/wp-content\/uploads\/2021\/09\/WhatsApp-Image-2021-09-01-at-16.02.10-2-300x130.jpeg 300w, https:\/\/www.presta-service.fr\/wp-content\/uploads\/2021\/09\/WhatsApp-Image-2021-09-01-at-16.02.10-2-768x332.jpeg 768w, https:\/\/www.presta-service.fr\/wp-content\/uploads\/2021\/09\/WhatsApp-Image-2021-09-01-at-16.02.10-2-24x10.jpeg 24w, https:\/\/www.presta-service.fr\/wp-content\/uploads\/2021\/09\/WhatsApp-Image-2021-09-01-at-16.02.10-2-36x16.jpeg 36w, https:\/\/www.presta-service.fr\/wp-content\/uploads\/2021\/09\/WhatsApp-Image-2021-09-01-at-16.02.10-2-48x21.jpeg 48w, https:\/\/www.presta-service.fr\/wp-content\/uploads\/2021\/09\/WhatsApp-Image-2021-09-01-at-16.02.10-2.jpeg 1230w\" sizes=\"(max-width: 1024px) 100vw, 1024px\" loading=\"lazy\" \/><figcaption><span class=\"has-inline-color has-black-color\">Before and after of a shop concept update<\/span><\/figcaption><\/figure>\n\n\n\n<div style=\"height:30px\" aria-hidden=\"true\" class=\"wp-block-spacer\"><\/div>\n\n\n\n<h3 class=\"scrollspy\">7. <span style=\"color:#c8140f\" class=\"has-inline-color\">Maintenance engineering<\/span><\/h3>\n\n\n\n<p><span class=\"has-inline-color has-black-color\">Maintenance engineering refers to the process of supporting an industrial asset during all phases of its <strong>life cycle,<\/strong>from design to dismantling. This process allows to optimise the operation of the asset as well as its cost (global life cycle cost).<\/span><\/p>\n\n\n\n<p><span class=\"has-inline-color has-black-color\">Presta-Service organises and supervises the activities and maintenance interventions of your services, with the <strong>aim of making production resources<\/strong> and tools more reliable in accordance with <strong>safety,<\/strong>health and environmental standards and <strong>productivity <\/strong>and <strong>quality requirements.<\/strong>.<\/span><\/p>","protected":false},"excerpt":{"rendered":"<p>Presta Service accompagne ses clients dans le maintien de leur(s) parc(s) immobilier(s). L\u2019externalisation de la maintenance permet \u00e0 nos clients de concentrer leurs ressources sur leur c\u0153ur de m\u00e9tier. Confier la r\u00e9alisation des travaux de maintenance (simples ou complexes) \u00e0 Presta Service permet \u00e0 nos clients d\u2019avoir une meilleure ma\u00eetrise des co\u00fbts et de la&hellip; <br \/> <a class=\"read-more\" href=\"https:\/\/www.presta-service.fr\/en\/notre-metier-maintenance\/\">Read more<\/a><\/p>","protected":false},"author":1,"featured_media":0,"parent":0,"menu_order":0,"comment_status":"closed","ping_status":"closed","template":"","meta":[],"yoast_head":"<!-- This site is optimized with the Yoast SEO plugin v20.0 - https:\/\/yoast.com\/wordpress\/plugins\/seo\/ -->\n<title>Presta-Service - Notre m\u00e9tier d&#039;expert en maintenance<\/title>\n<meta name=\"description\" content=\"Notre m\u00e9tier consiste \u00e0 vous accompagner dans la maintenance de vos biens immobiliers, en garantissant qualit\u00e9 et ma\u00eetrise des co\u00fbts.\" \/>\n<meta name=\"robots\" content=\"index, follow, max-snippet:-1, max-image-preview:large, max-video-preview:-1\" \/>\n<link rel=\"canonical\" href=\"https:\/\/www.presta-service.fr\/en\/notre-metier-maintenance\/\" \/>\n<meta property=\"og:locale\" content=\"en_GB\" \/>\n<meta property=\"og:type\" content=\"article\" \/>\n<meta property=\"og:title\" content=\"Presta-Service - Notre m\u00e9tier d&#039;expert en maintenance\" \/>\n<meta property=\"og:description\" content=\"Notre m\u00e9tier consiste \u00e0 vous accompagner dans la maintenance de vos biens immobiliers, en garantissant qualit\u00e9 et ma\u00eetrise des co\u00fbts.\" \/>\n<meta property=\"og:url\" content=\"https:\/\/www.presta-service.fr\/en\/notre-metier-maintenance\/\" \/>\n<meta property=\"og:site_name\" content=\"Presta-Service\" \/>\n<meta property=\"article:modified_time\" content=\"2021-10-21T09:50:23+02:00\" \/>\n<meta property=\"og:image\" content=\"https:\/\/www.presta-service.fr\/wp-content\/uploads\/2021\/09\/WhatsApp-Image-2021-09-01-at-16.02.08-768x1024.jpeg\" \/>\n<meta name=\"twitter:card\" content=\"summary_large_image\" \/>\n<meta name=\"twitter:label1\" content=\"Estimated reading time\" \/>\n\t<meta name=\"twitter:data1\" content=\"5 minutes\" \/>\n<script type=\"application\/ld+json\" class=\"yoast-schema-graph\">{\"@context\":\"https:\/\/schema.org\",\"@graph\":[{\"@type\":\"WebPage\",\"@id\":\"https:\/\/www.presta-service.fr\/notre-metier-maintenance\/\",\"url\":\"https:\/\/www.presta-service.fr\/notre-metier-maintenance\/\",\"name\":\"Presta-Service - Notre m\u00e9tier d'expert en maintenance\",\"isPartOf\":{\"@id\":\"https:\/\/www.presta-service.fr\/#website\"},\"datePublished\":\"2021-07-06T13:47:52+02:00\",\"dateModified\":\"2021-10-21T09:50:23+02:00\",\"description\":\"Notre m\u00e9tier consiste \u00e0 vous accompagner dans la maintenance de vos biens immobiliers, en garantissant qualit\u00e9 et ma\u00eetrise des co\u00fbts.\",\"breadcrumb\":{\"@id\":\"https:\/\/www.presta-service.fr\/notre-metier-maintenance\/#breadcrumb\"},\"inLanguage\":\"en-GB\",\"potentialAction\":[{\"@type\":\"ReadAction\",\"target\":[\"https:\/\/www.presta-service.fr\/notre-metier-maintenance\/\"]}]},{\"@type\":\"BreadcrumbList\",\"@id\":\"https:\/\/www.presta-service.fr\/notre-metier-maintenance\/#breadcrumb\",\"itemListElement\":[{\"@type\":\"ListItem\",\"position\":1,\"name\":\"Accueil\",\"item\":\"https:\/\/www.presta-service.fr\/\"},{\"@type\":\"ListItem\",\"position\":2,\"name\":\"Notre m\u00e9tier\"}]},{\"@type\":\"WebSite\",\"@id\":\"https:\/\/www.presta-service.fr\/#website\",\"url\":\"https:\/\/www.presta-service.fr\/\",\"name\":\"Presta-Service\",\"description\":\"\",\"publisher\":{\"@id\":\"https:\/\/www.presta-service.fr\/#organization\"},\"potentialAction\":[{\"@type\":\"SearchAction\",\"target\":{\"@type\":\"EntryPoint\",\"urlTemplate\":\"https:\/\/www.presta-service.fr\/?s={search_term_string}\"},\"query-input\":\"required name=search_term_string\"}],\"inLanguage\":\"en-GB\"},{\"@type\":\"Organization\",\"@id\":\"https:\/\/www.presta-service.fr\/#organization\",\"name\":\"Presta-Service\",\"url\":\"https:\/\/www.presta-service.fr\/\",\"logo\":{\"@type\":\"ImageObject\",\"inLanguage\":\"en-GB\",\"@id\":\"https:\/\/www.presta-service.fr\/#\/schema\/logo\/image\/\",\"url\":\"https:\/\/www.presta-service.fr\/wp-content\/uploads\/2021\/07\/cropped-Logo-prestaservice.png\",\"contentUrl\":\"https:\/\/www.presta-service.fr\/wp-content\/uploads\/2021\/07\/cropped-Logo-prestaservice.png\",\"width\":204,\"height\":80,\"caption\":\"Presta-Service\"},\"image\":{\"@id\":\"https:\/\/www.presta-service.fr\/#\/schema\/logo\/image\/\"}}]}<\/script>\n<!-- \/ Yoast SEO plugin. -->","yoast_head_json":{"title":"Presta-Service - Notre m\u00e9tier d'expert en maintenance","description":"Notre m\u00e9tier consiste \u00e0 vous accompagner dans la maintenance de vos biens immobiliers, en garantissant qualit\u00e9 et ma\u00eetrise des co\u00fbts.","robots":{"index":"index","follow":"follow","max-snippet":"max-snippet:-1","max-image-preview":"max-image-preview:large","max-video-preview":"max-video-preview:-1"},"canonical":"https:\/\/www.presta-service.fr\/en\/notre-metier-maintenance\/","og_locale":"en_GB","og_type":"article","og_title":"Presta-Service - Notre m\u00e9tier d'expert en maintenance","og_description":"Notre m\u00e9tier consiste \u00e0 vous accompagner dans la maintenance de vos biens immobiliers, en garantissant qualit\u00e9 et ma\u00eetrise des co\u00fbts.","og_url":"https:\/\/www.presta-service.fr\/en\/notre-metier-maintenance\/","og_site_name":"Presta-Service","article_modified_time":"2021-10-21T09:50:23+02:00","og_image":[{"url":"https:\/\/www.presta-service.fr\/wp-content\/uploads\/2021\/09\/WhatsApp-Image-2021-09-01-at-16.02.08-768x1024.jpeg"}],"twitter_card":"summary_large_image","twitter_misc":{"Estimated reading time":"5 minutes"},"schema":{"@context":"https:\/\/schema.org","@graph":[{"@type":"WebPage","@id":"https:\/\/www.presta-service.fr\/notre-metier-maintenance\/","url":"https:\/\/www.presta-service.fr\/notre-metier-maintenance\/","name":"Presta-Service - Notre m\u00e9tier d'expert en maintenance","isPartOf":{"@id":"https:\/\/www.presta-service.fr\/#website"},"datePublished":"2021-07-06T13:47:52+02:00","dateModified":"2021-10-21T09:50:23+02:00","description":"Notre m\u00e9tier consiste \u00e0 vous accompagner dans la maintenance de vos biens immobiliers, en garantissant qualit\u00e9 et ma\u00eetrise des co\u00fbts.","breadcrumb":{"@id":"https:\/\/www.presta-service.fr\/notre-metier-maintenance\/#breadcrumb"},"inLanguage":"en-GB","potentialAction":[{"@type":"ReadAction","target":["https:\/\/www.presta-service.fr\/notre-metier-maintenance\/"]}]},{"@type":"BreadcrumbList","@id":"https:\/\/www.presta-service.fr\/notre-metier-maintenance\/#breadcrumb","itemListElement":[{"@type":"ListItem","position":1,"name":"Accueil","item":"https:\/\/www.presta-service.fr\/"},{"@type":"ListItem","position":2,"name":"Notre m\u00e9tier"}]},{"@type":"WebSite","@id":"https:\/\/www.presta-service.fr\/#website","url":"https:\/\/www.presta-service.fr\/","name":"Presta-Service","description":"","publisher":{"@id":"https:\/\/www.presta-service.fr\/#organization"},"potentialAction":[{"@type":"SearchAction","target":{"@type":"EntryPoint","urlTemplate":"https:\/\/www.presta-service.fr\/?s={search_term_string}"},"query-input":"required name=search_term_string"}],"inLanguage":"en-GB"},{"@type":"Organization","@id":"https:\/\/www.presta-service.fr\/#organization","name":"Presta-Service","url":"https:\/\/www.presta-service.fr\/","logo":{"@type":"ImageObject","inLanguage":"en-GB","@id":"https:\/\/www.presta-service.fr\/#\/schema\/logo\/image\/","url":"https:\/\/www.presta-service.fr\/wp-content\/uploads\/2021\/07\/cropped-Logo-prestaservice.png","contentUrl":"https:\/\/www.presta-service.fr\/wp-content\/uploads\/2021\/07\/cropped-Logo-prestaservice.png","width":204,"height":80,"caption":"Presta-Service"},"image":{"@id":"https:\/\/www.presta-service.fr\/#\/schema\/logo\/image\/"}}]}},"_links":{"self":[{"href":"https:\/\/www.presta-service.fr\/en\/wp-json\/wp\/v2\/pages\/6"}],"collection":[{"href":"https:\/\/www.presta-service.fr\/en\/wp-json\/wp\/v2\/pages"}],"about":[{"href":"https:\/\/www.presta-service.fr\/en\/wp-json\/wp\/v2\/types\/page"}],"author":[{"embeddable":true,"href":"https:\/\/www.presta-service.fr\/en\/wp-json\/wp\/v2\/users\/1"}],"replies":[{"embeddable":true,"href":"https:\/\/www.presta-service.fr\/en\/wp-json\/wp\/v2\/comments?post=6"}],"version-history":[{"count":5,"href":"https:\/\/www.presta-service.fr\/en\/wp-json\/wp\/v2\/pages\/6\/revisions"}],"predecessor-version":[{"id":1687,"href":"https:\/\/www.presta-service.fr\/en\/wp-json\/wp\/v2\/pages\/6\/revisions\/1687"}],"wp:attachment":[{"href":"https:\/\/www.presta-service.fr\/en\/wp-json\/wp\/v2\/media?parent=6"}],"curies":[{"name":"wp","href":"https:\/\/api.w.org\/{rel}","templated":true}]}}