{"id":172,"date":"2021-07-10T22:39:44","date_gmt":"2021-07-10T20:39:44","guid":{"rendered":"https:\/\/dev.presta-service.fr\/?page_id=172"},"modified":"2024-10-17T08:33:19","modified_gmt":"2024-10-17T06:33:19","slug":"nos-partenaires","status":"publish","type":"page","link":"https:\/\/www.presta-service.fr\/es\/nos-partenaires\/","title":{"rendered":"Nuestros colaboradores"},"content":{"rendered":"<div class=\"yoast-breadcrumbs\"><span><span><a href=\"https:\/\/www.presta-service.fr\/es\/\">Recepci\u00f3n<\/a><\/span> \u00bb <span class=\"breadcrumb_last\" aria-current=\"page\">Nuestros colaboradores<\/span><\/span><\/div>\n\n\n<hr class=\"wp-block-separator has-css-opacity is-style-wide\"\/>\n\n\n\n<p><mark style=\"background-color:rgba(0, 0, 0, 0)\" class=\"has-inline-color has-black-color\">\u00bfC\u00f3mo encontrar los socios adecuados para llevar a cabo su trabajo? Presta-Service elige a sus socios por su capacidad de reacci\u00f3n, su profesionalidad y sus competencias sobre el terreno.<\/mark><\/p>\n\n\n\n<h2><mark style=\"background-color:rgba(0, 0, 0, 0);color:#c8140f\" class=\"has-inline-color\">Informaci\u00f3n de los socios en nuestra <a href=\"https:\/\/www.presta-service.fr\/es\/gmao-harmony\/\">CMMS<\/a><\/mark><\/h2>\n\n\n\n<p><mark style=\"background-color:rgba(0, 0, 0, 0)\" class=\"has-inline-color has-black-color\">Ejemplo de ficha de socio en nuestra base de datos Harmony :<\/mark><\/p>\n\n\n\n<ul>\n<li><mark style=\"background-color:rgba(0, 0, 0, 0)\" class=\"has-inline-color has-black-color\">Nombre de la empresa<\/mark><\/li>\n\n\n\n<li><mark style=\"background-color:rgba(0, 0, 0, 0)\" class=\"has-inline-color has-black-color\">Direcci\u00f3n de correo electr\u00f3nico de la empresa<\/mark><\/li>\n\n\n\n<li><mark style=\"background-color:rgba(0, 0, 0, 0)\" class=\"has-inline-color has-black-color\">SIREN o SIRET de la empresa<\/mark><\/li>\n\n\n\n<li><mark style=\"background-color:rgba(0, 0, 0, 0)\" class=\"has-inline-color has-black-color\">Direcci\u00f3n de la empresa<\/mark><\/li>\n\n\n\n<li><mark style=\"background-color:rgba(0, 0, 0, 0)\" class=\"has-inline-color has-black-color\">C\u00f3digo postal de la empresa<\/mark><\/li>\n\n\n\n<li><mark style=\"background-color:rgba(0, 0, 0, 0)\" class=\"has-inline-color has-black-color\">Ciudad de la empresa<\/mark><\/li>\n\n\n\n<li><mark style=\"background-color:rgba(0, 0, 0, 0)\" class=\"has-inline-color has-black-color\">Pa\u00eds de la empresa<\/mark><\/li>\n\n\n\n<li><mark style=\"background-color:rgba(0, 0, 0, 0)\" class=\"has-inline-color has-black-color\">N\u00famero de tel\u00e9fono de la empresa<\/mark><\/li>\n\n\n\n<li><mark style=\"background-color:rgba(0, 0, 0, 0)\" class=\"has-inline-color has-black-color\">Comercio de la empresa<\/mark><\/li>\n<\/ul>\n\n\n\n<h2><mark style=\"background-color:rgba(0, 0, 0, 0);color:#c8140f\" class=\"has-inline-color\">Proveedores de servicios<\/mark><\/h2>\n\n\n\n<p><mark style=\"background-color:rgba(0, 0, 0, 0)\" class=\"has-inline-color has-black-color\">De nombreux responsables maintenance se retrouvent\u00a0confront\u00e9s \u00e0\u00a0la difficult\u00e9 de g\u00e9rer\u00a0ces prestataires de service et de leurs activit\u00e9s.\u00a0En cause, le nombre important de soci\u00e9t\u00e9s de services avec lesquelles ils peuvent \u00eatre amen\u00e9s \u00e0 travailler. Le suivi des interventions des prestataires, leur notation, le stockage des documents d\u2019interventions et la comparaison entre prestataires de service avec d\u2019autres responsables maintenance sont souvent des \u00e9l\u00e9ments difficiles \u00e0 mettre en place.<\/mark><\/p>\n\n\n\n<p><mark style=\"background-color:rgba(0, 0, 0, 0)\" class=\"has-inline-color has-black-color\">Por ello, Presta-Service trabaja con proveedores de servicios <strong>locales,<\/strong>que son controlados despu\u00e9s de cada intervenci\u00f3n y referenciados en la base de datos HARMONY. La utilidad de los proveedores de servicios locales radica en la nula emisi\u00f3n de carbono y, por tanto, en favorecer la econom\u00eda local. Nuestros equipos trabajan cada d\u00eda para encontrar proveedores de servicios cerca de los lugares de intervenci\u00f3n, para enriquecer el CMMS. De este modo, dispondr\u00e1 de t\u00e9cnicos cualificados en toda Francia para sus tiendas.<\/mark><\/p>\n\n\n\n<p><mark style=\"background-color:rgba(0, 0, 0, 0)\" class=\"has-inline-color has-black-color\">Antes de introducirlos en la CMMS, realizamos un an\u00e1lisis completo del proveedor, con sus precios (costes de desplazamiento, tarifa horaria, etc.), as\u00ed como su disponibilidad y su \u00e1mbito de actuaci\u00f3n (se limita a un departamento o puede desplazarse a varios).<\/mark><\/p>\n\n\n\n<h2><mark style=\"background-color:rgba(0, 0, 0, 0);color:#c8140f\" class=\"has-inline-color\">Proveedores<\/mark><\/h2>\n\n\n\n<p><mark style=\"background-color:rgba(0, 0, 0, 0)\" class=\"has-inline-color has-black-color\">Al igual que los proveedores de servicios, nuestros proveedores se eligen por su capacidad de respuesta y su ubicaci\u00f3n geogr\u00e1fica. Gracias a la referenciaci\u00f3n de estas empresas en la CMMS, es m\u00e1s f\u00e1cil controlar los costes y ofrecerle as\u00ed el mejor equipo al precio adecuado.<\/mark><\/p>\n\n\n\n<p><mark style=\"background-color:rgba(0, 0, 0, 0)\" class=\"has-inline-color has-black-color\">Estas son las diferentes empresas con las que trabajamos :<\/mark><\/p>\n\n\n\n\t\t<style>\n\t\t\t#wpls-logo-showcase-slider-1 .wpls-fix-box,\n\t\t\t#wpls-logo-showcase-slider-1 .wpls-fix-box img.wp-post-image{max-height:250px; }\n\t\t<\/style>\n\n\t\t<div class=\"wpls-wrap wpls-logo-showcase-slider-wrp wpls-logo-clearfix wpls-design-1\" data-conf=\"{&quot;slides_column&quot;:&quot;3&quot;,&quot;slides_scroll&quot;:1,&quot;dots&quot;:&quot;true&quot;,&quot;arrows&quot;:&quot;true&quot;,&quot;autoplay&quot;:&quot;true&quot;,&quot;autoplay_interval&quot;:3000,&quot;loop&quot;:&quot;true&quot;,&quot;rtl&quot;:&quot;false&quot;,&quot;speed&quot;:800,&quot;center_mode&quot;:&quot;true&quot;,&quot;lazyload&quot;:&quot;&quot;}\">\n\t\t\t<div class=\"wpls-logo-showcase logo_showcase wpls-logo-slider wpls-center sliderimage_hide_border\" id=\"wpls-logo-showcase-slider-1\" >\n\t\t\t\t<div class=\"wpls-logo-cnt\">\n\t<div class=\"wpls-fix-box\">\n\t\t\t\t<img class=\"wp-post-image\"  src=\"https:\/\/www.presta-service.fr\/wp-content\/uploads\/2021\/07\/GEZE_Logo.png\" alt=\"\" loading=\"lazy\" \/>\n\t\t\t<\/div>\n\t<\/div><div class=\"wpls-logo-cnt\">\n\t<div class=\"wpls-fix-box\">\n\t\t\t\t<img class=\"wp-post-image\"  src=\"https:\/\/www.presta-service.fr\/wp-content\/uploads\/2021\/07\/logo_cedeo.png\" alt=\"\" loading=\"lazy\" \/>\n\t\t\t<\/div>\n\t<\/div><div class=\"wpls-logo-cnt\">\n\t<div class=\"wpls-fix-box\">\n\t\t\t\t<img class=\"wp-post-image\"  src=\"https:\/\/www.presta-service.fr\/wp-content\/uploads\/2021\/07\/logo_decoceram.png\" alt=\"\" loading=\"lazy\" \/>\n\t\t\t<\/div>\n\t<\/div><div class=\"wpls-logo-cnt\">\n\t<div class=\"wpls-fix-box\">\n\t\t\t\t<img class=\"wp-post-image\"  src=\"https:\/\/www.presta-service.fr\/wp-content\/uploads\/2021\/07\/logo_francelampes.png\" alt=\"\" loading=\"lazy\" \/>\n\t\t\t<\/div>\n\t<\/div><div class=\"wpls-logo-cnt\">\n\t<div class=\"wpls-fix-box\">\n\t\t\t\t<img class=\"wp-post-image\"  src=\"https:\/\/www.presta-service.fr\/wp-content\/uploads\/2021\/07\/LOGO-mieko.png\" alt=\"\" loading=\"lazy\" \/>\n\t\t\t<\/div>\n\t<\/div><div class=\"wpls-logo-cnt\">\n\t<div class=\"wpls-fix-box\">\n\t\t\t\t<img class=\"wp-post-image\"  src=\"https:\/\/www.presta-service.fr\/wp-content\/uploads\/2021\/07\/logo-rexel.png\" alt=\"\" loading=\"lazy\" \/>\n\t\t\t<\/div>\n\t<\/div><div class=\"wpls-logo-cnt\">\n\t<div class=\"wpls-fix-box\">\n\t\t\t\t<img class=\"wp-post-image\"  src=\"https:\/\/www.presta-service.fr\/wp-content\/uploads\/2021\/07\/point-p.png\" alt=\"\" loading=\"lazy\" \/>\n\t\t\t<\/div>\n\t<\/div><div class=\"wpls-logo-cnt\">\n\t<div class=\"wpls-fix-box\">\n\t\t\t\t<a href=\"https:\/\/www.dispano.fr\/\" target=\"_self\">\n\t\t\t<img class=\"wp-post-image\"  src=\"https:\/\/www.presta-service.fr\/wp-content\/uploads\/2021\/09\/dispano-logo.png\" alt=\"Dispano logo\" loading=\"lazy\" \/>\n\t\t<\/a>\n\t\t\t<\/div>\n\t<\/div><div class=\"wpls-logo-cnt\">\n\t<div class=\"wpls-fix-box\">\n\t\t\t\t<a href=\"https:\/\/votrecentresecurite.com\/\" target=\"_self\">\n\t\t\t<img class=\"wp-post-image\"  src=\"https:\/\/www.presta-service.fr\/wp-content\/uploads\/2022\/05\/Servix.jpg\" alt=\"\" loading=\"lazy\" \/>\n\t\t<\/a>\n\t\t\t<\/div>\n\t<\/div>\t\t\t<\/div>\n\t\t<\/div>","protected":false},"excerpt":{"rendered":"<p>Comment trouvons nous les partenaires id\u00e9aux pour mener \u00e0 bien vos travaux ? Presta-Service choisit ses partenaires pour leur r\u00e9activit\u00e9, leur professionnalisme et leurs comp\u00e9tences sur le terrain. Renseignement des partenaires dans notre GMAO Exemple type d&rsquo;une fiche partenaire dans notre base de donn\u00e9es Harmony : Prestataires De nombreux responsables maintenance se retrouvent\u00a0confront\u00e9s \u00e0\u00a0la difficult\u00e9&hellip; <br \/> <a class=\"read-more\" href=\"https:\/\/www.presta-service.fr\/es\/logoshowcase\/servix\/\">Leer m\u00e1s<\/a><\/p>","protected":false},"author":1,"featured_media":0,"parent":0,"menu_order":2,"comment_status":"closed","ping_status":"closed","template":"","meta":[],"yoast_head":"<!-- This site is optimized with the Yoast SEO plugin v20.0 - https:\/\/yoast.com\/wordpress\/plugins\/seo\/ -->\n<title>Nos partenaires - Presta-Service<\/title>\n<meta name=\"description\" content=\"Presta-Service travaille main dans la main avec des partenaires de confiance pour tous vos travaux de maintenance sur vos parcs immobiliers.\" \/>\n<meta name=\"robots\" content=\"index, follow, max-snippet:-1, max-image-preview:large, max-video-preview:-1\" \/>\n<link rel=\"canonical\" href=\"https:\/\/www.presta-service.fr\/es\/nos-partenaires\/\" \/>\n<meta property=\"og:locale\" content=\"es_ES\" \/>\n<meta property=\"og:type\" content=\"article\" \/>\n<meta property=\"og:title\" content=\"Nos partenaires - Presta-Service\" \/>\n<meta property=\"og:description\" content=\"Presta-Service travaille main dans la main avec des partenaires de confiance pour tous vos travaux de maintenance sur vos parcs immobiliers.\" \/>\n<meta property=\"og:url\" content=\"https:\/\/www.presta-service.fr\/es\/nos-partenaires\/\" \/>\n<meta property=\"og:site_name\" content=\"Presta-Service\" \/>\n<meta property=\"article:modified_time\" content=\"2024-10-17T06:33:19+02:00\" \/>\n<meta name=\"twitter:card\" content=\"summary_large_image\" \/>\n<meta name=\"twitter:label1\" content=\"Tiempo de lectura\" \/>\n\t<meta name=\"twitter:data1\" content=\"2 minutos\" \/>\n<script type=\"application\/ld+json\" class=\"yoast-schema-graph\">{\"@context\":\"https:\/\/schema.org\",\"@graph\":[{\"@type\":\"WebPage\",\"@id\":\"https:\/\/www.presta-service.fr\/nos-partenaires\/\",\"url\":\"https:\/\/www.presta-service.fr\/nos-partenaires\/\",\"name\":\"Nos partenaires - Presta-Service\",\"isPartOf\":{\"@id\":\"https:\/\/www.presta-service.fr\/#website\"},\"datePublished\":\"2021-07-10T20:39:44+02:00\",\"dateModified\":\"2024-10-17T06:33:19+02:00\",\"description\":\"Presta-Service travaille main dans la main avec des partenaires de confiance pour tous vos travaux de maintenance sur vos parcs immobiliers.\",\"breadcrumb\":{\"@id\":\"https:\/\/www.presta-service.fr\/nos-partenaires\/#breadcrumb\"},\"inLanguage\":\"es\",\"potentialAction\":[{\"@type\":\"ReadAction\",\"target\":[\"https:\/\/www.presta-service.fr\/nos-partenaires\/\"]}]},{\"@type\":\"BreadcrumbList\",\"@id\":\"https:\/\/www.presta-service.fr\/nos-partenaires\/#breadcrumb\",\"itemListElement\":[{\"@type\":\"ListItem\",\"position\":1,\"name\":\"Accueil\",\"item\":\"https:\/\/www.presta-service.fr\/\"},{\"@type\":\"ListItem\",\"position\":2,\"name\":\"Nos partenaires\"}]},{\"@type\":\"WebSite\",\"@id\":\"https:\/\/www.presta-service.fr\/#website\",\"url\":\"https:\/\/www.presta-service.fr\/\",\"name\":\"Presta-Service\",\"description\":\"\",\"publisher\":{\"@id\":\"https:\/\/www.presta-service.fr\/#organization\"},\"potentialAction\":[{\"@type\":\"SearchAction\",\"target\":{\"@type\":\"EntryPoint\",\"urlTemplate\":\"https:\/\/www.presta-service.fr\/?s={search_term_string}\"},\"query-input\":\"required name=search_term_string\"}],\"inLanguage\":\"es\"},{\"@type\":\"Organization\",\"@id\":\"https:\/\/www.presta-service.fr\/#organization\",\"name\":\"Presta-Service\",\"url\":\"https:\/\/www.presta-service.fr\/\",\"logo\":{\"@type\":\"ImageObject\",\"inLanguage\":\"es\",\"@id\":\"https:\/\/www.presta-service.fr\/#\/schema\/logo\/image\/\",\"url\":\"https:\/\/www.presta-service.fr\/wp-content\/uploads\/2021\/07\/cropped-Logo-prestaservice.png\",\"contentUrl\":\"https:\/\/www.presta-service.fr\/wp-content\/uploads\/2021\/07\/cropped-Logo-prestaservice.png\",\"width\":204,\"height\":80,\"caption\":\"Presta-Service\"},\"image\":{\"@id\":\"https:\/\/www.presta-service.fr\/#\/schema\/logo\/image\/\"}}]}<\/script>\n<!-- \/ Yoast SEO plugin. -->","yoast_head_json":{"title":"Nos partenaires - Presta-Service","description":"Presta-Service travaille main dans la main avec des partenaires de confiance pour tous vos travaux de maintenance sur vos parcs immobiliers.","robots":{"index":"index","follow":"follow","max-snippet":"max-snippet:-1","max-image-preview":"max-image-preview:large","max-video-preview":"max-video-preview:-1"},"canonical":"https:\/\/www.presta-service.fr\/es\/nos-partenaires\/","og_locale":"es_ES","og_type":"article","og_title":"Nos partenaires - Presta-Service","og_description":"Presta-Service travaille main dans la main avec des partenaires de confiance pour tous vos travaux de maintenance sur vos parcs immobiliers.","og_url":"https:\/\/www.presta-service.fr\/es\/nos-partenaires\/","og_site_name":"Presta-Service","article_modified_time":"2024-10-17T06:33:19+02:00","twitter_card":"summary_large_image","twitter_misc":{"Tiempo de lectura":"2 minutos"},"schema":{"@context":"https:\/\/schema.org","@graph":[{"@type":"WebPage","@id":"https:\/\/www.presta-service.fr\/nos-partenaires\/","url":"https:\/\/www.presta-service.fr\/nos-partenaires\/","name":"Nos partenaires - Presta-Service","isPartOf":{"@id":"https:\/\/www.presta-service.fr\/#website"},"datePublished":"2021-07-10T20:39:44+02:00","dateModified":"2024-10-17T06:33:19+02:00","description":"Presta-Service travaille main dans la main avec des partenaires de confiance pour tous vos travaux de maintenance sur vos parcs immobiliers.","breadcrumb":{"@id":"https:\/\/www.presta-service.fr\/nos-partenaires\/#breadcrumb"},"inLanguage":"es","potentialAction":[{"@type":"ReadAction","target":["https:\/\/www.presta-service.fr\/nos-partenaires\/"]}]},{"@type":"BreadcrumbList","@id":"https:\/\/www.presta-service.fr\/nos-partenaires\/#breadcrumb","itemListElement":[{"@type":"ListItem","position":1,"name":"Accueil","item":"https:\/\/www.presta-service.fr\/"},{"@type":"ListItem","position":2,"name":"Nos partenaires"}]},{"@type":"WebSite","@id":"https:\/\/www.presta-service.fr\/#website","url":"https:\/\/www.presta-service.fr\/","name":"Presta-Service","description":"","publisher":{"@id":"https:\/\/www.presta-service.fr\/#organization"},"potentialAction":[{"@type":"SearchAction","target":{"@type":"EntryPoint","urlTemplate":"https:\/\/www.presta-service.fr\/?s={search_term_string}"},"query-input":"required name=search_term_string"}],"inLanguage":"es"},{"@type":"Organization","@id":"https:\/\/www.presta-service.fr\/#organization","name":"Presta-Service","url":"https:\/\/www.presta-service.fr\/","logo":{"@type":"ImageObject","inLanguage":"es","@id":"https:\/\/www.presta-service.fr\/#\/schema\/logo\/image\/","url":"https:\/\/www.presta-service.fr\/wp-content\/uploads\/2021\/07\/cropped-Logo-prestaservice.png","contentUrl":"https:\/\/www.presta-service.fr\/wp-content\/uploads\/2021\/07\/cropped-Logo-prestaservice.png","width":204,"height":80,"caption":"Presta-Service"},"image":{"@id":"https:\/\/www.presta-service.fr\/#\/schema\/logo\/image\/"}}]}},"_links":{"self":[{"href":"https:\/\/www.presta-service.fr\/es\/wp-json\/wp\/v2\/pages\/172"}],"collection":[{"href":"https:\/\/www.presta-service.fr\/es\/wp-json\/wp\/v2\/pages"}],"about":[{"href":"https:\/\/www.presta-service.fr\/es\/wp-json\/wp\/v2\/types\/page"}],"author":[{"embeddable":true,"href":"https:\/\/www.presta-service.fr\/es\/wp-json\/wp\/v2\/users\/1"}],"replies":[{"embeddable":true,"href":"https:\/\/www.presta-service.fr\/es\/wp-json\/wp\/v2\/comments?post=172"}],"version-history":[{"count":6,"href":"https:\/\/www.presta-service.fr\/es\/wp-json\/wp\/v2\/pages\/172\/revisions"}],"predecessor-version":[{"id":1973,"href":"https:\/\/www.presta-service.fr\/es\/wp-json\/wp\/v2\/pages\/172\/revisions\/1973"}],"wp:attachment":[{"href":"https:\/\/www.presta-service.fr\/es\/wp-json\/wp\/v2\/media?parent=172"}],"curies":[{"name":"wp","href":"https:\/\/api.w.org\/{rel}","templated":true}]}}