{"id":225,"date":"2021-07-11T10:57:40","date_gmt":"2021-07-11T08:57:40","guid":{"rendered":"https:\/\/dev.presta-service.fr\/?page_id=225"},"modified":"2021-09-09T15:12:35","modified_gmt":"2021-09-09T13:12:35","slug":"nos-etapes","status":"publish","type":"page","link":"https:\/\/www.presta-service.fr\/es\/nos-etapes\/","title":{"rendered":"Nuestras medidas"},"content":{"rendered":"<div class=\"yoast-breadcrumbs\"><span><span><a href=\"https:\/\/www.presta-service.fr\/es\/\">Recepci\u00f3n<\/a><\/span> \u00bb <span class=\"breadcrumb_last\" aria-current=\"page\">Nuestras medidas<\/span><\/span><\/div>\n\n\n<hr class=\"wp-block-separator is-style-wide\"\/>\n\n\n\n<h2 class=\"has-text-align-center\"><strong><em>Presta-Service se encarga de la gesti\u00f3n del mantenimiento multit\u00e9cnico de sus sitios<\/em><\/strong><\/h2>\n\n\n\n<p><span class=\"has-inline-color has-black-color\">Este enfoque gradual permite a los equipos de Presta-Service controlar constantemente la actividad y el calendario de las distintas obras en todo el pa\u00eds. Cada paso se detalla en <a href=\"https:\/\/www.presta-service.fr\/es\/process-intervention\/\" target=\"_blank\" rel=\"noreferrer noopener\">esta secci\u00f3n.<\/a><\/span><\/p>\n\n\n\n<div style=\"height:75px\" aria-hidden=\"true\" class=\"wp-block-spacer\"><\/div>\n\n\n\n<div class=\"is-layout-flex wp-container-3 wp-block-columns\">\n<div class=\"is-layout-flow wp-block-column\">\n<h2><span class=\"has-inline-color has-black-color\">1. <\/span><span style=\"color:#c8140f\" class=\"has-inline-color\">Etapa previa al trabajo<\/span><\/h2>\n\n\n\n<ul><li><span class=\"has-inline-color has-black-color\"><strong>ESCUCHAR<\/strong><\/span><\/li><\/ul>\n\n\n\n<p><span class=\"has-inline-color has-black-color\">Un equipo a su disposici\u00f3n las 24 horas del d\u00eda con la obligaci\u00f3n de atender las intervenciones urgentes (en menos de 4 horas).<\/span><\/p>\n\n\n\n<ul><li><span class=\"has-inline-color has-black-color\"><strong>DIAGN\u00d3STICO<\/strong><\/span><\/li><\/ul>\n\n\n\n<p><span class=\"has-inline-color has-black-color\">Nuestro equipo se pone en contacto con el director de la obra. Este intercambio nos permite encontrar t\u00e9cnicos cualificados, adaptados a sus necesidades.<\/span><\/p>\n\n\n\n<ul><li><span class=\"has-inline-color has-black-color\"><strong>COORDINATE<\/strong><\/span><\/li><\/ul>\n\n\n\n<p><span class=\"has-inline-color has-black-color\">Para finalizar la etapa de Pre-Trabajo, nuestros equipos establecen y validan el presupuesto. Programaci\u00f3n de los t\u00e9cnicos. Coordinamos a todos los participantes para que realicen un trabajo de calidad \u00f3ptima dentro de los plazos previstos.<\/span><\/p>\n<\/div>\n\n\n\n<div class=\"is-layout-flow wp-block-column\">\n<div class=\"wp-block-image is-style-rounded\"><figure class=\"aligncenter size-large is-resized\"><img decoding=\"async\" src=\"http:\/\/dev.presta-service.fr\/wp-content\/uploads\/2021\/07\/Sans-titre-2.png\" alt=\"\" class=\"wp-image-313\" width=\"320\" height=\"528\" srcset=\"https:\/\/www.presta-service.fr\/wp-content\/uploads\/2021\/07\/Sans-titre-2.png 414w, https:\/\/www.presta-service.fr\/wp-content\/uploads\/2021\/07\/Sans-titre-2-182x300.png 182w\" sizes=\"(max-width: 320px) 100vw, 320px\" loading=\"lazy\" \/><\/figure><\/div>\n<\/div>\n<\/div>\n\n\n\n<div style=\"height:38px\" aria-hidden=\"true\" class=\"wp-block-spacer\"><\/div>\n\n\n\n<hr class=\"wp-block-separator\"\/>\n\n\n\n<div style=\"height:38px\" aria-hidden=\"true\" class=\"wp-block-spacer\"><\/div>\n\n\n\n<div class=\"is-layout-flex wp-container-6 wp-block-columns\">\n<div class=\"is-layout-flow wp-block-column\">\n<div id=\"travaux\" class=\"wp-block-image is-style-rounded\"><figure class=\"aligncenter size-large is-resized\"><img decoding=\"async\" src=\"http:\/\/dev.presta-service.fr\/wp-content\/uploads\/2021\/07\/Sans-titre-3.png\" alt=\"\" class=\"wp-image-318\" width=\"320\" height=\"528\" srcset=\"https:\/\/www.presta-service.fr\/wp-content\/uploads\/2021\/07\/Sans-titre-3.png 414w, https:\/\/www.presta-service.fr\/wp-content\/uploads\/2021\/07\/Sans-titre-3-182x300.png 182w\" sizes=\"(max-width: 320px) 100vw, 320px\" loading=\"lazy\" \/><\/figure><\/div>\n<\/div>\n\n\n\n<div class=\"is-layout-flow wp-block-column\">\n<h2>2. <span style=\"color:#c8140f\" class=\"has-inline-color\">Etapa de trabajo<\/span><\/h2>\n\n\n\n<ul><li><span class=\"has-inline-color has-black-color\"><strong>PLAN<\/strong><\/span><\/li><\/ul>\n\n\n\n<p><span class=\"has-inline-color has-black-color\">Planificamos el trabajo en funci\u00f3n de la disponibilidad del lugar. Realizamos una comprobaci\u00f3n r\u00e1pida para que ambas partes est\u00e9n de acuerdo con las fechas de intervenci\u00f3n.<\/span><\/p>\n\n\n\n<ul><li><span class=\"has-inline-color has-black-color\"><strong>SEGUIMIENTO<\/strong><\/span><\/li><\/ul>\n\n\n\n<p><span class=\"has-inline-color has-black-color\">Los t\u00e9cnicos realizan el trabajo de acuerdo con la hoja de pedido. Nuestros gestores de proyectos est\u00e1n disponibles para proporcionar cualquier informaci\u00f3n adicional a los t\u00e9cnicos.<\/span><\/p>\n<\/div>\n<\/div>\n\n\n\n<div style=\"height:38px\" aria-hidden=\"true\" class=\"wp-block-spacer\"><\/div>\n\n\n\n<hr class=\"wp-block-separator\"\/>\n\n\n\n<div style=\"height:38px\" aria-hidden=\"true\" class=\"wp-block-spacer\"><\/div>\n\n\n\n<div class=\"is-layout-flex wp-container-9 wp-block-columns\">\n<div class=\"is-layout-flow wp-block-column\">\n<h2>3. <span style=\"color:#c8140f\" class=\"has-inline-color\">Etapa posterior al trabajo<\/span><\/h2>\n\n\n\n<ul><li><span class=\"has-inline-color has-black-color\"><strong>MONITOR<\/strong><\/span><\/li><\/ul>\n\n\n\n<p><span class=\"has-inline-color has-black-color\">Comprobamos cada una de las intervenciones realizadas previamente en la fase de obras con el t\u00e9cnico y el jefe de obra. Le proporcionamos un informe preciso sobre el trabajo realizado, con fotos y un informe de apoyo.<\/span><\/p>\n\n\n\n<ul><li><span class=\"has-inline-color has-black-color\"><strong>FACTURACI\u00d3N<\/strong><\/span><\/li><\/ul>\n\n\n\n<p><span class=\"has-inline-color has-black-color\">Por \u00faltimo, una vez comprobado el trabajo, Presta Service le facturar\u00e1 en funci\u00f3n del trabajo realizado. Puede consultar la trazabilidad de todas las acciones en nuestra base de datos Harmony. Tambi\u00e9n es posible transferirlos autom\u00e1ticamente (por EDI) a la base de datos de su empresa.<\/span><\/p>\n<\/div>\n\n\n\n<div class=\"is-layout-flow wp-block-column\">\n<div class=\"wp-block-image is-style-rounded\"><figure class=\"aligncenter size-large is-resized\"><img decoding=\"async\" src=\"http:\/\/dev.presta-service.fr\/wp-content\/uploads\/2021\/07\/Sans-titre-4.png\" alt=\"\" class=\"wp-image-321\" width=\"320\" height=\"528\" srcset=\"https:\/\/www.presta-service.fr\/wp-content\/uploads\/2021\/07\/Sans-titre-4.png 414w, https:\/\/www.presta-service.fr\/wp-content\/uploads\/2021\/07\/Sans-titre-4-182x300.png 182w\" sizes=\"(max-width: 320px) 100vw, 320px\" loading=\"lazy\" \/><\/figure><\/div>\n<\/div>\n<\/div>\n\n\n\n<hr class=\"wp-block-separator is-style-wide\"\/>\n\n\n\n<p><\/p>","protected":false},"excerpt":{"rendered":"<p>Presta-Service prend en charge le pilotage et la gestion de la maintenance multi technique de vos sites Cette prise en charge sous forme d&rsquo;\u00e9tapes permet aux \u00e9quipes de Presta-Service de suivre constamment l&rsquo;activit\u00e9 et l&rsquo;\u00e9ch\u00e9ance des diff\u00e9rents travaux sur tout le territoire national. Chaque \u00e9tape est d\u00e9taill\u00e9e dans cette section. 1. \u00c9tape Pr\u00e9-Travaux \u00c9COUTER Une&hellip; <br \/> <a class=\"read-more\" href=\"https:\/\/www.presta-service.fr\/es\/nos-etapes\/\">Leer m\u00e1s<\/a><\/p>","protected":false},"author":1,"featured_media":0,"parent":0,"menu_order":1,"comment_status":"closed","ping_status":"closed","template":"","meta":[],"yoast_head":"<!-- This site is optimized with the Yoast SEO plugin v20.0 - https:\/\/yoast.com\/wordpress\/plugins\/seo\/ -->\n<title>\u00c9tape par \u00e9tape - Presta-Service<\/title>\n<meta name=\"description\" content=\"Nous vous pr\u00e9sentons chaque \u00e9tape du quotidien Presta-Service pour garantir un suivi et une rigueur pour toutes vos maintenances travaux.\" \/>\n<meta name=\"robots\" content=\"index, follow, max-snippet:-1, max-image-preview:large, max-video-preview:-1\" \/>\n<link rel=\"canonical\" href=\"https:\/\/www.presta-service.fr\/es\/nos-etapes\/\" \/>\n<meta property=\"og:locale\" content=\"es_ES\" \/>\n<meta property=\"og:type\" content=\"article\" \/>\n<meta property=\"og:title\" content=\"\u00c9tape par \u00e9tape - Presta-Service\" \/>\n<meta property=\"og:description\" content=\"Nous vous pr\u00e9sentons chaque \u00e9tape du quotidien Presta-Service pour garantir un suivi et une rigueur pour toutes vos maintenances travaux.\" \/>\n<meta property=\"og:url\" content=\"https:\/\/www.presta-service.fr\/es\/nos-etapes\/\" \/>\n<meta property=\"og:site_name\" content=\"Presta-Service\" \/>\n<meta property=\"article:modified_time\" content=\"2021-09-09T13:12:35+02:00\" \/>\n<meta property=\"og:image\" content=\"http:\/\/dev.presta-service.fr\/wp-content\/uploads\/2021\/07\/Sans-titre-2.png\" \/>\n<meta name=\"twitter:card\" content=\"summary_large_image\" \/>\n<meta name=\"twitter:label1\" content=\"Tiempo de lectura\" \/>\n\t<meta name=\"twitter:data1\" content=\"2 minutos\" \/>\n<script type=\"application\/ld+json\" class=\"yoast-schema-graph\">{\"@context\":\"https:\/\/schema.org\",\"@graph\":[{\"@type\":\"WebPage\",\"@id\":\"https:\/\/www.presta-service.fr\/en\/nos-etapes\/\",\"url\":\"https:\/\/www.presta-service.fr\/en\/nos-etapes\/\",\"name\":\"\u00c9tape par \u00e9tape - Presta-Service\",\"isPartOf\":{\"@id\":\"https:\/\/www.presta-service.fr\/#website\"},\"datePublished\":\"2021-07-11T08:57:40+02:00\",\"dateModified\":\"2021-09-09T13:12:35+02:00\",\"description\":\"Nous vous pr\u00e9sentons chaque \u00e9tape du quotidien Presta-Service pour garantir un suivi et une rigueur pour toutes vos maintenances travaux.\",\"breadcrumb\":{\"@id\":\"https:\/\/www.presta-service.fr\/en\/nos-etapes\/#breadcrumb\"},\"inLanguage\":\"es\",\"potentialAction\":[{\"@type\":\"ReadAction\",\"target\":[\"https:\/\/www.presta-service.fr\/en\/nos-etapes\/\"]}]},{\"@type\":\"BreadcrumbList\",\"@id\":\"https:\/\/www.presta-service.fr\/en\/nos-etapes\/#breadcrumb\",\"itemListElement\":[{\"@type\":\"ListItem\",\"position\":1,\"name\":\"Accueil\",\"item\":\"https:\/\/www.presta-service.fr\/\"},{\"@type\":\"ListItem\",\"position\":2,\"name\":\"Nos \u00e9tapes\"}]},{\"@type\":\"WebSite\",\"@id\":\"https:\/\/www.presta-service.fr\/#website\",\"url\":\"https:\/\/www.presta-service.fr\/\",\"name\":\"Presta-Service\",\"description\":\"\",\"publisher\":{\"@id\":\"https:\/\/www.presta-service.fr\/#organization\"},\"potentialAction\":[{\"@type\":\"SearchAction\",\"target\":{\"@type\":\"EntryPoint\",\"urlTemplate\":\"https:\/\/www.presta-service.fr\/?s={search_term_string}\"},\"query-input\":\"required name=search_term_string\"}],\"inLanguage\":\"es\"},{\"@type\":\"Organization\",\"@id\":\"https:\/\/www.presta-service.fr\/#organization\",\"name\":\"Presta-Service\",\"url\":\"https:\/\/www.presta-service.fr\/\",\"logo\":{\"@type\":\"ImageObject\",\"inLanguage\":\"es\",\"@id\":\"https:\/\/www.presta-service.fr\/#\/schema\/logo\/image\/\",\"url\":\"https:\/\/www.presta-service.fr\/wp-content\/uploads\/2021\/07\/cropped-Logo-prestaservice.png\",\"contentUrl\":\"https:\/\/www.presta-service.fr\/wp-content\/uploads\/2021\/07\/cropped-Logo-prestaservice.png\",\"width\":204,\"height\":80,\"caption\":\"Presta-Service\"},\"image\":{\"@id\":\"https:\/\/www.presta-service.fr\/#\/schema\/logo\/image\/\"}}]}<\/script>\n<!-- \/ Yoast SEO plugin. -->","yoast_head_json":{"title":"\u00c9tape par \u00e9tape - Presta-Service","description":"Nous vous pr\u00e9sentons chaque \u00e9tape du quotidien Presta-Service pour garantir un suivi et une rigueur pour toutes vos maintenances travaux.","robots":{"index":"index","follow":"follow","max-snippet":"max-snippet:-1","max-image-preview":"max-image-preview:large","max-video-preview":"max-video-preview:-1"},"canonical":"https:\/\/www.presta-service.fr\/es\/nos-etapes\/","og_locale":"es_ES","og_type":"article","og_title":"\u00c9tape par \u00e9tape - Presta-Service","og_description":"Nous vous pr\u00e9sentons chaque \u00e9tape du quotidien Presta-Service pour garantir un suivi et une rigueur pour toutes vos maintenances travaux.","og_url":"https:\/\/www.presta-service.fr\/es\/nos-etapes\/","og_site_name":"Presta-Service","article_modified_time":"2021-09-09T13:12:35+02:00","og_image":[{"url":"http:\/\/dev.presta-service.fr\/wp-content\/uploads\/2021\/07\/Sans-titre-2.png"}],"twitter_card":"summary_large_image","twitter_misc":{"Tiempo de lectura":"2 minutos"},"schema":{"@context":"https:\/\/schema.org","@graph":[{"@type":"WebPage","@id":"https:\/\/www.presta-service.fr\/en\/nos-etapes\/","url":"https:\/\/www.presta-service.fr\/en\/nos-etapes\/","name":"\u00c9tape par \u00e9tape - Presta-Service","isPartOf":{"@id":"https:\/\/www.presta-service.fr\/#website"},"datePublished":"2021-07-11T08:57:40+02:00","dateModified":"2021-09-09T13:12:35+02:00","description":"Nous vous pr\u00e9sentons chaque \u00e9tape du quotidien Presta-Service pour garantir un suivi et une rigueur pour toutes vos maintenances travaux.","breadcrumb":{"@id":"https:\/\/www.presta-service.fr\/en\/nos-etapes\/#breadcrumb"},"inLanguage":"es","potentialAction":[{"@type":"ReadAction","target":["https:\/\/www.presta-service.fr\/en\/nos-etapes\/"]}]},{"@type":"BreadcrumbList","@id":"https:\/\/www.presta-service.fr\/en\/nos-etapes\/#breadcrumb","itemListElement":[{"@type":"ListItem","position":1,"name":"Accueil","item":"https:\/\/www.presta-service.fr\/"},{"@type":"ListItem","position":2,"name":"Nos \u00e9tapes"}]},{"@type":"WebSite","@id":"https:\/\/www.presta-service.fr\/#website","url":"https:\/\/www.presta-service.fr\/","name":"Presta-Service","description":"","publisher":{"@id":"https:\/\/www.presta-service.fr\/#organization"},"potentialAction":[{"@type":"SearchAction","target":{"@type":"EntryPoint","urlTemplate":"https:\/\/www.presta-service.fr\/?s={search_term_string}"},"query-input":"required name=search_term_string"}],"inLanguage":"es"},{"@type":"Organization","@id":"https:\/\/www.presta-service.fr\/#organization","name":"Presta-Service","url":"https:\/\/www.presta-service.fr\/","logo":{"@type":"ImageObject","inLanguage":"es","@id":"https:\/\/www.presta-service.fr\/#\/schema\/logo\/image\/","url":"https:\/\/www.presta-service.fr\/wp-content\/uploads\/2021\/07\/cropped-Logo-prestaservice.png","contentUrl":"https:\/\/www.presta-service.fr\/wp-content\/uploads\/2021\/07\/cropped-Logo-prestaservice.png","width":204,"height":80,"caption":"Presta-Service"},"image":{"@id":"https:\/\/www.presta-service.fr\/#\/schema\/logo\/image\/"}}]}},"_links":{"self":[{"href":"https:\/\/www.presta-service.fr\/es\/wp-json\/wp\/v2\/pages\/225"}],"collection":[{"href":"https:\/\/www.presta-service.fr\/es\/wp-json\/wp\/v2\/pages"}],"about":[{"href":"https:\/\/www.presta-service.fr\/es\/wp-json\/wp\/v2\/types\/page"}],"author":[{"embeddable":true,"href":"https:\/\/www.presta-service.fr\/es\/wp-json\/wp\/v2\/users\/1"}],"replies":[{"embeddable":true,"href":"https:\/\/www.presta-service.fr\/es\/wp-json\/wp\/v2\/comments?post=225"}],"version-history":[{"count":5,"href":"https:\/\/www.presta-service.fr\/es\/wp-json\/wp\/v2\/pages\/225\/revisions"}],"predecessor-version":[{"id":1352,"href":"https:\/\/www.presta-service.fr\/es\/wp-json\/wp\/v2\/pages\/225\/revisions\/1352"}],"wp:attachment":[{"href":"https:\/\/www.presta-service.fr\/es\/wp-json\/wp\/v2\/media?parent=225"}],"curies":[{"name":"wp","href":"https:\/\/api.w.org\/{rel}","templated":true}]}}