{"id":42,"date":"2021-07-06T18:35:26","date_gmt":"2021-07-06T16:35:26","guid":{"rendered":"http:\/\/dev.presta-service.fr\/mesmerize\/"},"modified":"2024-11-04T17:02:18","modified_gmt":"2024-11-04T16:02:18","slug":"votre-expert-maintenances","status":"publish","type":"page","link":"https:\/\/www.presta-service.fr\/es\/","title":{"rendered":"Recepci\u00f3n"},"content":{"rendered":"<div  id=\"content-1\" class=\"content-12 content-section content-section-spacing\" data-label=\"Content\" data-id=\"content--1\" data-export-id=\"content-12\" data-category=\"content\">\n<div  class=\"gridContainer\">\n<div  class=\"row text-center\">\n<div  class=\"section-title-col\" data-type=\"column\">\n<h2  class=\"\">Presta Service vous accompagne dans le maintien\n\nde vos parcs immobiliers.<\/h2>\n<div  class=\"\"><span  style=\"color: #000000;\">Presta Service es una empresa que se encarga de la gesti\u00f3n del mantenimiento multit\u00e9cnico<\/span><span  style=\"text-align: left;\">y multiservicio de m\u00e1s de 20.000 instalaciones en Francia, Espa\u00f1a y Benelux (en&nbsp;<\/span>tiendas, agencias comerciales, restaurantes, supermercados, edificios, etc.).<\/div>\n<p  class=\"\"><\/p>\n<a class=\"button blue\" href=\"https:\/\/www.presta-service.fr\/es\/nos-agences\/\" target=\"_self\" rel=\"noopener\" data-cp-link=\"1\"> Nuestras agencias a su servicio<\/a>\n<h3  class=\"\">Mantenimiento externalizado<\/h3>\n<p  class=\"\"><span  style=\"text-align: left;\">Confiar la ejecuci\u00f3n de trabajos de mantenimiento (simples o complejos) a Presta Service le permite tener un mejor control de los costes y de la calidad de los trabajos realizados.<\/span><\/p>\n<p  class=\"\"><span  style=\"text-align: left;\">Gracias a nuestros servicios, puede externalizar el mantenimiento de todos sus sitios. Podemos satisfacer todas sus necesidades de mantenimiento para todos los oficios en todos sus sitios.<\/span><\/p>\nNos prestations s\u2019appuient sur une expertise technique (contr\u00f4l\u00e9e \u00e0 la fin de chaque r\u00e9alisation) et sur\nun suivi des interventions en temps r\u00e9el via notre base m\u00e9tier \u00ab Harmony \u00bb.\n<h3  class=\"\">Todos los oficios<\/h3>\n<p  class=\"\"><span  style=\"text-align: left;\"><span  style=\"color: #000000;\">Nous travaillons sur l\u2019ensemble des corps d\u2019\u00e9tat (plomberie, \u00e9lectricit\u00e9, serrurerie, peinture, rev\u00eatement, ma\u00e7onnerie, couverture, \u2026) pour assurer la maintenance sur tous vos sites.\nUne \u00e9quipe form\u00e9e et professionnelle reste \u00e0 votre \u00e9coute du lundi au dimanche, 24\/7 pour r\u00e9pondre \u00e0 tous vos besoins.<\/span><\/span><\/p>\n<a class=\"button blue\" href=\"mailto:contact@presta-service.fr\" target=\"_self\" rel=\"noopener\" data-cp-link=\"1\">Oc\u00fapese de su mantenimiento: contacte con nuestros equipos<\/a>\n\n<\/div>\n<\/div>\n<div  class=\"row center-xs middle-xs\">\n<div  class=\"col-sm-9\" data-type=\"column\"><\/div>\n<\/div>\n<\/div>\n<\/div><div  id=\"features-3\" class=\"features-12-card-bordered content-section content-section-spacing\" style=\"background-image: none;\" data-label=\"Features\" data-id=\"features-12-card-bordered\" data-export-id=\"features-12-card-bordered\" data-category=\"features\">\n<div  class=\"gridContainer\">\n<div  class=\"row text-center\">\n<div  class=\"section-title-col\" data-type=\"column\">\n<h2  class=\"\">Ventajas de Presta Service<\/h2>\n<\/div>\n<\/div>\n<div  class=\"row spaced-cols\" data-type=\"row\">\n<div  class=\"col-sm-6 col-md-12\">\n<div  class=\"card row-card bordered y-move\">\n<div  class=\"row\">\n<div  class=\"col-sm-fit icon-column\"><\/div>\n<div  class=\"col-sm\" data-type=\"column\">\n<h5  class=\"color2\">Reactividad<\/h5>\n<p  class=\"\">\u2013 Un interlocuteur \u00e0 votre \u00e9coute 7j\/7 et 24h\/24 sur un num\u00e9ro de t\u00e9l\u00e9phone unique : 05 86 30 08 16.\n\n\u2013 Intervention dans les meilleurs d\u00e9lais gr\u00e2ce \u00e0 notre r\u00e9seau de plus de 700 artisans r\u00e9f\u00e9renc\u00e9s en France.<\/p>\n\n<\/div>\n<\/div>\n<\/div>\n<\/div>\n<div  class=\"col-sm-6 col-md-12\">\n<div  class=\"card row-card bordered y-move\">\n<div  class=\"row\">\n<div  class=\"col-sm-fit icon-column\"><\/div>\n<div  class=\"col-sm\" data-type=\"column\">\n<h5  class=\"color2\">Calidad<\/h5>\n<p  class=\"\">\u2013 Un double contr\u00f4le qualit\u00e9 Prestataire\/Responsable de site apr\u00e8s chaque intervention.\n\u2013 Si n\u00e9cessaire, d\u00e9placement sur site pour suivre et contr\u00f4ler le travail en cours de r\u00e9alisation ou r\u00e9alis\u00e9.\n\u2013 Un retour d\u2019information en temps r\u00e9el sur les interventions en cours de r\u00e9alisation via notre base m\u00e9tier \u00ab Harmony \u00bb.<\/p>\n\n<\/div>\n<\/div>\n<\/div>\n<\/div>\n<div  class=\"col-sm-6 col-md-12\">\n<div  class=\"card row-card bordered y-move\">\n<div  class=\"row\">\n<div  class=\"col-sm-fit icon-column\"><\/div>\n<div  class=\"col-sm\" data-type=\"column\">\n<h5  class=\"color2\">Control de costes<\/h5>\n<p  class=\"\">\u2013 Un r\u00e9seau de prestataires professionnels s\u00e9lectionn\u00e9s dans leur domaine de comp\u00e9tence r\u00e9f\u00e9renc\u00e9s sur toute la France.\n\n\u2013 Un catalogue prix n\u00e9goci\u00e9s aupr\u00e8s de nos fournisseurs nationaux (sources lumineuses, rideau d\u2019air chaud, Carrelage, Plomberie, \u00c9lectricit\u00e9, Serrurerie \u2026).\n\n\u2013&nbsp;Un tarif de d\u00e9placement et Main d\u2019\u0153uvre unique.<\/p>\n\n<\/div>\n<\/div>\n<\/div>\n<\/div>\n<div  class=\"col-sm-6 col-md-12\">\n<div  class=\"card row-card bordered y-move\">\n<div  class=\"row\">\n<div  class=\"col-sm-fit icon-column\"><\/div>\n<div  class=\"col-sm\" data-type=\"column\">\n<h5  class=\"color2\">Serenidad<\/h5>\n<p  class=\"\">\u2013 Un interlocuteur unique pour une coordination et un suivi personnalis\u00e9 de vos travaux.\n\u2013 Assurance RC et d\u00e9cennale.<\/p>\n\n<\/div>\n<\/div>\n<\/div>\n<\/div>\n<\/div>\n<\/div>\n<\/div><div  id=\"counters-1\" class=\"counters-1 content-section content-section-spacing\" data-label=\"Counters\" data-id=\"counters--1\" data-export-id=\"counters-1\" data-category=\"counters\" style=\"background-image: none; background-color: rgb(245, 250, 253);\">\n<div  class=\"gridContainer\">\n<div  class=\"row text-center\">\n<div  class=\"section-title-col\" data-type=\"column\">\n<h2  class=\"\">Presta International<\/h2>\n<\/div>\n<\/div>\n<div  class=\"row spaced-cols\" data-type=\"row\" data-fixed=\"true\">\n<div  class=\"col-xs-12 col-sm-4 space-bottom-small col-padding-xs\">\n<div  class=\"circle-counter color1\">\n<div  class=\"circle-content\">\n<h2  class=\"font-100\" data-min=\"0\" data-max=\"17\" data-stop=\"17\" data-prefix=\"\" data-suffix=\" ANS\" data-countup=\"true\" data-duration=\"2000\"><\/h2>\nconocimientos pr\u00e1cticos\n\n<\/div>\n<\/div>\n<\/div>\n<\/div>\n<\/div>\n<\/div><div  data-label=\"Cards\" data-id=\"overlappable--1\" data-export-id=\"overlappable-4\" data-category=\"overlappable\" class=\"overlappable-4 content-section content-section-spacing\" data-overlap=\"true\" id=\"cards\" style=\"background-color: rgb(255, 255, 255);\"><div  class=\"gridContainer\"> <div  data-type=\"row\" class=\"row spaced-cols text-center\"><div  class=\"col-xs-12 col-sm-4 col-padding\">  <div  data-type=\"column\" class=\"\">  <\/div> <\/div> <div  class=\"col-xs-12 col-sm-4 col-padding\">  <div  data-type=\"column\" class=\"\"> <p  class=\"\"><div id=\"cards\" class=\"container-cards\">\r\n  <div class=\"card\">\r\n    <div class=\"box\">\r\n      <div class=\"content\">\r\n        <img src=\"https:\/\/www.presta-service.fr\/wp-content\/uploads\/2021\/08\/Presta-Service.png\" loading=\"lazy\"><\/img>\r\n\t\t\t<hr>\r\n\t\t\t<! -- CHIFFRES PRESTA SERVICE -->\r\n        <h4 style=\"color: #C8140F;\">n\u00famero de emplazamientos<\/h4>\r\n\t\t\t\t<p data-min=\"0\" data-max=\"1410\" data-stop=\"1410\" data-countup=\"true\" data-duration=\"5000\"><\/p>\r\n\t\t\t\t<h4 style=\"color: #C8140F;\">intervenciones <br>\/ mes<\/h4>\r\n\t\t\t\t<p data-min=\"0\" data-max=\"482\" data-stop=\"482\" data-countup=\"true\" data-duration=\"5000\"><\/p>      \r\n\t\t\t<\/div>\r\n    <\/div>\r\n  <\/div>\r\n\r\n  <div class=\"card\">\r\n    <div class=\"box\">\r\n      <div class=\"content\">\r\n        <img src=\"https:\/\/www.presta-service.fr\/wp-content\/uploads\/2021\/08\/Presta-Service-BENELUX.png\" loading=\"lazy\"><\/img>\r\n\t\t\t<hr>\r\n\t\t\t<! -- CHIFFRES PRESTA BENELUX -->\r\n        <h4 style=\"color: #C8140F;\">n\u00famero de emplazamientos<\/h4>\r\n\t\t\t\t<p data-min=\"0\" data-max=\"830\" data-stop=\"830\" data-countup=\"true\" data-duration=\"5000\"><\/p>\r\n\t\t\t\t<h4 style=\"color: #C8140F;\">intervenciones <br>\/ mes<\/h4>\r\n\t\t\t\t<p data-min=\"0\" data-max=\"332\" data-stop=\"332\" data-countup=\"true\" data-duration=\"5000\"><\/p>\r\n      <\/div>\r\n    <\/div>\r\n  <\/div>\r\n\r\n  <div class=\"card\">\r\n    <div class=\"box\">\r\n      <div class=\"content\">\r\n         <img src=\"https:\/\/www.presta-service.fr\/wp-content\/uploads\/2021\/08\/Presta-Service-ESPANA.png\" loading=\"lazy\"><\/img>\r\n\t\t\t<hr>\r\n\t\t\t<! -- CHIFFRES PRESTA ESPANA -->\r\n        <h4 style=\"color: #C8140F;\">n\u00famero de emplazamientos<\/h4>\r\n\t\t\t\t<p data-min=\"0\" data-max=\"158\" data-stop=\"158\" data-countup=\"true\" data-duration=\"5000\"><\/p>\r\n\t\t\t\t<h4 style=\"color: #C8140F;\">intervenciones <br>\/ mes<\/h4>\r\n\t\t\t\t<p data-min=\"0\" data-max=\"120\" data-stop=\"120\" data-countup=\"true\" data-duration=\"5000\"><\/p>\r\n      <\/div>\r\n    <\/div>\r\n  <\/div>\r\n\r\n<div class=\"card\">\r\n    <div class=\"box\">\r\n      <div class=\"content\">\r\n        <img src=\"https:\/\/www.presta-service.fr\/wp-content\/uploads\/2021\/08\/Presta-Maintenance.png\" loading=\"lazy\"><\/img>\r\n\t\t\t<hr>\r\n\t\t\t<! -- CHIFFRES PRESTA MAINTENANCE -->\r\n        <h4 style=\"color: #C8140F;\">n\u00famero de emplazamientos<\/h4>\r\n\t\t\t\t<p data-min=\"0\" data-max=\"2300\" data-stop=\"2300\" data-countup=\"true\" data-duration=\"5000\"><\/p>\r\n\t\t\t\t<h4 style=\"color: #C8140F;\">intervenciones <br>\/ mes<\/h4>\r\n\t\t\t\t<p data-min=\"0\" data-max=\"1013\" data-stop=\"1013\" data-countup=\"true\" data-duration=\"5000\"><\/p>\r\n      <\/div>\r\n    <\/div>\r\n  <\/div>\r\n<\/div><\/p><\/div> <\/div> <div  class=\"col-xs-12 col-sm-4 col-padding\">  <div  data-type=\"column\" class=\"\"> <\/div> <\/div><\/div> <\/div><\/div><div  id=\"clients\" class=\"testimonials-1 content-section content-section-spacing\" style=\"margin-top: -130px;\" data-label=\"Clients\" data-id=\"testimonials--1\" data-export-id=\"testimonials-1\" data-category=\"testimonials\">\n<div  class=\"gridContainer\">\n<div  class=\"row\">\n<div  class=\"section-title-col\" data-type=\"column\">\n<h2  class=\"\">Conf\u00edan en nosotros<\/h2>\n\n\n\t\t\t\t\n\t\t\n\n\t\t\n\n<p  class=\"\"><span style=\"color: rgb(80, 87, 94); font-family: -apple-system, BlinkMacSystemFont, &quot;Segoe UI&quot;, Roboto, Oxygen-Sans, Ubuntu, Cantarell, &quot;Helvetica Neue&quot;, sans-serif; font-size: 13px; text-align: start; background-color: rgb(246, 247, 247);\" >\n\t\t<style>\n\t\t\t#wpls-logo-showcase-slider-1 .wpls-fix-box,\n\t\t\t#wpls-logo-showcase-slider-1 .wpls-fix-box img.wp-post-image{max-height:250px; }\n\t\t<\/style>\n\n\t\t<div class=\"wpls-wrap wpls-logo-showcase-slider-wrp wpls-logo-clearfix wpls-design-1\" data-conf=\"{&quot;slides_column&quot;:4,&quot;slides_scroll&quot;:1,&quot;dots&quot;:&quot;true&quot;,&quot;arrows&quot;:&quot;true&quot;,&quot;autoplay&quot;:&quot;true&quot;,&quot;autoplay_interval&quot;:3000,&quot;loop&quot;:&quot;true&quot;,&quot;rtl&quot;:&quot;false&quot;,&quot;speed&quot;:800,&quot;center_mode&quot;:&quot;false&quot;,&quot;lazyload&quot;:&quot;&quot;}\">\n\t\t\t<div class=\"wpls-logo-showcase logo_showcase wpls-logo-slider  sliderimage_hide_border\" id=\"wpls-logo-showcase-slider-1\" >\n\t\t\t\t<div class=\"wpls-logo-cnt\">\n\t<div class=\"wpls-fix-box\">\n\t\t\t\t<a href=\"https:\/\/www.sephora.fr\/\" target=\"_self\">\n\t\t\t<img class=\"wp-post-image\"  src=\"https:\/\/www.presta-service.fr\/wp-content\/uploads\/2021\/07\/cropped-Sephora-logo.png\" alt=\"\" loading=\"lazy\" \/>\n\t\t<\/a>\n\t\t\t<\/div>\n\t<\/div><div class=\"wpls-logo-cnt\">\n\t<div class=\"wpls-fix-box\">\n\t\t\t\t<a href=\"https:\/\/www.speedy.fr\/\" target=\"_self\">\n\t\t\t<img class=\"wp-post-image\"  src=\"https:\/\/www.presta-service.fr\/wp-content\/uploads\/2021\/07\/cropped-logo-speedy.png\" alt=\"\" loading=\"lazy\" \/>\n\t\t<\/a>\n\t\t\t<\/div>\n\t<\/div><div class=\"wpls-logo-cnt\">\n\t<div class=\"wpls-fix-box\">\n\t\t\t\t<a href=\"https:\/\/www.peggysage.com\/\" target=\"_self\">\n\t\t\t<img class=\"wp-post-image\"  src=\"https:\/\/www.presta-service.fr\/wp-content\/uploads\/2021\/07\/cropped-logo-peggy-sage-mobile.png\" alt=\"\" loading=\"lazy\" \/>\n\t\t<\/a>\n\t\t\t<\/div>\n\t<\/div><div class=\"wpls-logo-cnt\">\n\t<div class=\"wpls-fix-box\">\n\t\t\t\t<a href=\"https:\/\/www.yves-rocher.fr\/\" target=\"_self\">\n\t\t\t<img class=\"wp-post-image\"  src=\"https:\/\/www.presta-service.fr\/wp-content\/uploads\/2021\/07\/cropped-Yves-Rocher-logo.png\" alt=\"\" loading=\"lazy\" \/>\n\t\t<\/a>\n\t\t\t<\/div>\n\t<\/div><div class=\"wpls-logo-cnt\">\n\t<div class=\"wpls-fix-box\">\n\t\t\t\t<a href=\"https:\/\/www.castorama.fr\/\" target=\"_self\">\n\t\t\t<img class=\"wp-post-image\"  src=\"https:\/\/www.presta-service.fr\/wp-content\/uploads\/2021\/09\/castorama-logo.png\" alt=\"Castorama logo\" loading=\"lazy\" \/>\n\t\t<\/a>\n\t\t\t<\/div>\n\t<\/div><div class=\"wpls-logo-cnt\">\n\t<div class=\"wpls-fix-box\">\n\t\t\t\t<a href=\"https:\/\/www.bricodepot.fr\/\" target=\"_self\">\n\t\t\t<img class=\"wp-post-image\"  src=\"https:\/\/www.presta-service.fr\/wp-content\/uploads\/2021\/09\/brico-depot-logo.png\" alt=\"Brico depot logo\" loading=\"lazy\" \/>\n\t\t<\/a>\n\t\t\t<\/div>\n\t<\/div><div class=\"wpls-logo-cnt\">\n\t<div class=\"wpls-fix-box\">\n\t\t\t\t<a href=\"https:\/\/www.lindt.fr\/\" target=\"_self\">\n\t\t\t<img class=\"wp-post-image\"  src=\"https:\/\/www.presta-service.fr\/wp-content\/uploads\/2021\/09\/Lindt-Logo.png\" alt=\"lindt logo\" loading=\"lazy\" \/>\n\t\t<\/a>\n\t\t\t<\/div>\n\t<\/div><div class=\"wpls-logo-cnt\">\n\t<div class=\"wpls-fix-box\">\n\t\t\t\t<a href=\"https:\/\/www.thiriet.com\/\" target=\"_self\">\n\t\t\t<img class=\"wp-post-image\"  src=\"https:\/\/www.presta-service.fr\/wp-content\/uploads\/2021\/09\/Logo_THIRIET.jpg\" alt=\"thiriet logo\" loading=\"lazy\" \/>\n\t\t<\/a>\n\t\t\t<\/div>\n\t<\/div><div class=\"wpls-logo-cnt\">\n\t<div class=\"wpls-fix-box\">\n\t\t\t\t<a href=\"https:\/\/www.sabon.fr\/\" target=\"_self\">\n\t\t\t<img class=\"wp-post-image\"  src=\"https:\/\/www.presta-service.fr\/wp-content\/uploads\/2021\/09\/logo-sabon.png\" alt=\"sabon logo\" loading=\"lazy\" \/>\n\t\t<\/a>\n\t\t\t<\/div>\n\t<\/div><div class=\"wpls-logo-cnt\">\n\t<div class=\"wpls-fix-box\">\n\t\t\t\t<a href=\"https:\/\/www.sfr.fr\/\" target=\"_self\">\n\t\t\t<img class=\"wp-post-image\"  src=\"https:\/\/www.presta-service.fr\/wp-content\/uploads\/2021\/09\/SFR_logo.png\" alt=\"SFR logo\" loading=\"lazy\" \/>\n\t\t<\/a>\n\t\t\t<\/div>\n\t<\/div><div class=\"wpls-logo-cnt\">\n\t<div class=\"wpls-fix-box\">\n\t\t\t\t<a href=\"https:\/\/www.celio.com\/\" target=\"_self\">\n\t\t\t<img class=\"wp-post-image\"  src=\"https:\/\/www.presta-service.fr\/wp-content\/uploads\/2021\/09\/logo-celio.png\" alt=\"Celio logo\" loading=\"lazy\" \/>\n\t\t<\/a>\n\t\t\t<\/div>\n\t<\/div><div class=\"wpls-logo-cnt\">\n\t<div class=\"wpls-fix-box\">\n\t\t\t\t<a href=\"https:\/\/www.claires.com\/fr\/\" target=\"_self\">\n\t\t\t<img class=\"wp-post-image\"  src=\"https:\/\/www.presta-service.fr\/wp-content\/uploads\/2021\/09\/claires-logo.png\" alt=\"claire&#039;s logo\" loading=\"lazy\" \/>\n\t\t<\/a>\n\t\t\t<\/div>\n\t<\/div><div class=\"wpls-logo-cnt\">\n\t<div class=\"wpls-fix-box\">\n\t\t\t\t<a href=\"https:\/\/www.generale-optique.com\/\" target=\"_self\">\n\t\t\t<img class=\"wp-post-image\"  src=\"https:\/\/www.presta-service.fr\/wp-content\/uploads\/2021\/09\/generale-doptique-logo.png\" alt=\"g\u00e9n\u00e9rale d&#039;optique logo\" loading=\"lazy\" \/>\n\t\t<\/a>\n\t\t\t<\/div>\n\t<\/div><div class=\"wpls-logo-cnt\">\n\t<div class=\"wpls-fix-box\">\n\t\t\t\t<a href=\"https:\/\/www.cigusto.com\/\" target=\"_self\">\n\t\t\t<img class=\"wp-post-image\"  src=\"https:\/\/www.presta-service.fr\/wp-content\/uploads\/2022\/01\/Cigusto.png\" alt=\"\" loading=\"lazy\" \/>\n\t\t<\/a>\n\t\t\t<\/div>\n\t<\/div><div class=\"wpls-logo-cnt\">\n\t<div class=\"wpls-fix-box\">\n\t\t\t\t<a href=\"https:\/\/www.laredoute.fr\/brnd\/la-redoute-interieurs.aspx?brndid=la-redoute-interieurs#srt=noSorting\" target=\"_self\">\n\t\t\t<img class=\"wp-post-image\"  src=\"https:\/\/www.presta-service.fr\/wp-content\/uploads\/2022\/01\/La-Redoute-Interieur.jpg\" alt=\"\" loading=\"lazy\" \/>\n\t\t<\/a>\n\t\t\t<\/div>\n\t<\/div>\t\t\t<\/div>\n\t\t<\/div>\n\n\t\t<\/span><\/p><\/div>\n<\/div>\n<\/div>\n<\/div>","protected":false},"excerpt":{"rendered":"<p>Presta Service vous accompagne dans le maintien de vos parcs immobiliers. Presta Service est une soci\u00e9t\u00e9 qui intervient dans le pilotage et la gestion de la maintenance multi-technique et multiservice sur plus de 20 000 sites en France, en Espagne et au Benelux (dans des&nbsp;magasins, agences commerciales, restaurants, grande distribution, immeuble\u2026). Nos agences \u00e0 votre&hellip; <br \/> <a class=\"read-more\" href=\"https:\/\/www.presta-service.fr\/es\/logoshowcase\/la-redoute-interieurs\/\">Leer m\u00e1s<\/a><\/p>","protected":false},"author":1,"featured_media":0,"parent":0,"menu_order":0,"comment_status":"closed","ping_status":"closed","template":"page-templates\/homepage.php","meta":[],"yoast_head":"<!-- This site is optimized with the Yoast SEO plugin v20.0 - https:\/\/yoast.com\/wordpress\/plugins\/seo\/ -->\n<title>Bienvenue chez Presta-Service, votre expert en maintenance<\/title>\n<meta name=\"description\" content=\"Presta-Service vous accompagne dans la maintenance de vos parcs immobiliers, pour agir de mani\u00e8re sereine, structur\u00e9e et rapide sur site.\" \/>\n<meta name=\"robots\" content=\"index, follow, max-snippet:-1, max-image-preview:large, max-video-preview:-1\" \/>\n<link rel=\"canonical\" href=\"https:\/\/www.presta-service.fr\/es\/\" \/>\n<meta property=\"og:locale\" content=\"es_ES\" \/>\n<meta property=\"og:type\" content=\"article\" \/>\n<meta property=\"og:title\" content=\"Bienvenue chez Presta-Service, votre expert en maintenance\" \/>\n<meta property=\"og:description\" content=\"Presta-Service vous accompagne dans la maintenance de vos parcs immobiliers, pour agir de mani\u00e8re sereine, structur\u00e9e et rapide sur site.\" \/>\n<meta property=\"og:url\" content=\"https:\/\/www.presta-service.fr\/es\/\" \/>\n<meta property=\"og:site_name\" content=\"Presta-Service\" \/>\n<meta property=\"article:modified_time\" content=\"2024-11-04T16:02:18+01:00\" \/>\n<meta name=\"twitter:card\" content=\"summary_large_image\" \/>\n<meta name=\"twitter:label1\" content=\"Tiempo de lectura\" \/>\n\t<meta name=\"twitter:data1\" content=\"2 minutos\" \/>\n<script type=\"application\/ld+json\" class=\"yoast-schema-graph\">{\"@context\":\"https:\/\/schema.org\",\"@graph\":[{\"@type\":\"WebPage\",\"@id\":\"https:\/\/www.presta-service.fr\/\",\"url\":\"https:\/\/www.presta-service.fr\/\",\"name\":\"Bienvenue chez Presta-Service, votre expert en maintenance\",\"isPartOf\":{\"@id\":\"https:\/\/www.presta-service.fr\/#website\"},\"datePublished\":\"2021-07-06T16:35:26+02:00\",\"dateModified\":\"2024-11-04T16:02:18+01:00\",\"description\":\"Presta-Service vous accompagne dans la maintenance de vos parcs immobiliers, pour agir de mani\u00e8re sereine, structur\u00e9e et rapide sur site.\",\"breadcrumb\":{\"@id\":\"https:\/\/www.presta-service.fr\/#breadcrumb\"},\"inLanguage\":\"es\",\"potentialAction\":[{\"@type\":\"ReadAction\",\"target\":[\"https:\/\/www.presta-service.fr\/\"]}]},{\"@type\":\"BreadcrumbList\",\"@id\":\"https:\/\/www.presta-service.fr\/#breadcrumb\",\"itemListElement\":[{\"@type\":\"ListItem\",\"position\":1,\"name\":\"Accueil\",\"item\":\"https:\/\/www.presta-service.fr\/\"},{\"@type\":\"ListItem\",\"position\":2,\"name\":\"Accueil\"}]},{\"@type\":\"WebSite\",\"@id\":\"https:\/\/www.presta-service.fr\/#website\",\"url\":\"https:\/\/www.presta-service.fr\/\",\"name\":\"Presta-Service\",\"description\":\"\",\"publisher\":{\"@id\":\"https:\/\/www.presta-service.fr\/#organization\"},\"potentialAction\":[{\"@type\":\"SearchAction\",\"target\":{\"@type\":\"EntryPoint\",\"urlTemplate\":\"https:\/\/www.presta-service.fr\/?s={search_term_string}\"},\"query-input\":\"required name=search_term_string\"}],\"inLanguage\":\"es\"},{\"@type\":\"Organization\",\"@id\":\"https:\/\/www.presta-service.fr\/#organization\",\"name\":\"Presta-Service\",\"url\":\"https:\/\/www.presta-service.fr\/\",\"logo\":{\"@type\":\"ImageObject\",\"inLanguage\":\"es\",\"@id\":\"https:\/\/www.presta-service.fr\/#\/schema\/logo\/image\/\",\"url\":\"https:\/\/www.presta-service.fr\/wp-content\/uploads\/2021\/07\/cropped-Logo-prestaservice.png\",\"contentUrl\":\"https:\/\/www.presta-service.fr\/wp-content\/uploads\/2021\/07\/cropped-Logo-prestaservice.png\",\"width\":204,\"height\":80,\"caption\":\"Presta-Service\"},\"image\":{\"@id\":\"https:\/\/www.presta-service.fr\/#\/schema\/logo\/image\/\"}}]}<\/script>\n<!-- \/ Yoast SEO plugin. -->","yoast_head_json":{"title":"Bienvenue chez Presta-Service, votre expert en maintenance","description":"Presta-Service vous accompagne dans la maintenance de vos parcs immobiliers, pour agir de mani\u00e8re sereine, structur\u00e9e et rapide sur site.","robots":{"index":"index","follow":"follow","max-snippet":"max-snippet:-1","max-image-preview":"max-image-preview:large","max-video-preview":"max-video-preview:-1"},"canonical":"https:\/\/www.presta-service.fr\/es\/","og_locale":"es_ES","og_type":"article","og_title":"Bienvenue chez Presta-Service, votre expert en maintenance","og_description":"Presta-Service vous accompagne dans la maintenance de vos parcs immobiliers, pour agir de mani\u00e8re sereine, structur\u00e9e et rapide sur site.","og_url":"https:\/\/www.presta-service.fr\/es\/","og_site_name":"Presta-Service","article_modified_time":"2024-11-04T16:02:18+01:00","twitter_card":"summary_large_image","twitter_misc":{"Tiempo de lectura":"2 minutos"},"schema":{"@context":"https:\/\/schema.org","@graph":[{"@type":"WebPage","@id":"https:\/\/www.presta-service.fr\/","url":"https:\/\/www.presta-service.fr\/","name":"Bienvenue chez Presta-Service, votre expert en maintenance","isPartOf":{"@id":"https:\/\/www.presta-service.fr\/#website"},"datePublished":"2021-07-06T16:35:26+02:00","dateModified":"2024-11-04T16:02:18+01:00","description":"Presta-Service vous accompagne dans la maintenance de vos parcs immobiliers, pour agir de mani\u00e8re sereine, structur\u00e9e et rapide sur site.","breadcrumb":{"@id":"https:\/\/www.presta-service.fr\/#breadcrumb"},"inLanguage":"es","potentialAction":[{"@type":"ReadAction","target":["https:\/\/www.presta-service.fr\/"]}]},{"@type":"BreadcrumbList","@id":"https:\/\/www.presta-service.fr\/#breadcrumb","itemListElement":[{"@type":"ListItem","position":1,"name":"Accueil","item":"https:\/\/www.presta-service.fr\/"},{"@type":"ListItem","position":2,"name":"Accueil"}]},{"@type":"WebSite","@id":"https:\/\/www.presta-service.fr\/#website","url":"https:\/\/www.presta-service.fr\/","name":"Presta-Service","description":"","publisher":{"@id":"https:\/\/www.presta-service.fr\/#organization"},"potentialAction":[{"@type":"SearchAction","target":{"@type":"EntryPoint","urlTemplate":"https:\/\/www.presta-service.fr\/?s={search_term_string}"},"query-input":"required name=search_term_string"}],"inLanguage":"es"},{"@type":"Organization","@id":"https:\/\/www.presta-service.fr\/#organization","name":"Presta-Service","url":"https:\/\/www.presta-service.fr\/","logo":{"@type":"ImageObject","inLanguage":"es","@id":"https:\/\/www.presta-service.fr\/#\/schema\/logo\/image\/","url":"https:\/\/www.presta-service.fr\/wp-content\/uploads\/2021\/07\/cropped-Logo-prestaservice.png","contentUrl":"https:\/\/www.presta-service.fr\/wp-content\/uploads\/2021\/07\/cropped-Logo-prestaservice.png","width":204,"height":80,"caption":"Presta-Service"},"image":{"@id":"https:\/\/www.presta-service.fr\/#\/schema\/logo\/image\/"}}]}},"_links":{"self":[{"href":"https:\/\/www.presta-service.fr\/es\/wp-json\/wp\/v2\/pages\/42"}],"collection":[{"href":"https:\/\/www.presta-service.fr\/es\/wp-json\/wp\/v2\/pages"}],"about":[{"href":"https:\/\/www.presta-service.fr\/es\/wp-json\/wp\/v2\/types\/page"}],"author":[{"embeddable":true,"href":"https:\/\/www.presta-service.fr\/es\/wp-json\/wp\/v2\/users\/1"}],"replies":[{"embeddable":true,"href":"https:\/\/www.presta-service.fr\/es\/wp-json\/wp\/v2\/comments?post=42"}],"version-history":[{"count":18,"href":"https:\/\/www.presta-service.fr\/es\/wp-json\/wp\/v2\/pages\/42\/revisions"}],"predecessor-version":[{"id":1995,"href":"https:\/\/www.presta-service.fr\/es\/wp-json\/wp\/v2\/pages\/42\/revisions\/1995"}],"wp:attachment":[{"href":"https:\/\/www.presta-service.fr\/es\/wp-json\/wp\/v2\/media?parent=42"}],"curies":[{"name":"wp","href":"https:\/\/api.w.org\/{rel}","templated":true}]}}