{"id":6,"date":"2021-07-06T15:47:52","date_gmt":"2021-07-06T13:47:52","guid":{"rendered":"http:\/\/dev.presta-service.fr\/?page_id=6"},"modified":"2021-10-21T11:50:23","modified_gmt":"2021-10-21T09:50:23","slug":"notre-metier-maintenance","status":"publish","type":"page","link":"https:\/\/www.presta-service.fr\/es\/notre-metier-maintenance\/","title":{"rendered":"Nuestra actividad"},"content":{"rendered":"<div class=\"yoast-breadcrumbs\"><span><span><a href=\"https:\/\/www.presta-service.fr\/es\/\">Recepci\u00f3n<\/a><\/span> \u00bb <span class=\"breadcrumb_last\" aria-current=\"page\">Nuestra actividad<\/span><\/span><\/div>\n\n\n<hr class=\"wp-block-separator\"\/>\n\n\n\n<h2 class=\"has-text-align-center scrollspy\"><span class=\"has-inline-color has-black-color\">Presta Service asiste a sus clientes en el mantenimiento de su parque inmobiliario.<\/span><\/h2>\n\n\n\n<p><span class=\"has-inline-color has-black-color\">La externalizaci\u00f3n del mantenimiento permite a nuestros clientes centrar sus recursos en su actividad principal. Confiar la ejecuci\u00f3n de trabajos de mantenimiento (simples o complejos) a Presta Service permite a nuestros clientes tener un <\/span><strong><span style=\"color:#c8140f\" class=\"has-inline-color\">mejor control de los costes<\/span><\/strong><span class=\"has-inline-color has-black-color\"> y de la calidad de los trabajos realizados. Al confiarnos la ejecuci\u00f3n de su trabajo, podr\u00e1 dedicarse plenamente al desarrollo de su negocio.<\/span><\/p>\n\n\n\n<p><span class=\"has-inline-color has-black-color\">Garantizamos la calidad de la red de tiendas estableciendo planes de mantenimiento que puedan satisfacer las necesidades de nuestros clientes :<\/span><\/p>\n\n\n\n<ul><li><span class=\"has-inline-color has-black-color\"><strong>Concepto<\/strong> (pintura, ventanas, falsos techos, etc.)<\/span><\/li><li><span class=\"has-inline-color has-black-color\"><strong>Funcional<\/strong> (cortinas met\u00e1licas, cerraduras, electricidad, etc.)<\/span><\/li><li><span class=\"has-inline-color has-black-color\"><strong>Seguridad<\/strong> (extintores, rociadores, alarmas contra incendios, etc.)<\/span><\/li><li><span class=\"has-inline-color has-black-color\"><strong>Accesibilidad<\/strong> (acceso para discapacitados, ...)<\/span><\/li><\/ul>\n\n\n\n<hr class=\"wp-block-separator\"\/>\n\n\n\n<h2 class=\"has-text-align-center scrollspy\"><span class=\"has-inline-color has-black-color\">Mantenimiento externalizado : c\u00e9ntrese en su actividad principal<\/span><\/h2>\n\n\n\n<p><span class=\"has-inline-color has-black-color\">Consiste en centralizar todas las operaciones de mantenimiento de su propiedad y delegar la gesti\u00f3n en un proveedor de servicios cualificado.<\/span> <span class=\"has-inline-color has-black-color\">Presta-Service ofrece servicios de confianza para externalizar su mantenimiento en todos los oficios y optimizar la calidad de su trabajo.<\/span><\/p>\n\n\n\n<h3>1. <span style=\"color:#c8140f\" class=\"has-inline-color\">Manejo de las emergencias<\/span><\/h3>\n\n\n\n<p><span class=\"has-inline-color has-black-color\">Presta-Service ofrece un servicio de <a href=\"https:\/\/www.presta-service.fr\/es\/process-intervention\/\" target=\"_blank\" rel=\"noreferrer noopener\">emergencia 24\/7.<\/a> Nuestros equipos t\u00e9cnicos se encargan de las emergencias con la mayor rapidez posible para que usted pueda solucionar los problemas in situ en cualquier momento. Al d\u00eda siguiente nos reunimos con el jefe de obra.<\/span><\/p>\n\n\n\n<div style=\"height:30px\" aria-hidden=\"true\" class=\"wp-block-spacer\"><\/div>\n\n\n\n<h3>2. <span style=\"color:#c8140f\" class=\"has-inline-color\">Mantenimiento correctivo<\/span><\/h3>\n\n\n\n<p><span class=\"has-inline-color has-black-color\">El&nbsp;<strong>Mantenimiento correctivo&nbsp;<\/strong>es necesario cuando su m\u00e1quina se aver\u00eda y est\u00e1 en muy mal estado. Una vez aplicadas las&nbsp;<strong>medidas correctivas y preventivas<\/strong>&nbsp;sin \u00e9xito, es el momento de llevar a cabo el&nbsp;<strong>Mantenimiento correctivo<\/strong>Este es el \u00faltimo recurso para el mantenimiento. El&nbsp;<strong>Mantenimiento correctivo<\/strong>&nbsp;requiere la sustituci\u00f3n de las piezas rotas o incluso de todo el sistema.<\/span><\/p>\n\n\n\n<p><span class=\"has-inline-color has-black-color\">Este&nbsp;<strong>Mantenimiento correctivo<\/strong>&nbsp;abarca un \u00e1rea bastante amplia, ya que puede aplicarse a trabajos menores o mayores. Si una parte de su sistema tiene un fallo o defecto que no puede corregirse con otras medidas, debe ser sustituida. Puede ser una peque\u00f1a parte del sistema o un componente importante.<\/span><\/p>\n\n\n\n<div class=\"wp-block-image\"><figure class=\"alignleft size-large is-resized\"><img decoding=\"async\" src=\"https:\/\/www.presta-service.fr\/wp-content\/uploads\/2021\/09\/WhatsApp-Image-2021-09-01-at-16.02.08-768x1024.jpeg\" alt=\"\" class=\"wp-image-1534\" width=\"272\" height=\"362\" srcset=\"https:\/\/www.presta-service.fr\/wp-content\/uploads\/2021\/09\/WhatsApp-Image-2021-09-01-at-16.02.08-768x1024.jpeg 768w, https:\/\/www.presta-service.fr\/wp-content\/uploads\/2021\/09\/WhatsApp-Image-2021-09-01-at-16.02.08-225x300.jpeg 225w, https:\/\/www.presta-service.fr\/wp-content\/uploads\/2021\/09\/WhatsApp-Image-2021-09-01-at-16.02.08-810x1080.jpeg 810w, https:\/\/www.presta-service.fr\/wp-content\/uploads\/2021\/09\/WhatsApp-Image-2021-09-01-at-16.02.08-18x24.jpeg 18w, https:\/\/www.presta-service.fr\/wp-content\/uploads\/2021\/09\/WhatsApp-Image-2021-09-01-at-16.02.08-27x36.jpeg 27w, https:\/\/www.presta-service.fr\/wp-content\/uploads\/2021\/09\/WhatsApp-Image-2021-09-01-at-16.02.08-36x48.jpeg 36w, https:\/\/www.presta-service.fr\/wp-content\/uploads\/2021\/09\/WhatsApp-Image-2021-09-01-at-16.02.08.jpeg 960w\" sizes=\"(max-width: 272px) 100vw, 272px\" loading=\"lazy\" \/><figcaption><span class=\"has-inline-color has-black-color\">Sustituci\u00f3n de un cilindro de cierre en la cortina met\u00e1lica<\/span><\/figcaption><\/figure><\/div>\n\n\n\n<p><span class=\"has-inline-color has-black-color\">El&nbsp;<strong>m\u00e9todo curativo<\/strong>&nbsp;tambi\u00e9n se aplica cuando no se puede reparar el elemento roto con una soluci\u00f3n permanente. Por ejemplo, si se pincha una rueda de bicicleta, se puede reparar, pero esto es s\u00f3lo una soluci\u00f3n r\u00e1pida a corto plazo. Con el tiempo, el neum\u00e1tico debe ser sustituido. Esta sustituci\u00f3n del neum\u00e1tico es el&nbsp;<strong>m\u00e9todo curativo<\/strong>.<\/span><\/p>\n\n\n\n<p><span class=\"has-inline-color has-black-color\">El<strong>&nbsp;m\u00e9todo curativo<\/strong>&nbsp;se encuentra en todos los \u00e1mbitos de un sistema en el que se necesita una renovaci\u00f3n total.<\/span><\/p>\n\n\n\n<div style=\"height:30px\" aria-hidden=\"true\" class=\"wp-block-spacer\"><\/div>\n\n\n\n<h3>3. <span style=\"color:#c8140f\" class=\"has-inline-color\">Mantenimiento preventivo<\/span><\/h3>\n\n\n\n<p><span class=\"has-inline-color has-black-color\">Mientras que&nbsp;<strong>el mantenimiento correctivo&nbsp;<\/strong>e<strong>&nbsp;curativo<\/strong>&nbsp;se produce cuando el sistema falla, el mantenimiento preventivo adopta un enfoque m\u00e1s proactivo. De los diferentes&nbsp;<strong>tipos de mantenimiento,<\/strong>el preventivo se centra en encontrar el problema antes de que se produzca o antes de que se convierta en un problema.<\/span><\/p>\n\n\n\n<p><span class=\"has-inline-color has-black-color\">El&nbsp;<strong>Mantenimiento preventivo<\/strong>&nbsp;no consiste tanto en arreglar los problemas como en encontrar los puntos d\u00e9biles del sistema.<\/span><\/p>\n\n\n\n<p><span class=\"has-inline-color has-black-color\">Con las revisiones peri\u00f3dicas y las tareas rutinarias, puede asegurarse de que el sistema funcione de forma \u00f3ptima. Las diferentes partes del sistema se desglosan y se observan para asegurarse de que est\u00e1n en buen estado de funcionamiento.<\/span><\/p>\n\n\n\n<figure class=\"wp-block-image size-large is-resized\"><img decoding=\"async\" src=\"https:\/\/www.presta-service.fr\/wp-content\/uploads\/2021\/09\/WhatsApp-Image-2021-09-01-at-16.02.09-2-edited.jpeg\" alt=\"\" class=\"wp-image-1536\" width=\"549\" height=\"412\" srcset=\"https:\/\/www.presta-service.fr\/wp-content\/uploads\/2021\/09\/WhatsApp-Image-2021-09-01-at-16.02.09-2-edited.jpeg 1356w, https:\/\/www.presta-service.fr\/wp-content\/uploads\/2021\/09\/WhatsApp-Image-2021-09-01-at-16.02.09-2-edited-300x225.jpeg 300w, https:\/\/www.presta-service.fr\/wp-content\/uploads\/2021\/09\/WhatsApp-Image-2021-09-01-at-16.02.09-2-edited-1024x768.jpeg 1024w, https:\/\/www.presta-service.fr\/wp-content\/uploads\/2021\/09\/WhatsApp-Image-2021-09-01-at-16.02.09-2-edited-768x576.jpeg 768w, https:\/\/www.presta-service.fr\/wp-content\/uploads\/2021\/09\/WhatsApp-Image-2021-09-01-at-16.02.09-2-edited-24x18.jpeg 24w, https:\/\/www.presta-service.fr\/wp-content\/uploads\/2021\/09\/WhatsApp-Image-2021-09-01-at-16.02.09-2-edited-36x27.jpeg 36w, https:\/\/www.presta-service.fr\/wp-content\/uploads\/2021\/09\/WhatsApp-Image-2021-09-01-at-16.02.09-2-edited-48x36.jpeg 48w\" sizes=\"(max-width: 549px) 100vw, 549px\" loading=\"lazy\" \/><figcaption><span class=\"has-inline-color has-black-color\">Aplicaci\u00f3n de los controles reglamentarios sobre las cortinas met\u00e1licas<\/span><\/figcaption><\/figure>\n\n\n\n<p><span class=\"has-inline-color has-black-color\">El&nbsp;<strong>Mantenimiento preventivo<\/strong>&nbsp;de un sistema inform\u00e1tico suele realizarse a trav\u00e9s de diversas plataformas de software. Entre ellos se encuentran los controles antivirus, los programas de ejecuci\u00f3n y limpieza y los programas de actualizaci\u00f3n autom\u00e1tica.<\/span><\/p>\n\n\n\n<p><span class=\"has-inline-color has-black-color\">Otras formas de&nbsp;<strong>Mantenimiento preventivo<\/strong>&nbsp;pueden ser la realizaci\u00f3n de copias de seguridad de los archivos y la limpieza peri\u00f3dica del equipo. B\u00e1sicamente, todo lo que supone una medida de precauci\u00f3n para evitar problemas antes de que se produzcan entra en esta categor\u00eda. Se trata de tomar ciertas medidas para que el sistema funcione de forma \u00f3ptima.<\/span><\/p>\n\n\n\n<p><span class=\"has-inline-color has-black-color\">En resumen, el&nbsp;<strong>el mantenimiento correctivo&nbsp;<\/strong>e<strong>&nbsp;curativo<\/strong>&nbsp;resuelve los problemas, mientras que el&nbsp;<strong>Mantenimiento preventivo<\/strong>&nbsp;los evita en primer lugar. Esta es la principal diferencia entre estos tipos de mantenimiento.<\/span><\/p>\n\n\n\n<div style=\"height:30px\" aria-hidden=\"true\" class=\"wp-block-spacer\"><\/div>\n\n\n\n<h3>4. <span style=\"color:#c8140f\" class=\"has-inline-color\">Control reglamentario<\/span><\/h3>\n\n\n\n<div class=\"is-layout-flex wp-container-2 wp-block-columns\">\n<div class=\"is-layout-flow wp-block-column\" style=\"flex-basis:100%\">\n<p><span class=\"has-inline-color has-black-color\">El objetivo de los <strong>controles <\/strong>e <strong>inspecciones peri\u00f3dicas<\/strong> es tambi\u00e9n garantizar el&nbsp;<strong>mantenimiento de la conformidad&nbsp;<\/strong>de los equipos e instalaciones e intervenir en caso de defecto. Esto implica, si es necesario, probar el equipo para evaluar su estado. De hecho, la inspecci\u00f3n peri\u00f3dica es s\u00f3lo una observaci\u00f3n que debe completarse con la reparaci\u00f3n de las anomal\u00edas encontradas y, en general, con el <strong>mantenimiento continuo<\/strong> de todas las instalaciones.<\/span><\/p>\n<\/div>\n<\/div>\n\n\n\n<div class=\"is-layout-flex wp-container-6 wp-block-columns\">\n<div class=\"is-layout-flow wp-block-column\"><\/div>\n\n\n\n<div class=\"is-layout-flow wp-block-column\"><\/div>\n\n\n\n<div class=\"is-layout-flow wp-block-column\"><\/div>\n<\/div>\n\n\n\n<div style=\"height:30px\" aria-hidden=\"true\" class=\"wp-block-spacer\"><\/div>\n\n\n\n<h3>5. <span style=\"color:#c8140f\" class=\"has-inline-color\">Despliegue<\/span><\/h3>\n\n\n\n<p><span class=\"has-inline-color has-black-color\">Fabricaci\u00f3n, log\u00edstica e instalaci\u00f3n de mobiliario o equipos espec\u00edficos que se colocar\u00e1n en todas sus instalaciones en las <strong>fechas previstas.<\/strong>.<\/span> <span class=\"has-inline-color has-black-color\">Por ejemplo, hay que cambiar todos los interruptores el\u00e9ctricos de sus tiendas en una semana determinada. Nuestro equipo se encarga de encontrar a los <strong>mejores t\u00e9cnicos<\/strong> para llevar a cabo el trabajo, a tiempo. Hacemos un seguimiento de todo el trabajo en cada regi\u00f3n para garantizar que su despliegue sea exitoso y funcione sin problemas.<\/span><\/p>\n\n\n\n<div style=\"height:30px\" aria-hidden=\"true\" class=\"wp-block-spacer\"><\/div>\n\n\n\n<h3>6. <span style=\"color:#c8140f\" class=\"has-inline-color\">Cambio de imagen<\/span><\/h3>\n\n\n\n<p><span class=\"has-inline-color has-black-color\">Actualizar el <strong>concepto <\/strong>de sus tiendas existentes.<\/span> <span class=\"has-inline-color has-black-color\">Todas sus tiendas seguir\u00e1n la identidad de su marca, de su concepto hasta el \u00faltimo detalle. Despu\u00e9s de cada intervenci\u00f3n, nuestros equipos comprueban que el concepto se ha reproducido en todas sus tiendas en cuesti\u00f3n.<\/span><\/p>\n\n\n\n<figure class=\"wp-block-image size-large\"><img decoding=\"async\" width=\"1024\" height=\"443\" src=\"https:\/\/www.presta-service.fr\/\/wp-content\/uploads\/2021\/09\/WhatsApp-Image-2021-09-01-at-16.02.10-2-1024x443.jpeg\" alt=\"\" class=\"wp-image-1279\" srcset=\"https:\/\/www.presta-service.fr\/wp-content\/uploads\/2021\/09\/WhatsApp-Image-2021-09-01-at-16.02.10-2-1024x443.jpeg 1024w, https:\/\/www.presta-service.fr\/wp-content\/uploads\/2021\/09\/WhatsApp-Image-2021-09-01-at-16.02.10-2-300x130.jpeg 300w, https:\/\/www.presta-service.fr\/wp-content\/uploads\/2021\/09\/WhatsApp-Image-2021-09-01-at-16.02.10-2-768x332.jpeg 768w, https:\/\/www.presta-service.fr\/wp-content\/uploads\/2021\/09\/WhatsApp-Image-2021-09-01-at-16.02.10-2-24x10.jpeg 24w, https:\/\/www.presta-service.fr\/wp-content\/uploads\/2021\/09\/WhatsApp-Image-2021-09-01-at-16.02.10-2-36x16.jpeg 36w, https:\/\/www.presta-service.fr\/wp-content\/uploads\/2021\/09\/WhatsApp-Image-2021-09-01-at-16.02.10-2-48x21.jpeg 48w, https:\/\/www.presta-service.fr\/wp-content\/uploads\/2021\/09\/WhatsApp-Image-2021-09-01-at-16.02.10-2.jpeg 1230w\" sizes=\"(max-width: 1024px) 100vw, 1024px\" loading=\"lazy\" \/><figcaption><span class=\"has-inline-color has-black-color\">Antes y despu\u00e9s de la actualizaci\u00f3n del concepto de una tienda<\/span><\/figcaption><\/figure>\n\n\n\n<div style=\"height:30px\" aria-hidden=\"true\" class=\"wp-block-spacer\"><\/div>\n\n\n\n<h3 class=\"scrollspy\">7. <span style=\"color:#c8140f\" class=\"has-inline-color\">Ingenier\u00eda de mantenimiento<\/span><\/h3>\n\n\n\n<p><span class=\"has-inline-color has-black-color\">La ingenier\u00eda de mantenimiento se refiere al proceso de apoyo a un activo industrial durante todas las fases de su <strong>ciclo de vida,<\/strong>desde el dise\u00f1o hasta el desmantelamiento. Este proceso permite optimizar el funcionamiento del activo, as\u00ed como su coste (coste global del ciclo de vida).<\/span><\/p>\n\n\n\n<p><span class=\"has-inline-color has-black-color\">Presta-Service organiza y supervisa las actividades e intervenciones de mantenimiento de sus servicios, con el <strong>objetivo de hacer m\u00e1s fiables<\/strong> los medios de producci\u00f3n y las herramientas de acuerdo con las <strong>normas de seguridad,<\/strong>salud y medio ambiente y los requisitos de <strong>productividad <\/strong>y de <strong>calidad.<\/strong>.<\/span><\/p>","protected":false},"excerpt":{"rendered":"<p>Presta Service accompagne ses clients dans le maintien de leur(s) parc(s) immobilier(s). L\u2019externalisation de la maintenance permet \u00e0 nos clients de concentrer leurs ressources sur leur c\u0153ur de m\u00e9tier. Confier la r\u00e9alisation des travaux de maintenance (simples ou complexes) \u00e0 Presta Service permet \u00e0 nos clients d\u2019avoir une meilleure ma\u00eetrise des co\u00fbts et de la&hellip; <br \/> <a class=\"read-more\" href=\"https:\/\/www.presta-service.fr\/es\/notre-metier-maintenance\/\">Leer m\u00e1s<\/a><\/p>","protected":false},"author":1,"featured_media":0,"parent":0,"menu_order":0,"comment_status":"closed","ping_status":"closed","template":"","meta":[],"yoast_head":"<!-- This site is optimized with the Yoast SEO plugin v20.0 - https:\/\/yoast.com\/wordpress\/plugins\/seo\/ -->\n<title>Presta-Service - Notre m\u00e9tier d&#039;expert en maintenance<\/title>\n<meta name=\"description\" content=\"Notre m\u00e9tier consiste \u00e0 vous accompagner dans la maintenance de vos biens immobiliers, en garantissant qualit\u00e9 et ma\u00eetrise des co\u00fbts.\" \/>\n<meta name=\"robots\" content=\"index, follow, max-snippet:-1, max-image-preview:large, max-video-preview:-1\" \/>\n<link rel=\"canonical\" href=\"https:\/\/www.presta-service.fr\/es\/notre-metier-maintenance\/\" \/>\n<meta property=\"og:locale\" content=\"es_ES\" \/>\n<meta property=\"og:type\" content=\"article\" \/>\n<meta property=\"og:title\" content=\"Presta-Service - Notre m\u00e9tier d&#039;expert en maintenance\" \/>\n<meta property=\"og:description\" content=\"Notre m\u00e9tier consiste \u00e0 vous accompagner dans la maintenance de vos biens immobiliers, en garantissant qualit\u00e9 et ma\u00eetrise des co\u00fbts.\" \/>\n<meta property=\"og:url\" content=\"https:\/\/www.presta-service.fr\/es\/notre-metier-maintenance\/\" \/>\n<meta property=\"og:site_name\" content=\"Presta-Service\" \/>\n<meta property=\"article:modified_time\" content=\"2021-10-21T09:50:23+02:00\" \/>\n<meta property=\"og:image\" content=\"https:\/\/www.presta-service.fr\/wp-content\/uploads\/2021\/09\/WhatsApp-Image-2021-09-01-at-16.02.08-768x1024.jpeg\" \/>\n<meta name=\"twitter:card\" content=\"summary_large_image\" \/>\n<meta name=\"twitter:label1\" content=\"Tiempo de lectura\" \/>\n\t<meta name=\"twitter:data1\" content=\"5 minutos\" \/>\n<script type=\"application\/ld+json\" class=\"yoast-schema-graph\">{\"@context\":\"https:\/\/schema.org\",\"@graph\":[{\"@type\":\"WebPage\",\"@id\":\"https:\/\/www.presta-service.fr\/notre-metier-maintenance\/\",\"url\":\"https:\/\/www.presta-service.fr\/notre-metier-maintenance\/\",\"name\":\"Presta-Service - Notre m\u00e9tier d'expert en maintenance\",\"isPartOf\":{\"@id\":\"https:\/\/www.presta-service.fr\/#website\"},\"datePublished\":\"2021-07-06T13:47:52+02:00\",\"dateModified\":\"2021-10-21T09:50:23+02:00\",\"description\":\"Notre m\u00e9tier consiste \u00e0 vous accompagner dans la maintenance de vos biens immobiliers, en garantissant qualit\u00e9 et ma\u00eetrise des co\u00fbts.\",\"breadcrumb\":{\"@id\":\"https:\/\/www.presta-service.fr\/notre-metier-maintenance\/#breadcrumb\"},\"inLanguage\":\"es\",\"potentialAction\":[{\"@type\":\"ReadAction\",\"target\":[\"https:\/\/www.presta-service.fr\/notre-metier-maintenance\/\"]}]},{\"@type\":\"BreadcrumbList\",\"@id\":\"https:\/\/www.presta-service.fr\/notre-metier-maintenance\/#breadcrumb\",\"itemListElement\":[{\"@type\":\"ListItem\",\"position\":1,\"name\":\"Accueil\",\"item\":\"https:\/\/www.presta-service.fr\/\"},{\"@type\":\"ListItem\",\"position\":2,\"name\":\"Notre m\u00e9tier\"}]},{\"@type\":\"WebSite\",\"@id\":\"https:\/\/www.presta-service.fr\/#website\",\"url\":\"https:\/\/www.presta-service.fr\/\",\"name\":\"Presta-Service\",\"description\":\"\",\"publisher\":{\"@id\":\"https:\/\/www.presta-service.fr\/#organization\"},\"potentialAction\":[{\"@type\":\"SearchAction\",\"target\":{\"@type\":\"EntryPoint\",\"urlTemplate\":\"https:\/\/www.presta-service.fr\/?s={search_term_string}\"},\"query-input\":\"required name=search_term_string\"}],\"inLanguage\":\"es\"},{\"@type\":\"Organization\",\"@id\":\"https:\/\/www.presta-service.fr\/#organization\",\"name\":\"Presta-Service\",\"url\":\"https:\/\/www.presta-service.fr\/\",\"logo\":{\"@type\":\"ImageObject\",\"inLanguage\":\"es\",\"@id\":\"https:\/\/www.presta-service.fr\/#\/schema\/logo\/image\/\",\"url\":\"https:\/\/www.presta-service.fr\/wp-content\/uploads\/2021\/07\/cropped-Logo-prestaservice.png\",\"contentUrl\":\"https:\/\/www.presta-service.fr\/wp-content\/uploads\/2021\/07\/cropped-Logo-prestaservice.png\",\"width\":204,\"height\":80,\"caption\":\"Presta-Service\"},\"image\":{\"@id\":\"https:\/\/www.presta-service.fr\/#\/schema\/logo\/image\/\"}}]}<\/script>\n<!-- \/ Yoast SEO plugin. -->","yoast_head_json":{"title":"Presta-Service - Notre m\u00e9tier d'expert en maintenance","description":"Notre m\u00e9tier consiste \u00e0 vous accompagner dans la maintenance de vos biens immobiliers, en garantissant qualit\u00e9 et ma\u00eetrise des co\u00fbts.","robots":{"index":"index","follow":"follow","max-snippet":"max-snippet:-1","max-image-preview":"max-image-preview:large","max-video-preview":"max-video-preview:-1"},"canonical":"https:\/\/www.presta-service.fr\/es\/notre-metier-maintenance\/","og_locale":"es_ES","og_type":"article","og_title":"Presta-Service - Notre m\u00e9tier d'expert en maintenance","og_description":"Notre m\u00e9tier consiste \u00e0 vous accompagner dans la maintenance de vos biens immobiliers, en garantissant qualit\u00e9 et ma\u00eetrise des co\u00fbts.","og_url":"https:\/\/www.presta-service.fr\/es\/notre-metier-maintenance\/","og_site_name":"Presta-Service","article_modified_time":"2021-10-21T09:50:23+02:00","og_image":[{"url":"https:\/\/www.presta-service.fr\/wp-content\/uploads\/2021\/09\/WhatsApp-Image-2021-09-01-at-16.02.08-768x1024.jpeg"}],"twitter_card":"summary_large_image","twitter_misc":{"Tiempo de lectura":"5 minutos"},"schema":{"@context":"https:\/\/schema.org","@graph":[{"@type":"WebPage","@id":"https:\/\/www.presta-service.fr\/notre-metier-maintenance\/","url":"https:\/\/www.presta-service.fr\/notre-metier-maintenance\/","name":"Presta-Service - Notre m\u00e9tier d'expert en maintenance","isPartOf":{"@id":"https:\/\/www.presta-service.fr\/#website"},"datePublished":"2021-07-06T13:47:52+02:00","dateModified":"2021-10-21T09:50:23+02:00","description":"Notre m\u00e9tier consiste \u00e0 vous accompagner dans la maintenance de vos biens immobiliers, en garantissant qualit\u00e9 et ma\u00eetrise des co\u00fbts.","breadcrumb":{"@id":"https:\/\/www.presta-service.fr\/notre-metier-maintenance\/#breadcrumb"},"inLanguage":"es","potentialAction":[{"@type":"ReadAction","target":["https:\/\/www.presta-service.fr\/notre-metier-maintenance\/"]}]},{"@type":"BreadcrumbList","@id":"https:\/\/www.presta-service.fr\/notre-metier-maintenance\/#breadcrumb","itemListElement":[{"@type":"ListItem","position":1,"name":"Accueil","item":"https:\/\/www.presta-service.fr\/"},{"@type":"ListItem","position":2,"name":"Notre m\u00e9tier"}]},{"@type":"WebSite","@id":"https:\/\/www.presta-service.fr\/#website","url":"https:\/\/www.presta-service.fr\/","name":"Presta-Service","description":"","publisher":{"@id":"https:\/\/www.presta-service.fr\/#organization"},"potentialAction":[{"@type":"SearchAction","target":{"@type":"EntryPoint","urlTemplate":"https:\/\/www.presta-service.fr\/?s={search_term_string}"},"query-input":"required name=search_term_string"}],"inLanguage":"es"},{"@type":"Organization","@id":"https:\/\/www.presta-service.fr\/#organization","name":"Presta-Service","url":"https:\/\/www.presta-service.fr\/","logo":{"@type":"ImageObject","inLanguage":"es","@id":"https:\/\/www.presta-service.fr\/#\/schema\/logo\/image\/","url":"https:\/\/www.presta-service.fr\/wp-content\/uploads\/2021\/07\/cropped-Logo-prestaservice.png","contentUrl":"https:\/\/www.presta-service.fr\/wp-content\/uploads\/2021\/07\/cropped-Logo-prestaservice.png","width":204,"height":80,"caption":"Presta-Service"},"image":{"@id":"https:\/\/www.presta-service.fr\/#\/schema\/logo\/image\/"}}]}},"_links":{"self":[{"href":"https:\/\/www.presta-service.fr\/es\/wp-json\/wp\/v2\/pages\/6"}],"collection":[{"href":"https:\/\/www.presta-service.fr\/es\/wp-json\/wp\/v2\/pages"}],"about":[{"href":"https:\/\/www.presta-service.fr\/es\/wp-json\/wp\/v2\/types\/page"}],"author":[{"embeddable":true,"href":"https:\/\/www.presta-service.fr\/es\/wp-json\/wp\/v2\/users\/1"}],"replies":[{"embeddable":true,"href":"https:\/\/www.presta-service.fr\/es\/wp-json\/wp\/v2\/comments?post=6"}],"version-history":[{"count":5,"href":"https:\/\/www.presta-service.fr\/es\/wp-json\/wp\/v2\/pages\/6\/revisions"}],"predecessor-version":[{"id":1687,"href":"https:\/\/www.presta-service.fr\/es\/wp-json\/wp\/v2\/pages\/6\/revisions\/1687"}],"wp:attachment":[{"href":"https:\/\/www.presta-service.fr\/es\/wp-json\/wp\/v2\/media?parent=6"}],"curies":[{"name":"wp","href":"https:\/\/api.w.org\/{rel}","templated":true}]}}